{"id":11937,"date":"2024-06-11T19:40:04","date_gmt":"2024-06-11T17:40:04","guid":{"rendered":"https:\/\/www.cesantmarti.com\/Internacional\/?page_id=11937"},"modified":"2024-06-11T19:40:04","modified_gmt":"2024-06-11T17:40:04","slug":"xxiii-obert-internacional-sant-marti-2023","status":"publish","type":"page","link":"https:\/\/www.cesantmarti.com\/Internacional\/ca\/xxiii-obert-internacional-sant-marti-2023\/","title":{"rendered":"XXIII Obert Internacional Sant Mart\u00ed 2023"},"content":{"rendered":"\n<figure class=\"wp-block-image aligncenter size-large\"><img loading=\"lazy\" decoding=\"async\" width=\"723\" height=\"1024\" src=\"https:\/\/www.cesantmarti.com\/Internacional\/wp-content\/uploads\/2023\/03\/Cartel-XXIII-Obert-Internacional-Sant-Marti-2023_Posters-y-dipticos_web-723x1024.jpg\" alt=\"\" class=\"wp-image-12\" srcset=\"https:\/\/www.cesantmarti.com\/Internacional\/wp-content\/uploads\/2023\/03\/Cartel-XXIII-Obert-Internacional-Sant-Marti-2023_Posters-y-dipticos_web-723x1024.jpg 723w, https:\/\/www.cesantmarti.com\/Internacional\/wp-content\/uploads\/2023\/03\/Cartel-XXIII-Obert-Internacional-Sant-Marti-2023_Posters-y-dipticos_web-212x300.jpg 212w, https:\/\/www.cesantmarti.com\/Internacional\/wp-content\/uploads\/2023\/03\/Cartel-XXIII-Obert-Internacional-Sant-Marti-2023_Posters-y-dipticos_web-768x1088.jpg 768w, https:\/\/www.cesantmarti.com\/Internacional\/wp-content\/uploads\/2023\/03\/Cartel-XXIII-Obert-Internacional-Sant-Marti-2023_Posters-y-dipticos_web.jpg 793w\" sizes=\"auto, (max-width: 723px) 100vw, 723px\" \/><\/figure>\n\n\n<div class=\"pt-cv-wrapper\"><div class=\"pt-cv-view pt-cv-grid pt-cv-colsys\" id=\"pt-cv-view-98822a1vdf\"><div data-id=\"pt-cv-page-1\" class=\"pt-cv-page\" data-cvc=\"1\"><div class=\"col-md-12 col-sm-12 col-xs-12 pt-cv-content-item pt-cv-1-col\" ><div class='pt-cv-ifield'><a href=\"https:\/\/www.cesantmarti.com\/Internacional\/ca\/ronda-9-2\/\" class=\"_self pt-cv-href-thumbnail pt-cv-thumb-default\" target=\"_self\" ><\/a>\n<h4 class=\"pt-cv-title\"><a href=\"https:\/\/www.cesantmarti.com\/Internacional\/ca\/ronda-9-2\/\" class=\"_self\" target=\"_self\" >Ronda 9<\/a><\/h4>\n<div class=\"pt-cv-content\">RESULTATS RONDA 9 GRUP A RESULTATS RONDA 9 GRUP B CLASSIFICACI\u00d3 GRUP A CLASSIFICACI\u00d3 GRUP B PARTIDES RONDA 9 GRUP ...<br \/><div class=\"pt-cv-rmwrap\"><a href=\"https:\/\/www.cesantmarti.com\/Internacional\/ca\/ronda-9-2\/\" class=\"_self pt-cv-readmore btn btn-success\" target=\"_self\">Leer M\u00e1s<\/a><\/div><\/div>\n<div class=\"pt-cv-meta-fields\"><span class=\"entry-date\"> <time datetime=\"2023-07-20T21:09:33+02:00\">20\/07\/2023<\/time><\/span><\/div><\/div><\/div>\n<div class=\"col-md-12 col-sm-12 col-xs-12 pt-cv-content-item pt-cv-1-col\" ><div class='pt-cv-ifield'><a href=\"https:\/\/www.cesantmarti.com\/Internacional\/ca\/ronda-8-2\/\" class=\"_self pt-cv-href-thumbnail pt-cv-thumb-default\" target=\"_self\" ><\/a>\n<h4 class=\"pt-cv-title\"><a href=\"https:\/\/www.cesantmarti.com\/Internacional\/ca\/ronda-8-2\/\" class=\"_self\" target=\"_self\" >Ronda 8<\/a><\/h4>\n<div class=\"pt-cv-content\">APARELLAMENT RONDA 8 GRUP A APARELLAMENT RONDA 8 GRUP B PARTIDES RONDA 8 GRUP A PARTIDES RONDA 8 GRUP B ...<br \/><div class=\"pt-cv-rmwrap\"><a href=\"https:\/\/www.cesantmarti.com\/Internacional\/ca\/ronda-8-2\/\" class=\"_self pt-cv-readmore btn btn-success\" target=\"_self\">Leer M\u00e1s<\/a><\/div><\/div>\n<div class=\"pt-cv-meta-fields\"><span class=\"entry-date\"> <time datetime=\"2023-07-19T21:09:04+02:00\">19\/07\/2023<\/time><\/span><\/div><\/div><\/div>\n<div class=\"col-md-12 col-sm-12 col-xs-12 pt-cv-content-item pt-cv-1-col\" ><div class='pt-cv-ifield'><a href=\"https:\/\/www.cesantmarti.com\/Internacional\/ca\/ronda-6-3\/\" class=\"_self pt-cv-href-thumbnail pt-cv-thumb-default\" target=\"_self\" ><\/a>\n<h4 class=\"pt-cv-title\"><a href=\"https:\/\/www.cesantmarti.com\/Internacional\/ca\/ronda-6-3\/\" class=\"_self\" target=\"_self\" >Ronda 7<\/a><\/h4>\n<div class=\"pt-cv-content\">RESULTATS RONDA 7 GRUP A RESULTATS RONDA 7 GRUP B PARTIDES RONDA 7 GRUP A PARTIDES RONDA 7 GRUP B ...<br \/><div class=\"pt-cv-rmwrap\"><a href=\"https:\/\/www.cesantmarti.com\/Internacional\/ca\/ronda-6-3\/\" class=\"_self pt-cv-readmore btn btn-success\" target=\"_self\">Leer M\u00e1s<\/a><\/div><\/div>\n<div class=\"pt-cv-meta-fields\"><span class=\"entry-date\"> <time datetime=\"2023-07-18T21:10:06+02:00\">18\/07\/2023<\/time><\/span><\/div><\/div><\/div>\n<div class=\"col-md-12 col-sm-12 col-xs-12 pt-cv-content-item pt-cv-1-col\" ><div class='pt-cv-ifield'><a href=\"https:\/\/www.cesantmarti.com\/Internacional\/ca\/ronda-6-2\/\" class=\"_self pt-cv-href-thumbnail pt-cv-thumb-default\" target=\"_self\" ><\/a>\n<h4 class=\"pt-cv-title\"><a href=\"https:\/\/www.cesantmarti.com\/Internacional\/ca\/ronda-6-2\/\" class=\"_self\" target=\"_self\" >Ronda 6<\/a><\/h4>\n<div class=\"pt-cv-content\">RESULTATS RONDA 6 GRUP A RESULTATS RONDA 6 GRUP B PARTIDES RONDA 6 GRUP A PARTIDES RONDA 6 GRUP B ...<br \/><div class=\"pt-cv-rmwrap\"><a href=\"https:\/\/www.cesantmarti.com\/Internacional\/ca\/ronda-6-2\/\" class=\"_self pt-cv-readmore btn btn-success\" target=\"_self\">Leer M\u00e1s<\/a><\/div><\/div>\n<div class=\"pt-cv-meta-fields\"><span class=\"entry-date\"> <time datetime=\"2023-07-17T21:10:02+02:00\">17\/07\/2023<\/time><\/span><\/div><\/div><\/div>\n<div class=\"col-md-12 col-sm-12 col-xs-12 pt-cv-content-item pt-cv-1-col\" ><div class='pt-cv-ifield'><a href=\"https:\/\/www.cesantmarti.com\/Internacional\/ca\/ronda-5-2\/\" class=\"_self pt-cv-href-thumbnail pt-cv-thumb-default\" target=\"_self\" ><\/a>\n<h4 class=\"pt-cv-title\"><a href=\"https:\/\/www.cesantmarti.com\/Internacional\/ca\/ronda-5-2\/\" class=\"_self\" target=\"_self\" >Ronda 5<\/a><\/h4>\n<div class=\"pt-cv-content\">RESULTATS RONDA 5 GRUP A RESULTATS RONDA 5 GRUP B PARTIDES RONDA 5 GRUP A PARTIDES RONDA 5 GRUP B ...<br \/><div class=\"pt-cv-rmwrap\"><a href=\"https:\/\/www.cesantmarti.com\/Internacional\/ca\/ronda-5-2\/\" class=\"_self pt-cv-readmore btn btn-success\" target=\"_self\">Leer M\u00e1s<\/a><\/div><\/div>\n<div class=\"pt-cv-meta-fields\"><span class=\"entry-date\"> <time datetime=\"2023-07-16T21:20:06+02:00\">16\/07\/2023<\/time><\/span><\/div><\/div><\/div>\n<div class=\"col-md-12 col-sm-12 col-xs-12 pt-cv-content-item pt-cv-1-col\" ><div class='pt-cv-ifield'><a href=\"https:\/\/www.cesantmarti.com\/Internacional\/ca\/ronda-4-2\/\" class=\"_self pt-cv-href-thumbnail pt-cv-thumb-default\" target=\"_self\" ><\/a>\n<h4 class=\"pt-cv-title\"><a href=\"https:\/\/www.cesantmarti.com\/Internacional\/ca\/ronda-4-2\/\" class=\"_self\" target=\"_self\" >Ronda 4<\/a><\/h4>\n<div class=\"pt-cv-content\">RESULTATS RONDA 4 GRUP A RESULTATS RONDA 4 GRUP B PARTIDES RONDA 4 GRUP A PARTIDES RONDA 4 GRUP B ...<br \/><div class=\"pt-cv-rmwrap\"><a href=\"https:\/\/www.cesantmarti.com\/Internacional\/ca\/ronda-4-2\/\" class=\"_self pt-cv-readmore btn btn-success\" target=\"_self\">Leer M\u00e1s<\/a><\/div><\/div>\n<div class=\"pt-cv-meta-fields\"><span class=\"entry-date\"> <time datetime=\"2023-07-15T21:25:58+02:00\">15\/07\/2023<\/time><\/span><\/div><\/div><\/div>\n<div class=\"col-md-12 col-sm-12 col-xs-12 pt-cv-content-item pt-cv-1-col\" ><div class='pt-cv-ifield'><a href=\"https:\/\/www.cesantmarti.com\/Internacional\/ca\/xxiii-obert-blitz-sant-marti-2023-2\/\" class=\"_self pt-cv-href-thumbnail pt-cv-thumb-default\" target=\"_self\" ><\/a>\n<h4 class=\"pt-cv-title\"><a href=\"https:\/\/www.cesantmarti.com\/Internacional\/ca\/xxiii-obert-blitz-sant-marti-2023-2\/\" class=\"_self\" target=\"_self\" >XXIII Obert Blitz Sant Mart\u00ed 2023<\/a><\/h4>\n<div class=\"pt-cv-content\">Es va disputar avui dissabte la 23 edici\u00f3 d'aquest cl\u00e0ssic que acompanya al nostre Internacional amb la participaci\u00f3 de 104 ...<br \/><div class=\"pt-cv-rmwrap\"><a href=\"https:\/\/www.cesantmarti.com\/Internacional\/ca\/xxiii-obert-blitz-sant-marti-2023-2\/\" class=\"_self pt-cv-readmore btn btn-success\" target=\"_self\">Leer M\u00e1s<\/a><\/div><\/div>\n<div class=\"pt-cv-meta-fields\"><span class=\"entry-date\"> <time datetime=\"2023-07-15T17:56:53+02:00\">15\/07\/2023<\/time><\/span><\/div><\/div><\/div>\n<div class=\"col-md-12 col-sm-12 col-xs-12 pt-cv-content-item pt-cv-1-col\" ><div class='pt-cv-ifield'><a href=\"https:\/\/www.cesantmarti.com\/Internacional\/ca\/ronda-3-2\/\" class=\"_self pt-cv-href-thumbnail pt-cv-thumb-default\" target=\"_self\" ><\/a>\n<h4 class=\"pt-cv-title\"><a href=\"https:\/\/www.cesantmarti.com\/Internacional\/ca\/ronda-3-2\/\" class=\"_self\" target=\"_self\" >Ronda 3<\/a><\/h4>\n<div class=\"pt-cv-content\">RESULTATS RONDA 3 GRUP A RESULTATS RONDA 3 GRUP B PARTIDES RONDA 3 GRUP A PARTIDES RONDA 3 GRUP B ...<br \/><div class=\"pt-cv-rmwrap\"><a href=\"https:\/\/www.cesantmarti.com\/Internacional\/ca\/ronda-3-2\/\" class=\"_self pt-cv-readmore btn btn-success\" target=\"_self\">Leer M\u00e1s<\/a><\/div><\/div>\n<div class=\"pt-cv-meta-fields\"><span class=\"entry-date\"> <time datetime=\"2023-07-14T21:45:51+02:00\">14\/07\/2023<\/time><\/span><\/div><\/div><\/div>\n<div class=\"col-md-12 col-sm-12 col-xs-12 pt-cv-content-item pt-cv-1-col\" ><div class='pt-cv-ifield'><a href=\"https:\/\/www.cesantmarti.com\/Internacional\/ca\/r2-2023-cat\/\" class=\"_self pt-cv-href-thumbnail pt-cv-thumb-default\" target=\"_self\" ><\/a>\n<h4 class=\"pt-cv-title\"><a href=\"https:\/\/www.cesantmarti.com\/Internacional\/ca\/r2-2023-cat\/\" class=\"_self\" target=\"_self\" >Ronda 2<\/a><\/h4>\n<div class=\"pt-cv-content\">RESULTATS RONDA 2 GRUP A RESULTATS RONDA 2 GRUP B PARTIDES RONDA 2 GRUP A PARTIDES RONDA 2 GRUP B ...<br \/><div class=\"pt-cv-rmwrap\"><a href=\"https:\/\/www.cesantmarti.com\/Internacional\/ca\/r2-2023-cat\/\" class=\"_self pt-cv-readmore btn btn-success\" target=\"_self\">Leer M\u00e1s<\/a><\/div><\/div>\n<div class=\"pt-cv-meta-fields\"><span class=\"entry-date\"> <time datetime=\"2023-07-14T12:14:23+02:00\">14\/07\/2023<\/time><\/span><\/div><\/div><\/div>\n<div class=\"col-md-12 col-sm-12 col-xs-12 pt-cv-content-item pt-cv-1-col\" ><div class='pt-cv-ifield'><a href=\"https:\/\/www.cesantmarti.com\/Internacional\/ca\/r1-2023-cat\/\" class=\"_self pt-cv-href-thumbnail pt-cv-thumb-default\" target=\"_self\" ><\/a>\n<h4 class=\"pt-cv-title\"><a href=\"https:\/\/www.cesantmarti.com\/Internacional\/ca\/r1-2023-cat\/\" class=\"_self\" target=\"_self\" >Ronda 1<\/a><\/h4>\n<div class=\"pt-cv-content\">Va comen\u00e7ar el torneig amb un total de 260 jugadors entre tots dos grups, 79 jugadors en el grup A ...<br \/><div class=\"pt-cv-rmwrap\"><a href=\"https:\/\/www.cesantmarti.com\/Internacional\/ca\/r1-2023-cat\/\" class=\"_self pt-cv-readmore btn btn-success\" target=\"_self\">Leer M\u00e1s<\/a><\/div><\/div>\n<div class=\"pt-cv-meta-fields\"><span class=\"entry-date\"> <time datetime=\"2023-07-13T12:15:34+02:00\">13\/07\/2023<\/time><\/span><\/div><\/div><\/div>\n<div class=\"col-md-12 col-sm-12 col-xs-12 pt-cv-content-item pt-cv-1-col\" ><div class='pt-cv-ifield'><a href=\"https:\/\/www.cesantmarti.com\/Internacional\/ca\/xxiii-obert-internacional-sant-marti-2023-2\/\" class=\"_self pt-cv-href-thumbnail pt-cv-thumb-default\" target=\"_self\" ><\/a>\n<h4 class=\"pt-cv-title\"><a href=\"https:\/\/www.cesantmarti.com\/Internacional\/ca\/xxiii-obert-internacional-sant-marti-2023-2\/\" class=\"_self\" target=\"_self\" >XXIII OBERT INTERNACIONAL SANT MART\u00cd 2023<\/a><\/h4>\n<div class=\"pt-cv-content\">Ja est\u00e0 tot preparat per a iniciar el torneig ...<br \/><div class=\"pt-cv-rmwrap\"><a href=\"https:\/\/www.cesantmarti.com\/Internacional\/ca\/xxiii-obert-internacional-sant-marti-2023-2\/\" class=\"_self pt-cv-readmore btn btn-success\" target=\"_self\">Leer M\u00e1s<\/a><\/div><\/div>\n<div class=\"pt-cv-meta-fields\"><span class=\"entry-date\"> <time datetime=\"2023-07-13T01:14:00+02:00\">13\/07\/2023<\/time><\/span><\/div><\/div><\/div><\/div><\/div><\/div>\n","protected":false},"excerpt":{"rendered":"","protected":false},"author":2,"featured_media":0,"parent":0,"menu_order":0,"comment_status":"closed","ping_status":"closed","template":"","meta":{"_eb_attr":"","_uag_custom_page_level_css":"","site-sidebar-layout":"default","site-content-layout":"","ast-site-content-layout":"default","site-content-style":"default","site-sidebar-style":"default","ast-global-header-display":"","ast-banner-title-visibility":"","ast-main-header-display":"","ast-hfb-above-header-display":"","ast-hfb-below-header-display":"","ast-hfb-mobile-header-display":"","site-post-title":"","ast-breadcrumbs-content":"","ast-featured-img":"","footer-sml-layout":"","ast-disable-related-posts":"","theme-transparent-header-meta":"","adv-header-id-meta":"","stick-header-meta":"","header-above-stick-meta":"","header-main-stick-meta":"","header-below-stick-meta":"","astra-migrate-meta-layouts":"set","ast-page-background-enabled":"default","ast-page-background-meta":{"desktop":{"background-color":"var(--ast-global-color-4)","background-image":"","background-repeat":"repeat","background-position":"center center","background-size":"auto","background-attachment":"scroll","background-type":"","background-media":"","overlay-type":"","overlay-color":"","overlay-opacity":"","overlay-gradient":""},"tablet":{"background-color":"","background-image":"","background-repeat":"repeat","background-position":"center center","background-size":"auto","background-attachment":"scroll","background-type":"","background-media":"","overlay-type":"","overlay-color":"","overlay-opacity":"","overlay-gradient":""},"mobile":{"background-color":"","background-image":"","background-repeat":"repeat","background-position":"center center","background-size":"auto","background-attachment":"scroll","background-type":"","background-media":"","overlay-type":"","overlay-color":"","overlay-opacity":"","overlay-gradient":""}},"ast-content-background-meta":{"desktop":{"background-color":"var(--ast-global-color-5)","background-image":"","background-repeat":"repeat","background-position":"center center","background-size":"auto","background-attachment":"scroll","background-type":"","background-media":"","overlay-type":"","overlay-color":"","overlay-opacity":"","overlay-gradient":""},"tablet":{"background-color":"var(--ast-global-color-5)","background-image":"","background-repeat":"repeat","background-position":"center center","background-size":"auto","background-attachment":"scroll","background-type":"","background-media":"","overlay-type":"","overlay-color":"","overlay-opacity":"","overlay-gradient":""},"mobile":{"background-color":"var(--ast-global-color-5)","background-image":"","background-repeat":"repeat","background-position":"center center","background-size":"auto","background-attachment":"scroll","background-type":"","background-media":"","overlay-type":"","overlay-color":"","overlay-opacity":"","overlay-gradient":""}},"iawp_total_views":24,"footnotes":""},"class_list":["post-11937","page","type-page","status-publish","hentry"],"uagb_featured_image_src":{"full":false,"thumbnail":false,"medium":false,"medium_large":false,"large":false,"1536x1536":false,"2048x2048":false},"uagb_author_info":{"display_name":"Pablo Castillo","author_link":"https:\/\/www.cesantmarti.com\/Internacional\/author\/pablo\/"},"uagb_comment_info":0,"uagb_excerpt":null,"_links":{"self":[{"href":"https:\/\/www.cesantmarti.com\/Internacional\/wp-json\/wp\/v2\/pages\/11937","targetHints":{"allow":["GET"]}}],"collection":[{"href":"https:\/\/www.cesantmarti.com\/Internacional\/wp-json\/wp\/v2\/pages"}],"about":[{"href":"https:\/\/www.cesantmarti.com\/Internacional\/wp-json\/wp\/v2\/types\/page"}],"author":[{"embeddable":true,"href":"https:\/\/www.cesantmarti.com\/Internacional\/wp-json\/wp\/v2\/users\/2"}],"replies":[{"embeddable":true,"href":"https:\/\/www.cesantmarti.com\/Internacional\/wp-json\/wp\/v2\/comments?post=11937"}],"version-history":[{"count":1,"href":"https:\/\/www.cesantmarti.com\/Internacional\/wp-json\/wp\/v2\/pages\/11937\/revisions"}],"predecessor-version":[{"id":11938,"href":"https:\/\/www.cesantmarti.com\/Internacional\/wp-json\/wp\/v2\/pages\/11937\/revisions\/11938"}],"wp:attachment":[{"href":"https:\/\/www.cesantmarti.com\/Internacional\/wp-json\/wp\/v2\/media?parent=11937"}],"curies":[{"name":"wp","href":"https:\/\/api.w.org\/{rel}","templated":true}]}}