{"id":11944,"date":"2024-06-12T07:10:00","date_gmt":"2024-06-12T05:10:00","guid":{"rendered":"https:\/\/www.cesantmarti.com\/Internacional\/?page_id=11944"},"modified":"2024-06-12T07:56:38","modified_gmt":"2024-06-12T05:56:38","slug":"xxiiieme-ouvert-international-sant-marti-2023","status":"publish","type":"page","link":"https:\/\/www.cesantmarti.com\/Internacional\/fr\/xxiiieme-ouvert-international-sant-marti-2023\/","title":{"rendered":"XXIII\u00e8me Ouvert International Sant Mart\u00ed 2023"},"content":{"rendered":"\n<figure class=\"wp-block-image aligncenter size-large\"><img loading=\"lazy\" decoding=\"async\" width=\"723\" height=\"1024\" src=\"https:\/\/www.cesantmarti.com\/Internacional\/wp-content\/uploads\/2023\/03\/Cartel-XXIII-Obert-Internacional-Sant-Marti-2023_Posters-y-dipticos_web-723x1024.jpg\" alt=\"\" class=\"wp-image-12\" srcset=\"https:\/\/www.cesantmarti.com\/Internacional\/wp-content\/uploads\/2023\/03\/Cartel-XXIII-Obert-Internacional-Sant-Marti-2023_Posters-y-dipticos_web-723x1024.jpg 723w, https:\/\/www.cesantmarti.com\/Internacional\/wp-content\/uploads\/2023\/03\/Cartel-XXIII-Obert-Internacional-Sant-Marti-2023_Posters-y-dipticos_web-212x300.jpg 212w, https:\/\/www.cesantmarti.com\/Internacional\/wp-content\/uploads\/2023\/03\/Cartel-XXIII-Obert-Internacional-Sant-Marti-2023_Posters-y-dipticos_web-768x1088.jpg 768w, https:\/\/www.cesantmarti.com\/Internacional\/wp-content\/uploads\/2023\/03\/Cartel-XXIII-Obert-Internacional-Sant-Marti-2023_Posters-y-dipticos_web.jpg 793w\" sizes=\"auto, (max-width: 723px) 100vw, 723px\" \/><\/figure>\n\n\n<div class=\"pt-cv-wrapper\"><div class=\"pt-cv-view pt-cv-grid pt-cv-colsys\" id=\"pt-cv-view-550977eweh\"><div data-id=\"pt-cv-page-1\" class=\"pt-cv-page\" data-cvc=\"1\"><div class=\"col-md-12 col-sm-12 col-xs-12 pt-cv-content-item pt-cv-1-col\" ><div class='pt-cv-ifield'><a href=\"https:\/\/www.cesantmarti.com\/Internacional\/fr\/ronde-9\/\" class=\"_self pt-cv-href-thumbnail pt-cv-thumb-default\" target=\"_self\" ><\/a>\n<h4 class=\"pt-cv-title\"><a href=\"https:\/\/www.cesantmarti.com\/Internacional\/fr\/ronde-9\/\" class=\"_self\" target=\"_self\" >Ronde 9<\/a><\/h4>\n<div class=\"pt-cv-content\">R\u00c9SULTATS RONDE 9 GROUPE A R\u00c9SULTATS RONDE 9 GROUPE B CLASSIIFICATION GROUPE A CLASSIFICATION GROUPE B PARTIE RONDE 9 GROUPE ...<br \/><div class=\"pt-cv-rmwrap\"><a href=\"https:\/\/www.cesantmarti.com\/Internacional\/fr\/ronde-9\/\" class=\"_self pt-cv-readmore btn btn-success\" target=\"_self\">Leer M\u00e1s<\/a><\/div><\/div><\/div><\/div>\n<div class=\"col-md-12 col-sm-12 col-xs-12 pt-cv-content-item pt-cv-1-col\" ><div class='pt-cv-ifield'><a href=\"https:\/\/www.cesantmarti.com\/Internacional\/fr\/ronde-8\/\" class=\"_self pt-cv-href-thumbnail pt-cv-thumb-default\" target=\"_self\" ><\/a>\n<h4 class=\"pt-cv-title\"><a href=\"https:\/\/www.cesantmarti.com\/Internacional\/fr\/ronde-8\/\" class=\"_self\" target=\"_self\" >Ronde 8<\/a><\/h4>\n<div class=\"pt-cv-content\">R\u00c9SULTATS RONDE GROUPE A R\u00c9SULTATS RONDE GROUPE B PARTIE RONDE 8 GROUPE A PARTIE RONDE 8 GROUPE B LES PHOTOS ...<br \/><div class=\"pt-cv-rmwrap\"><a href=\"https:\/\/www.cesantmarti.com\/Internacional\/fr\/ronde-8\/\" class=\"_self pt-cv-readmore btn btn-success\" target=\"_self\">Leer M\u00e1s<\/a><\/div><\/div><\/div><\/div>\n<div class=\"col-md-12 col-sm-12 col-xs-12 pt-cv-content-item pt-cv-1-col\" ><div class='pt-cv-ifield'><a href=\"https:\/\/www.cesantmarti.com\/Internacional\/fr\/ronde-7\/\" class=\"_self pt-cv-href-thumbnail pt-cv-thumb-default\" target=\"_self\" ><\/a>\n<h4 class=\"pt-cv-title\"><a href=\"https:\/\/www.cesantmarti.com\/Internacional\/fr\/ronde-7\/\" class=\"_self\" target=\"_self\" >Ronde 7<\/a><\/h4>\n<div class=\"pt-cv-content\">R\u00c9SULTATS RONDE 7 GROUPE A R\u00c9SULTATS RONDE 7 GROUPE B PARTIE RONDE 7 GROUPE A PARTIE RONDE 7 GROUPE B ...<br \/><div class=\"pt-cv-rmwrap\"><a href=\"https:\/\/www.cesantmarti.com\/Internacional\/fr\/ronde-7\/\" class=\"_self pt-cv-readmore btn btn-success\" target=\"_self\">Leer M\u00e1s<\/a><\/div><\/div><\/div><\/div>\n<div class=\"col-md-12 col-sm-12 col-xs-12 pt-cv-content-item pt-cv-1-col\" ><div class='pt-cv-ifield'><a href=\"https:\/\/www.cesantmarti.com\/Internacional\/fr\/ronde-6\/\" class=\"_self pt-cv-href-thumbnail pt-cv-thumb-default\" target=\"_self\" ><\/a>\n<h4 class=\"pt-cv-title\"><a href=\"https:\/\/www.cesantmarti.com\/Internacional\/fr\/ronde-6\/\" class=\"_self\" target=\"_self\" >Ronde 6<\/a><\/h4>\n<div class=\"pt-cv-content\">R\u00c9SULTATS RONDE 6 GROUPE A R\u00c9SULTATS RONDE GROUPE B PARTIE RONDE GROUPE A PARTIE RONDE GROUPE B LES PHOTOS de ...<br \/><div class=\"pt-cv-rmwrap\"><a href=\"https:\/\/www.cesantmarti.com\/Internacional\/fr\/ronde-6\/\" class=\"_self pt-cv-readmore btn btn-success\" target=\"_self\">Leer M\u00e1s<\/a><\/div><\/div><\/div><\/div>\n<div class=\"col-md-12 col-sm-12 col-xs-12 pt-cv-content-item pt-cv-1-col\" ><div class='pt-cv-ifield'><a href=\"https:\/\/www.cesantmarti.com\/Internacional\/fr\/ronde-5\/\" class=\"_self pt-cv-href-thumbnail pt-cv-thumb-default\" target=\"_self\" ><\/a>\n<h4 class=\"pt-cv-title\"><a href=\"https:\/\/www.cesantmarti.com\/Internacional\/fr\/ronde-5\/\" class=\"_self\" target=\"_self\" >Ronde 5<\/a><\/h4>\n<div class=\"pt-cv-content\">R\u00c9SULTATS RONDE 5 GROUPE A R\u00c9SULTATS RONDE 5 GROUPE B PARTIE RONDE 5 GROUPE A PARTIE RONDE 5 GROUPE B ...<br \/><div class=\"pt-cv-rmwrap\"><a href=\"https:\/\/www.cesantmarti.com\/Internacional\/fr\/ronde-5\/\" class=\"_self pt-cv-readmore btn btn-success\" target=\"_self\">Leer M\u00e1s<\/a><\/div><\/div><\/div><\/div>\n<div class=\"col-md-12 col-sm-12 col-xs-12 pt-cv-content-item pt-cv-1-col\" ><div class='pt-cv-ifield'><a href=\"https:\/\/www.cesantmarti.com\/Internacional\/fr\/ronde-4\/\" class=\"_self pt-cv-href-thumbnail pt-cv-thumb-default\" target=\"_self\" ><\/a>\n<h4 class=\"pt-cv-title\"><a href=\"https:\/\/www.cesantmarti.com\/Internacional\/fr\/ronde-4\/\" class=\"_self\" target=\"_self\" >Ronde 4<\/a><\/h4>\n<div class=\"pt-cv-content\">R\u00c9SULTATS RONDE 4 GROUPE A R\u00c9SULTATS RONDE 4 GROUPE B PARTIE RONDE 4 GROUPE A PARTIE RONDE 4 GROUPE B ...<br \/><div class=\"pt-cv-rmwrap\"><a href=\"https:\/\/www.cesantmarti.com\/Internacional\/fr\/ronde-4\/\" class=\"_self pt-cv-readmore btn btn-success\" target=\"_self\">Leer M\u00e1s<\/a><\/div><\/div><\/div><\/div>\n<div class=\"col-md-12 col-sm-12 col-xs-12 pt-cv-content-item pt-cv-1-col\" ><div class='pt-cv-ifield'><a href=\"https:\/\/www.cesantmarti.com\/Internacional\/fr\/xxiiie-edition-sant-marti-open-blitz-2023\/\" class=\"_self pt-cv-href-thumbnail pt-cv-thumb-default\" target=\"_self\" ><\/a>\n<h4 class=\"pt-cv-title\"><a href=\"https:\/\/www.cesantmarti.com\/Internacional\/fr\/xxiiie-edition-sant-marti-open-blitz-2023\/\" class=\"_self\" target=\"_self\" >XXIIIe \u00c9dition Sant Mart\u00ed Open Blitz 2023<\/a><\/h4>\n<div class=\"pt-cv-content\">Aujourd'hui, samedi, la 23\u00e8me \u00e9dition de cette classique qui accompagne nos Internationaux a \u00e9t\u00e9 jou\u00e9e avec la participation de 104 ...<br \/><div class=\"pt-cv-rmwrap\"><a href=\"https:\/\/www.cesantmarti.com\/Internacional\/fr\/xxiiie-edition-sant-marti-open-blitz-2023\/\" class=\"_self pt-cv-readmore btn btn-success\" target=\"_self\">Leer M\u00e1s<\/a><\/div><\/div><\/div><\/div>\n<div class=\"col-md-12 col-sm-12 col-xs-12 pt-cv-content-item pt-cv-1-col\" ><div class='pt-cv-ifield'><a href=\"https:\/\/www.cesantmarti.com\/Internacional\/fr\/ronde-3\/\" class=\"_self pt-cv-href-thumbnail pt-cv-thumb-default\" target=\"_self\" ><\/a>\n<h4 class=\"pt-cv-title\"><a href=\"https:\/\/www.cesantmarti.com\/Internacional\/fr\/ronde-3\/\" class=\"_self\" target=\"_self\" >Ronde 3<\/a><\/h4>\n<div class=\"pt-cv-content\">R\u00c9SULTATS RONDE 3 GROUPE A R\u00c9SULTATS RONDE 3 GROUPE B PARTIE RONDE 3 GROUPE A PARTIE RONDE 3 GROUPE B ...<br \/><div class=\"pt-cv-rmwrap\"><a href=\"https:\/\/www.cesantmarti.com\/Internacional\/fr\/ronde-3\/\" class=\"_self pt-cv-readmore btn btn-success\" target=\"_self\">Leer M\u00e1s<\/a><\/div><\/div><\/div><\/div>\n<div class=\"col-md-12 col-sm-12 col-xs-12 pt-cv-content-item pt-cv-1-col\" ><div class='pt-cv-ifield'><a href=\"https:\/\/www.cesantmarti.com\/Internacional\/fr\/r2-2023-fra\/\" class=\"_self pt-cv-href-thumbnail pt-cv-thumb-default\" target=\"_self\" ><\/a>\n<h4 class=\"pt-cv-title\"><a href=\"https:\/\/www.cesantmarti.com\/Internacional\/fr\/r2-2023-fra\/\" class=\"_self\" target=\"_self\" >Ronde 2<\/a><\/h4>\n<div class=\"pt-cv-content\">R\u00c9SULTATS RONDE 2 GROUPE A R\u00c9SULTATS RONDE 2 GROUPE B PARTIE RONDE 2 GROUPE A PARTIE RONDE 2 GROUPE B ...<br \/><div class=\"pt-cv-rmwrap\"><a href=\"https:\/\/www.cesantmarti.com\/Internacional\/fr\/r2-2023-fra\/\" class=\"_self pt-cv-readmore btn btn-success\" target=\"_self\">Leer M\u00e1s<\/a><\/div><\/div><\/div><\/div>\n<div class=\"col-md-12 col-sm-12 col-xs-12 pt-cv-content-item pt-cv-1-col\" ><div class='pt-cv-ifield'><a href=\"https:\/\/www.cesantmarti.com\/Internacional\/fr\/r1-2023-fra\/\" class=\"_self pt-cv-href-thumbnail pt-cv-thumb-default\" target=\"_self\" ><\/a>\n<h4 class=\"pt-cv-title\"><a href=\"https:\/\/www.cesantmarti.com\/Internacional\/fr\/r1-2023-fra\/\" class=\"_self\" target=\"_self\" >Ronde 1<\/a><\/h4>\n<div class=\"pt-cv-content\">Le tournoi a d\u00e9but\u00e9 avec un total de 260 joueurs r\u00e9partis entre les deux groupes, 79 joueurs dans le groupe ...<br \/><div class=\"pt-cv-rmwrap\"><a href=\"https:\/\/www.cesantmarti.com\/Internacional\/fr\/r1-2023-fra\/\" class=\"_self pt-cv-readmore btn btn-success\" target=\"_self\">Leer M\u00e1s<\/a><\/div><\/div><\/div><\/div>\n<div class=\"col-md-12 col-sm-12 col-xs-12 pt-cv-content-item pt-cv-1-col\" ><div class='pt-cv-ifield'><a href=\"https:\/\/www.cesantmarti.com\/Internacional\/fr\/xxiiieme-ouvert-international-sant-marti-2023-2\/\" class=\"_self pt-cv-href-thumbnail pt-cv-thumb-default\" target=\"_self\" ><\/a>\n<h4 class=\"pt-cv-title\"><a href=\"https:\/\/www.cesantmarti.com\/Internacional\/fr\/xxiiieme-ouvert-international-sant-marti-2023-2\/\" class=\"_self\" target=\"_self\" >XXIII\u00e8me OUVERT INTERNATIONAL SANT MART\u00cd 2023<\/a><\/h4>\n<div class=\"pt-cv-content\">Tout est pr\u00eat pour le d\u00e9but du tournoi ...<br \/><div class=\"pt-cv-rmwrap\"><a href=\"https:\/\/www.cesantmarti.com\/Internacional\/fr\/xxiiieme-ouvert-international-sant-marti-2023-2\/\" class=\"_self pt-cv-readmore btn btn-success\" target=\"_self\">Leer M\u00e1s<\/a><\/div><\/div><\/div><\/div><\/div><\/div><\/div>\n","protected":false},"excerpt":{"rendered":"","protected":false},"author":2,"featured_media":0,"parent":0,"menu_order":0,"comment_status":"closed","ping_status":"closed","template":"","meta":{"_eb_attr":"","_uag_custom_page_level_css":"","site-sidebar-layout":"default","site-content-layout":"","ast-site-content-layout":"default","site-content-style":"default","site-sidebar-style":"default","ast-global-header-display":"","ast-banner-title-visibility":"","ast-main-header-display":"","ast-hfb-above-header-display":"","ast-hfb-below-header-display":"","ast-hfb-mobile-header-display":"","site-post-title":"","ast-breadcrumbs-content":"","ast-featured-img":"","footer-sml-layout":"","ast-disable-related-posts":"","theme-transparent-header-meta":"","adv-header-id-meta":"","stick-header-meta":"","header-above-stick-meta":"","header-main-stick-meta":"","header-below-stick-meta":"","astra-migrate-meta-layouts":"set","ast-page-background-enabled":"default","ast-page-background-meta":{"desktop":{"background-color":"var(--ast-global-color-4)","background-image":"","background-repeat":"repeat","background-position":"center center","background-size":"auto","background-attachment":"scroll","background-type":"","background-media":"","overlay-type":"","overlay-color":"","overlay-opacity":"","overlay-gradient":""},"tablet":{"background-color":"","background-image":"","background-repeat":"repeat","background-position":"center center","background-size":"auto","background-attachment":"scroll","background-type":"","background-media":"","overlay-type":"","overlay-color":"","overlay-opacity":"","overlay-gradient":""},"mobile":{"background-color":"","background-image":"","background-repeat":"repeat","background-position":"center center","background-size":"auto","background-attachment":"scroll","background-type":"","background-media":"","overlay-type":"","overlay-color":"","overlay-opacity":"","overlay-gradient":""}},"ast-content-background-meta":{"desktop":{"background-color":"var(--ast-global-color-5)","background-image":"","background-repeat":"repeat","background-position":"center center","background-size":"auto","background-attachment":"scroll","background-type":"","background-media":"","overlay-type":"","overlay-color":"","overlay-opacity":"","overlay-gradient":""},"tablet":{"background-color":"var(--ast-global-color-5)","background-image":"","background-repeat":"repeat","background-position":"center center","background-size":"auto","background-attachment":"scroll","background-type":"","background-media":"","overlay-type":"","overlay-color":"","overlay-opacity":"","overlay-gradient":""},"mobile":{"background-color":"var(--ast-global-color-5)","background-image":"","background-repeat":"repeat","background-position":"center center","background-size":"auto","background-attachment":"scroll","background-type":"","background-media":"","overlay-type":"","overlay-color":"","overlay-opacity":"","overlay-gradient":""}},"iawp_total_views":3,"footnotes":""},"class_list":["post-11944","page","type-page","status-publish","hentry"],"uagb_featured_image_src":{"full":false,"thumbnail":false,"medium":false,"medium_large":false,"large":false,"1536x1536":false,"2048x2048":false},"uagb_author_info":{"display_name":"Pablo Castillo","author_link":"https:\/\/www.cesantmarti.com\/Internacional\/author\/pablo\/"},"uagb_comment_info":0,"uagb_excerpt":null,"_links":{"self":[{"href":"https:\/\/www.cesantmarti.com\/Internacional\/wp-json\/wp\/v2\/pages\/11944","targetHints":{"allow":["GET"]}}],"collection":[{"href":"https:\/\/www.cesantmarti.com\/Internacional\/wp-json\/wp\/v2\/pages"}],"about":[{"href":"https:\/\/www.cesantmarti.com\/Internacional\/wp-json\/wp\/v2\/types\/page"}],"author":[{"embeddable":true,"href":"https:\/\/www.cesantmarti.com\/Internacional\/wp-json\/wp\/v2\/users\/2"}],"replies":[{"embeddable":true,"href":"https:\/\/www.cesantmarti.com\/Internacional\/wp-json\/wp\/v2\/comments?post=11944"}],"version-history":[{"count":2,"href":"https:\/\/www.cesantmarti.com\/Internacional\/wp-json\/wp\/v2\/pages\/11944\/revisions"}],"predecessor-version":[{"id":11961,"href":"https:\/\/www.cesantmarti.com\/Internacional\/wp-json\/wp\/v2\/pages\/11944\/revisions\/11961"}],"wp:attachment":[{"href":"https:\/\/www.cesantmarti.com\/Internacional\/wp-json\/wp\/v2\/media?parent=11944"}],"curies":[{"name":"wp","href":"https:\/\/api.w.org\/{rel}","templated":true}]}}