{"id":11965,"date":"2024-06-12T08:02:36","date_gmt":"2024-06-12T06:02:36","guid":{"rendered":"https:\/\/www.cesantmarti.com\/Internacional\/?page_id=11965"},"modified":"2024-06-12T08:02:37","modified_gmt":"2024-06-12T06:02:37","slug":"xxiv-obert-internacional-sant-marti-2024","status":"publish","type":"page","link":"https:\/\/www.cesantmarti.com\/Internacional\/ca\/xxiv-obert-internacional-sant-marti-2024\/","title":{"rendered":"XXIV Obert Internacional Sant Mart\u00ed 2024"},"content":{"rendered":"\n<p><\/p>\n\n\n\n<figure class=\"wp-block-image aligncenter size-large\"><img loading=\"lazy\" decoding=\"async\" width=\"724\" height=\"1024\" src=\"https:\/\/www.cesantmarti.com\/Internacional\/wp-content\/uploads\/2024\/02\/Cartel-XXIV-Obert-Internacional-Sant-Marti-2024_Posters-y-dipticos-724x1024.jpg\" alt=\"\" class=\"wp-image-11799\" srcset=\"https:\/\/www.cesantmarti.com\/Internacional\/wp-content\/uploads\/2024\/02\/Cartel-XXIV-Obert-Internacional-Sant-Marti-2024_Posters-y-dipticos-724x1024.jpg 724w, https:\/\/www.cesantmarti.com\/Internacional\/wp-content\/uploads\/2024\/02\/Cartel-XXIV-Obert-Internacional-Sant-Marti-2024_Posters-y-dipticos-212x300.jpg 212w, https:\/\/www.cesantmarti.com\/Internacional\/wp-content\/uploads\/2024\/02\/Cartel-XXIV-Obert-Internacional-Sant-Marti-2024_Posters-y-dipticos-768x1086.jpg 768w, https:\/\/www.cesantmarti.com\/Internacional\/wp-content\/uploads\/2024\/02\/Cartel-XXIV-Obert-Internacional-Sant-Marti-2024_Posters-y-dipticos-1086x1536.jpg 1086w, https:\/\/www.cesantmarti.com\/Internacional\/wp-content\/uploads\/2024\/02\/Cartel-XXIV-Obert-Internacional-Sant-Marti-2024_Posters-y-dipticos-1448x2048.jpg 1448w, https:\/\/www.cesantmarti.com\/Internacional\/wp-content\/uploads\/2024\/02\/Cartel-XXIV-Obert-Internacional-Sant-Marti-2024_Posters-y-dipticos-scaled.jpg 1810w\" sizes=\"auto, (max-width: 724px) 100vw, 724px\" \/><\/figure>\n\n\n<div class=\"pt-cv-wrapper\"><div class=\"pt-cv-view pt-cv-grid pt-cv-colsys\" id=\"pt-cv-view-7f58c7blyt\"><div data-id=\"pt-cv-page-1\" class=\"pt-cv-page\" data-cvc=\"1\"><div class=\"col-md-12 col-sm-12 col-xs-12 pt-cv-content-item pt-cv-1-col\" ><div class='pt-cv-ifield'><a href=\"https:\/\/www.cesantmarti.com\/Internacional\/ca\/record-mundial-guinnes-aconseguit\/\" class=\"_self pt-cv-href-thumbnail pt-cv-thumb-default\" target=\"_self\" ><\/a>\n<h4 class=\"pt-cv-title\"><a href=\"https:\/\/www.cesantmarti.com\/Internacional\/ca\/record-mundial-guinnes-aconseguit\/\" class=\"_self\" target=\"_self\" >R\u00c8CORD MUNDIAL GUINNES ACONSEGUIT<\/a><\/h4>\n<div class=\"pt-cv-content\">El Club d'Escacs Sant Mart\u00ed col\u00b7labora amb dos tornejos XXIV OBERT INTERNACIONAL SANT MART\u00cd 2024XXIV OBERT BLITZ SANT MART\u00cd 2024 ...<br \/><div class=\"pt-cv-rmwrap\"><a href=\"https:\/\/www.cesantmarti.com\/Internacional\/ca\/record-mundial-guinnes-aconseguit\/\" class=\"_self pt-cv-readmore btn btn-success\" target=\"_self\">Leer M\u00e1s<\/a><\/div><\/div>\n<div class=\"pt-cv-meta-fields\"><span class=\"entry-date\"> <time datetime=\"2024-09-18T13:30:45+02:00\">18\/09\/2024<\/time><\/span><\/div><\/div><\/div>\n<div class=\"col-md-12 col-sm-12 col-xs-12 pt-cv-content-item pt-cv-1-col\" ><div class='pt-cv-ifield'><a href=\"https:\/\/www.cesantmarti.com\/Internacional\/ca\/ronda-9-2024-cat\/\" class=\"_self pt-cv-href-thumbnail pt-cv-thumb-default\" target=\"_self\" ><\/a>\n<h4 class=\"pt-cv-title\"><a href=\"https:\/\/www.cesantmarti.com\/Internacional\/ca\/ronda-9-2024-cat\/\" class=\"_self\" target=\"_self\" >Ronda 9<\/a><\/h4>\n<div class=\"pt-cv-content\">RESULTATS RONDA 9 GRUP A RESULTATS RONDA 9 GRUP B CLASSIFICACI\u00d3 GRUP A CLASSIFICACI\u00d3 GRUP B PARTIDES RONDA 9 GRUP ...<br \/><div class=\"pt-cv-rmwrap\"><a href=\"https:\/\/www.cesantmarti.com\/Internacional\/ca\/ronda-9-2024-cat\/\" class=\"_self pt-cv-readmore btn btn-success\" target=\"_self\">Leer M\u00e1s<\/a><\/div><\/div>\n<div class=\"pt-cv-meta-fields\"><span class=\"entry-date\"> <time datetime=\"2024-07-22T07:02:53+02:00\">22\/07\/2024<\/time><\/span><\/div><\/div><\/div>\n<div class=\"col-md-12 col-sm-12 col-xs-12 pt-cv-content-item pt-cv-1-col\" ><div class='pt-cv-ifield'><a href=\"https:\/\/www.cesantmarti.com\/Internacional\/ca\/ronda-8-2024-cat\/\" class=\"_self pt-cv-href-thumbnail pt-cv-thumb-default\" target=\"_self\" ><\/a>\n<h4 class=\"pt-cv-title\"><a href=\"https:\/\/www.cesantmarti.com\/Internacional\/ca\/ronda-8-2024-cat\/\" class=\"_self\" target=\"_self\" >Ronda 8<\/a><\/h4>\n<div class=\"pt-cv-content\">RESULTATS RONDA 8 GRUP A RESULTATS RONDA 8 GRUP B APARELLAMENTS RONDA 9 GRUP A APARELLAMENTS RONDA 9 GRUP B ...<br \/><div class=\"pt-cv-rmwrap\"><a href=\"https:\/\/www.cesantmarti.com\/Internacional\/ca\/ronda-8-2024-cat\/\" class=\"_self pt-cv-readmore btn btn-success\" target=\"_self\">Leer M\u00e1s<\/a><\/div><\/div>\n<div class=\"pt-cv-meta-fields\"><span class=\"entry-date\"> <time datetime=\"2024-07-21T09:15:36+02:00\">21\/07\/2024<\/time><\/span><\/div><\/div><\/div>\n<div class=\"col-md-12 col-sm-12 col-xs-12 pt-cv-content-item pt-cv-1-col\" ><div class='pt-cv-ifield'><a href=\"https:\/\/www.cesantmarti.com\/Internacional\/ca\/xxiv-obert-blitz-sant-marti-2024-cat\/\" class=\"_self pt-cv-href-thumbnail pt-cv-thumb-default\" target=\"_self\" ><\/a>\n<h4 class=\"pt-cv-title\"><a href=\"https:\/\/www.cesantmarti.com\/Internacional\/ca\/xxiv-obert-blitz-sant-marti-2024-cat\/\" class=\"_self\" target=\"_self\" >XXIV Obert Blitz Sant Mart\u00ed 2024<\/a><\/h4>\n<div class=\"pt-cv-content\">Es va disputar avui dissabte la 24 edici\u00f3 d'aquest cl\u00e0ssic que acompanya al nostre Internacional amb la participaci\u00f3 de 115 ...<br \/><div class=\"pt-cv-rmwrap\"><a href=\"https:\/\/www.cesantmarti.com\/Internacional\/ca\/xxiv-obert-blitz-sant-marti-2024-cat\/\" class=\"_self pt-cv-readmore btn btn-success\" target=\"_self\">Leer M\u00e1s<\/a><\/div><\/div>\n<div class=\"pt-cv-meta-fields\"><span class=\"entry-date\"> <time datetime=\"2024-07-21T09:02:58+02:00\">21\/07\/2024<\/time><\/span><\/div><\/div><\/div>\n<div class=\"col-md-12 col-sm-12 col-xs-12 pt-cv-content-item pt-cv-1-col\" ><div class='pt-cv-ifield'><a href=\"https:\/\/www.cesantmarti.com\/Internacional\/ca\/ronda-7-2024-cat\/\" class=\"_self pt-cv-href-thumbnail pt-cv-thumb-default\" target=\"_self\" ><\/a>\n<h4 class=\"pt-cv-title\"><a href=\"https:\/\/www.cesantmarti.com\/Internacional\/ca\/ronda-7-2024-cat\/\" class=\"_self\" target=\"_self\" >Ronda 7<\/a><\/h4>\n<div class=\"pt-cv-content\">RESULTATS RONDA 7 GRUP A RESULTATS RONDA 7 GRUP B APARELLAMENTS RONDA 8 GRUP A APARELLAMENTS RONDA 8 GRUP B ...<br \/><div class=\"pt-cv-rmwrap\"><a href=\"https:\/\/www.cesantmarti.com\/Internacional\/ca\/ronda-7-2024-cat\/\" class=\"_self pt-cv-readmore btn btn-success\" target=\"_self\">Leer M\u00e1s<\/a><\/div><\/div>\n<div class=\"pt-cv-meta-fields\"><span class=\"entry-date\"> <time datetime=\"2024-07-20T16:58:00+02:00\">20\/07\/2024<\/time><\/span><\/div><\/div><\/div>\n<div class=\"col-md-12 col-sm-12 col-xs-12 pt-cv-content-item pt-cv-1-col\" ><div class='pt-cv-ifield'><a href=\"https:\/\/www.cesantmarti.com\/Internacional\/ca\/ronda-6-2024-cat\/\" class=\"_self pt-cv-href-thumbnail pt-cv-thumb-default\" target=\"_self\" ><\/a>\n<h4 class=\"pt-cv-title\"><a href=\"https:\/\/www.cesantmarti.com\/Internacional\/ca\/ronda-6-2024-cat\/\" class=\"_self\" target=\"_self\" >Ronda 6<\/a><\/h4>\n<div class=\"pt-cv-content\">RESULTATS RONDA 6 GRUP A RESULTATS RONDA 6 GRUP B APARELLAMENTS RONDA 7 GRUP A APARELLAMENTS RONDA 7 GRUP B ...<br \/><div class=\"pt-cv-rmwrap\"><a href=\"https:\/\/www.cesantmarti.com\/Internacional\/ca\/ronda-6-2024-cat\/\" class=\"_self pt-cv-readmore btn btn-success\" target=\"_self\">Leer M\u00e1s<\/a><\/div><\/div>\n<div class=\"pt-cv-meta-fields\"><span class=\"entry-date\"> <time datetime=\"2024-07-19T11:35:00+02:00\">19\/07\/2024<\/time><\/span><\/div><\/div><\/div>\n<div class=\"col-md-12 col-sm-12 col-xs-12 pt-cv-content-item pt-cv-1-col\" ><div class='pt-cv-ifield'><a href=\"https:\/\/www.cesantmarti.com\/Internacional\/ca\/ronda-5-2024-cat\/\" class=\"_self pt-cv-href-thumbnail pt-cv-thumb-default\" target=\"_self\" ><\/a>\n<h4 class=\"pt-cv-title\"><a href=\"https:\/\/www.cesantmarti.com\/Internacional\/ca\/ronda-5-2024-cat\/\" class=\"_self\" target=\"_self\" >Ronda 5<\/a><\/h4>\n<div class=\"pt-cv-content\">RESULTATS RONDA 5 GRUP A RESULTATS RONDA 5 GRUP B APARELLAMENTS RONDA 6 GRUP A APARELLAMENTS RONDA 6 GRUP B ...<br \/><div class=\"pt-cv-rmwrap\"><a href=\"https:\/\/www.cesantmarti.com\/Internacional\/ca\/ronda-5-2024-cat\/\" class=\"_self pt-cv-readmore btn btn-success\" target=\"_self\">Leer M\u00e1s<\/a><\/div><\/div>\n<div class=\"pt-cv-meta-fields\"><span class=\"entry-date\"> <time datetime=\"2024-07-18T12:01:42+02:00\">18\/07\/2024<\/time><\/span><\/div><\/div><\/div>\n<div class=\"col-md-12 col-sm-12 col-xs-12 pt-cv-content-item pt-cv-1-col\" ><div class='pt-cv-ifield'><a href=\"https:\/\/www.cesantmarti.com\/Internacional\/ca\/ronda-4-2024-cat\/\" class=\"_self pt-cv-href-thumbnail pt-cv-thumb-default\" target=\"_self\" ><\/a>\n<h4 class=\"pt-cv-title\"><a href=\"https:\/\/www.cesantmarti.com\/Internacional\/ca\/ronda-4-2024-cat\/\" class=\"_self\" target=\"_self\" >Ronda 4<\/a><\/h4>\n<div class=\"pt-cv-content\">RESULTATS RONDA 4 GRUP A RESULTATS RONDA 4 GRUP B APARELLAMENTS RONDA 5 GRUP A APARELLAMENTS RONDA 5 GRUP B ...<br \/><div class=\"pt-cv-rmwrap\"><a href=\"https:\/\/www.cesantmarti.com\/Internacional\/ca\/ronda-4-2024-cat\/\" class=\"_self pt-cv-readmore btn btn-success\" target=\"_self\">Leer M\u00e1s<\/a><\/div><\/div>\n<div class=\"pt-cv-meta-fields\"><span class=\"entry-date\"> <time datetime=\"2024-07-17T12:04:18+02:00\">17\/07\/2024<\/time><\/span><\/div><\/div><\/div>\n<div class=\"col-md-12 col-sm-12 col-xs-12 pt-cv-content-item pt-cv-1-col\" ><div class='pt-cv-ifield'><a href=\"https:\/\/www.cesantmarti.com\/Internacional\/ca\/ronda-3-2024-cat\/\" class=\"_self pt-cv-href-thumbnail pt-cv-thumb-default\" target=\"_self\" ><\/a>\n<h4 class=\"pt-cv-title\"><a href=\"https:\/\/www.cesantmarti.com\/Internacional\/ca\/ronda-3-2024-cat\/\" class=\"_self\" target=\"_self\" >Ronda 3<\/a><\/h4>\n<div class=\"pt-cv-content\">RESULTATS RONDA 3 GRUP A RESULTATS RONDA 3 GRUP B APARELLAMENTS RONDA 4 GRUP A APARELLAMENTS RONDA 4 GRUP B ...<br \/><div class=\"pt-cv-rmwrap\"><a href=\"https:\/\/www.cesantmarti.com\/Internacional\/ca\/ronda-3-2024-cat\/\" class=\"_self pt-cv-readmore btn btn-success\" target=\"_self\">Leer M\u00e1s<\/a><\/div><\/div>\n<div class=\"pt-cv-meta-fields\"><span class=\"entry-date\"> <time datetime=\"2024-07-16T09:40:13+02:00\">16\/07\/2024<\/time><\/span><\/div><\/div><\/div>\n<div class=\"col-md-12 col-sm-12 col-xs-12 pt-cv-content-item pt-cv-1-col\" ><div class='pt-cv-ifield'><a href=\"https:\/\/www.cesantmarti.com\/Internacional\/ca\/ronda-2-2024-cat\/\" class=\"_self pt-cv-href-thumbnail pt-cv-thumb-default\" target=\"_self\" ><\/a>\n<h4 class=\"pt-cv-title\"><a href=\"https:\/\/www.cesantmarti.com\/Internacional\/ca\/ronda-2-2024-cat\/\" class=\"_self\" target=\"_self\" >Ronda 2<\/a><\/h4>\n<div class=\"pt-cv-content\">RESULTATS RONDA 2 GRUP A RESULTATS RONDA 2 GRUP B APARELLAMENTS RONDA 3 GRUP A APARELLAMENTS RONDA 3 GRUP B ...<br \/><div class=\"pt-cv-rmwrap\"><a href=\"https:\/\/www.cesantmarti.com\/Internacional\/ca\/ronda-2-2024-cat\/\" class=\"_self pt-cv-readmore btn btn-success\" target=\"_self\">Leer M\u00e1s<\/a><\/div><\/div>\n<div class=\"pt-cv-meta-fields\"><span class=\"entry-date\"> <time datetime=\"2024-07-15T10:17:35+02:00\">15\/07\/2024<\/time><\/span><\/div><\/div><\/div>\n<div class=\"col-md-12 col-sm-12 col-xs-12 pt-cv-content-item pt-cv-1-col\" ><div class='pt-cv-ifield'><a href=\"https:\/\/www.cesantmarti.com\/Internacional\/ca\/ronda-1-2024-cat\/\" class=\"_self pt-cv-href-thumbnail pt-cv-thumb-default\" target=\"_self\" ><\/a>\n<h4 class=\"pt-cv-title\"><a href=\"https:\/\/www.cesantmarti.com\/Internacional\/ca\/ronda-1-2024-cat\/\" class=\"_self\" target=\"_self\" >Ronda 1<\/a><\/h4>\n<div class=\"pt-cv-content\">Va comen\u00e7ar el torneig amb un total de 314 inscrits tornant a la senda pre-pand\u00e8mia quan cada edici\u00f3 rondaven per ...<br \/><div class=\"pt-cv-rmwrap\"><a href=\"https:\/\/www.cesantmarti.com\/Internacional\/ca\/ronda-1-2024-cat\/\" class=\"_self pt-cv-readmore btn btn-success\" target=\"_self\">Leer M\u00e1s<\/a><\/div><\/div>\n<div class=\"pt-cv-meta-fields\"><span class=\"entry-date\"> <time datetime=\"2024-07-13T12:45:00+02:00\">13\/07\/2024<\/time><\/span><\/div><\/div><\/div>\n<div class=\"col-md-12 col-sm-12 col-xs-12 pt-cv-content-item pt-cv-1-col\" ><div class='pt-cv-ifield'><a href=\"https:\/\/www.cesantmarti.com\/Internacional\/ca\/xxiv-obert-internacional-sant-marti-2024-2\/\" class=\"_self pt-cv-href-thumbnail pt-cv-thumb-default\" target=\"_self\" ><\/a>\n<h4 class=\"pt-cv-title\"><a href=\"https:\/\/www.cesantmarti.com\/Internacional\/ca\/xxiv-obert-internacional-sant-marti-2024-2\/\" class=\"_self\" target=\"_self\" >XXIV OBERT INTERNACIONAL SANT MART\u00cd 2024<\/a><\/h4>\n<div class=\"pt-cv-content\">Ja hi es tot preparat per comen\u00e7ar el torneig APARELLAMENTS RONDA 1 GRUP A APARELLAMENTS RONDA 1 GRUP B ...<br \/><div class=\"pt-cv-rmwrap\"><a href=\"https:\/\/www.cesantmarti.com\/Internacional\/ca\/xxiv-obert-internacional-sant-marti-2024-2\/\" class=\"_self pt-cv-readmore btn btn-success\" target=\"_self\">Leer M\u00e1s<\/a><\/div><\/div>\n<div class=\"pt-cv-meta-fields\"><span class=\"entry-date\"> <time datetime=\"2024-07-13T08:17:40+02:00\">13\/07\/2024<\/time><\/span><\/div><\/div><\/div><\/div><\/div><\/div>\n","protected":false},"excerpt":{"rendered":"","protected":false},"author":2,"featured_media":0,"parent":0,"menu_order":0,"comment_status":"closed","ping_status":"closed","template":"","meta":{"_eb_attr":"","_uag_custom_page_level_css":"","site-sidebar-layout":"default","site-content-layout":"","ast-site-content-layout":"default","site-content-style":"default","site-sidebar-style":"default","ast-global-header-display":"","ast-banner-title-visibility":"","ast-main-header-display":"","ast-hfb-above-header-display":"","ast-hfb-below-header-display":"","ast-hfb-mobile-header-display":"","site-post-title":"","ast-breadcrumbs-content":"","ast-featured-img":"","footer-sml-layout":"","ast-disable-related-posts":"","theme-transparent-header-meta":"","adv-header-id-meta":"","stick-header-meta":"","header-above-stick-meta":"","header-main-stick-meta":"","header-below-stick-meta":"","astra-migrate-meta-layouts":"set","ast-page-background-enabled":"default","ast-page-background-meta":{"desktop":{"background-color":"var(--ast-global-color-4)","background-image":"","background-repeat":"repeat","background-position":"center center","background-size":"auto","background-attachment":"scroll","background-type":"","background-media":"","overlay-type":"","overlay-color":"","overlay-opacity":"","overlay-gradient":""},"tablet":{"background-color":"","background-image":"","background-repeat":"repeat","background-position":"center center","background-size":"auto","background-attachment":"scroll","background-type":"","background-media":"","overlay-type":"","overlay-color":"","overlay-opacity":"","overlay-gradient":""},"mobile":{"background-color":"","background-image":"","background-repeat":"repeat","background-position":"center center","background-size":"auto","background-attachment":"scroll","background-type":"","background-media":"","overlay-type":"","overlay-color":"","overlay-opacity":"","overlay-gradient":""}},"ast-content-background-meta":{"desktop":{"background-color":"var(--ast-global-color-5)","background-image":"","background-repeat":"repeat","background-position":"center center","background-size":"auto","background-attachment":"scroll","background-type":"","background-media":"","overlay-type":"","overlay-color":"","overlay-opacity":"","overlay-gradient":""},"tablet":{"background-color":"var(--ast-global-color-5)","background-image":"","background-repeat":"repeat","background-position":"center center","background-size":"auto","background-attachment":"scroll","background-type":"","background-media":"","overlay-type":"","overlay-color":"","overlay-opacity":"","overlay-gradient":""},"mobile":{"background-color":"var(--ast-global-color-5)","background-image":"","background-repeat":"repeat","background-position":"center center","background-size":"auto","background-attachment":"scroll","background-type":"","background-media":"","overlay-type":"","overlay-color":"","overlay-opacity":"","overlay-gradient":""}},"iawp_total_views":3,"footnotes":""},"class_list":["post-11965","page","type-page","status-publish","hentry"],"uagb_featured_image_src":{"full":false,"thumbnail":false,"medium":false,"medium_large":false,"large":false,"1536x1536":false,"2048x2048":false},"uagb_author_info":{"display_name":"Pablo Castillo","author_link":"https:\/\/www.cesantmarti.com\/Internacional\/author\/pablo\/"},"uagb_comment_info":0,"uagb_excerpt":null,"_links":{"self":[{"href":"https:\/\/www.cesantmarti.com\/Internacional\/wp-json\/wp\/v2\/pages\/11965","targetHints":{"allow":["GET"]}}],"collection":[{"href":"https:\/\/www.cesantmarti.com\/Internacional\/wp-json\/wp\/v2\/pages"}],"about":[{"href":"https:\/\/www.cesantmarti.com\/Internacional\/wp-json\/wp\/v2\/types\/page"}],"author":[{"embeddable":true,"href":"https:\/\/www.cesantmarti.com\/Internacional\/wp-json\/wp\/v2\/users\/2"}],"replies":[{"embeddable":true,"href":"https:\/\/www.cesantmarti.com\/Internacional\/wp-json\/wp\/v2\/comments?post=11965"}],"version-history":[{"count":1,"href":"https:\/\/www.cesantmarti.com\/Internacional\/wp-json\/wp\/v2\/pages\/11965\/revisions"}],"predecessor-version":[{"id":11966,"href":"https:\/\/www.cesantmarti.com\/Internacional\/wp-json\/wp\/v2\/pages\/11965\/revisions\/11966"}],"wp:attachment":[{"href":"https:\/\/www.cesantmarti.com\/Internacional\/wp-json\/wp\/v2\/media?parent=11965"}],"curies":[{"name":"wp","href":"https:\/\/api.w.org\/{rel}","templated":true}]}}