{"id":11969,"date":"2024-06-12T08:04:43","date_gmt":"2024-06-12T06:04:43","guid":{"rendered":"https:\/\/www.cesantmarti.com\/Internacional\/?page_id=11969"},"modified":"2024-06-12T08:04:44","modified_gmt":"2024-06-12T06:04:44","slug":"xxiveme-ouvert-international-sant-marti-2024","status":"publish","type":"page","link":"https:\/\/www.cesantmarti.com\/Internacional\/fr\/xxiveme-ouvert-international-sant-marti-2024\/","title":{"rendered":"XXIV\u00e8me Ouvert International Sant Mart\u00ed 2024"},"content":{"rendered":"\n<figure class=\"wp-block-image aligncenter size-large\"><img loading=\"lazy\" decoding=\"async\" width=\"724\" height=\"1024\" src=\"https:\/\/www.cesantmarti.com\/Internacional\/wp-content\/uploads\/2024\/02\/Cartel-XXIV-Obert-Internacional-Sant-Marti-2024_Posters-y-dipticos-724x1024.jpg\" alt=\"\" class=\"wp-image-11799\" srcset=\"https:\/\/www.cesantmarti.com\/Internacional\/wp-content\/uploads\/2024\/02\/Cartel-XXIV-Obert-Internacional-Sant-Marti-2024_Posters-y-dipticos-724x1024.jpg 724w, https:\/\/www.cesantmarti.com\/Internacional\/wp-content\/uploads\/2024\/02\/Cartel-XXIV-Obert-Internacional-Sant-Marti-2024_Posters-y-dipticos-212x300.jpg 212w, https:\/\/www.cesantmarti.com\/Internacional\/wp-content\/uploads\/2024\/02\/Cartel-XXIV-Obert-Internacional-Sant-Marti-2024_Posters-y-dipticos-768x1086.jpg 768w, https:\/\/www.cesantmarti.com\/Internacional\/wp-content\/uploads\/2024\/02\/Cartel-XXIV-Obert-Internacional-Sant-Marti-2024_Posters-y-dipticos-1086x1536.jpg 1086w, https:\/\/www.cesantmarti.com\/Internacional\/wp-content\/uploads\/2024\/02\/Cartel-XXIV-Obert-Internacional-Sant-Marti-2024_Posters-y-dipticos-1448x2048.jpg 1448w, https:\/\/www.cesantmarti.com\/Internacional\/wp-content\/uploads\/2024\/02\/Cartel-XXIV-Obert-Internacional-Sant-Marti-2024_Posters-y-dipticos-scaled.jpg 1810w\" sizes=\"auto, (max-width: 724px) 100vw, 724px\" \/><\/figure>\n\n\n<div class=\"pt-cv-wrapper\"><div class=\"pt-cv-view pt-cv-grid pt-cv-colsys\" id=\"pt-cv-view-324a833dwk\"><div data-id=\"pt-cv-page-1\" class=\"pt-cv-page\" data-cvc=\"1\"><div class=\"col-md-12 col-sm-12 col-xs-12 pt-cv-content-item pt-cv-1-col\" ><div class='pt-cv-ifield'><a href=\"https:\/\/www.cesantmarti.com\/Internacional\/fr\/record-du-monde-guinness-atteint\/\" class=\"_self pt-cv-href-thumbnail pt-cv-thumb-default\" target=\"_self\" ><\/a>\n<h4 class=\"pt-cv-title\"><a href=\"https:\/\/www.cesantmarti.com\/Internacional\/fr\/record-du-monde-guinness-atteint\/\" class=\"_self\" target=\"_self\" >RECORD DU MONDE GUINNESS ATTEINT<\/a><\/h4>\n<div class=\"pt-cv-content\">Le club d'\u00e9checs Sant Mart\u00ed collabore \u00e0 deux tournois XXIV OPEN INTERNATIONAL SANT MART\u00cd 2024XXIV OPEN SANT MART\u00cd 2024 ...<br \/><div class=\"pt-cv-rmwrap\"><a href=\"https:\/\/www.cesantmarti.com\/Internacional\/fr\/record-du-monde-guinness-atteint\/\" class=\"_self pt-cv-readmore btn btn-success\" target=\"_self\">Leer M\u00e1s<\/a><\/div><\/div>\n<div class=\"pt-cv-meta-fields\"><span class=\"entry-date\"> <time datetime=\"2024-09-18T13:35:37+02:00\">18\/09\/2024<\/time><\/span><\/div><\/div><\/div>\n<div class=\"col-md-12 col-sm-12 col-xs-12 pt-cv-content-item pt-cv-1-col\" ><div class='pt-cv-ifield'><a href=\"https:\/\/www.cesantmarti.com\/Internacional\/fr\/ronde-9-2024-fra\/\" class=\"_self pt-cv-href-thumbnail pt-cv-thumb-default\" target=\"_self\" ><\/a>\n<h4 class=\"pt-cv-title\"><a href=\"https:\/\/www.cesantmarti.com\/Internacional\/fr\/ronde-9-2024-fra\/\" class=\"_self\" target=\"_self\" >Ronde 9<\/a><\/h4>\n<div class=\"pt-cv-content\">R\u00c9SULTATS RONDE 9 GROUPE A R\u00c9SULTATS RONDE 9 GROUPE B CLASSEMENT FINAL GROUPE B CLASSEMENT FINAL GROUPE B PARTIES RONDE ...<br \/><div class=\"pt-cv-rmwrap\"><a href=\"https:\/\/www.cesantmarti.com\/Internacional\/fr\/ronde-9-2024-fra\/\" class=\"_self pt-cv-readmore btn btn-success\" target=\"_self\">Leer M\u00e1s<\/a><\/div><\/div>\n<div class=\"pt-cv-meta-fields\"><span class=\"entry-date\"> <time datetime=\"2024-07-22T07:03:21+02:00\">22\/07\/2024<\/time><\/span><\/div><\/div><\/div>\n<div class=\"col-md-12 col-sm-12 col-xs-12 pt-cv-content-item pt-cv-1-col\" ><div class='pt-cv-ifield'><a href=\"https:\/\/www.cesantmarti.com\/Internacional\/fr\/ronde-8-2024-fra\/\" class=\"_self pt-cv-href-thumbnail pt-cv-thumb-default\" target=\"_self\" ><\/a>\n<h4 class=\"pt-cv-title\"><a href=\"https:\/\/www.cesantmarti.com\/Internacional\/fr\/ronde-8-2024-fra\/\" class=\"_self\" target=\"_self\" >Ronde 8<\/a><\/h4>\n<div class=\"pt-cv-content\">R\u00c9SULTATS RONDE 8 GROUPE A R\u00c9SULTATS RONDE 8 GROUPE B APPARIEMENTS RONDE 9 GROUPE B APPARIEMENTS RONDE 9 GROUPE B ...<br \/><div class=\"pt-cv-rmwrap\"><a href=\"https:\/\/www.cesantmarti.com\/Internacional\/fr\/ronde-8-2024-fra\/\" class=\"_self pt-cv-readmore btn btn-success\" target=\"_self\">Leer M\u00e1s<\/a><\/div><\/div>\n<div class=\"pt-cv-meta-fields\"><span class=\"entry-date\"> <time datetime=\"2024-07-21T09:15:00+02:00\">21\/07\/2024<\/time><\/span><\/div><\/div><\/div>\n<div class=\"col-md-12 col-sm-12 col-xs-12 pt-cv-content-item pt-cv-1-col\" ><div class='pt-cv-ifield'><a href=\"https:\/\/www.cesantmarti.com\/Internacional\/fr\/xxiveme-ouvert-blitz-sant-marti-2024-fra\/\" class=\"_self pt-cv-href-thumbnail pt-cv-thumb-default\" target=\"_self\" ><\/a>\n<h4 class=\"pt-cv-title\"><a href=\"https:\/\/www.cesantmarti.com\/Internacional\/fr\/xxiveme-ouvert-blitz-sant-marti-2024-fra\/\" class=\"_self\" target=\"_self\" >XXIV\u00e8me Ouvert Blitz Sant Mart\u00ed 2024<\/a><\/h4>\n<div class=\"pt-cv-content\">La 24\u00e8me \u00e9dition de cette classique qui accompagne nos Internationaux a \u00e9t\u00e9 jou\u00e9e aujourd'hui, samedi, avec la participation de 115 ...<br \/><div class=\"pt-cv-rmwrap\"><a href=\"https:\/\/www.cesantmarti.com\/Internacional\/fr\/xxiveme-ouvert-blitz-sant-marti-2024-fra\/\" class=\"_self pt-cv-readmore btn btn-success\" target=\"_self\">Leer M\u00e1s<\/a><\/div><\/div>\n<div class=\"pt-cv-meta-fields\"><span class=\"entry-date\"> <time datetime=\"2024-07-21T09:03:24+02:00\">21\/07\/2024<\/time><\/span><\/div><\/div><\/div>\n<div class=\"col-md-12 col-sm-12 col-xs-12 pt-cv-content-item pt-cv-1-col\" ><div class='pt-cv-ifield'><a href=\"https:\/\/www.cesantmarti.com\/Internacional\/fr\/ronde-7-2024-fra\/\" class=\"_self pt-cv-href-thumbnail pt-cv-thumb-default\" target=\"_self\" ><\/a>\n<h4 class=\"pt-cv-title\"><a href=\"https:\/\/www.cesantmarti.com\/Internacional\/fr\/ronde-7-2024-fra\/\" class=\"_self\" target=\"_self\" >Ronde 7<\/a><\/h4>\n<div class=\"pt-cv-content\">R\u00c9SULTATS RONDE 7 GROUPE A R\u00c9SULTATS RONDE 7 GROUPE B APPARIEMENTS RONDE 8 GROUPE B APPARIEMENTS RONDE 8 GROUPE B ...<br \/><div class=\"pt-cv-rmwrap\"><a href=\"https:\/\/www.cesantmarti.com\/Internacional\/fr\/ronde-7-2024-fra\/\" class=\"_self pt-cv-readmore btn btn-success\" target=\"_self\">Leer M\u00e1s<\/a><\/div><\/div>\n<div class=\"pt-cv-meta-fields\"><span class=\"entry-date\"> <time datetime=\"2024-07-20T16:58:39+02:00\">20\/07\/2024<\/time><\/span><\/div><\/div><\/div>\n<div class=\"col-md-12 col-sm-12 col-xs-12 pt-cv-content-item pt-cv-1-col\" ><div class='pt-cv-ifield'><a href=\"https:\/\/www.cesantmarti.com\/Internacional\/fr\/ronde-6-2024-fra\/\" class=\"_self pt-cv-href-thumbnail pt-cv-thumb-default\" target=\"_self\" ><\/a>\n<h4 class=\"pt-cv-title\"><a href=\"https:\/\/www.cesantmarti.com\/Internacional\/fr\/ronde-6-2024-fra\/\" class=\"_self\" target=\"_self\" >Ronde 6<\/a><\/h4>\n<div class=\"pt-cv-content\">R\u00c9SULTATS RONDE 6 GROUPE A R\u00c9SULTATS RONDE 6 GROUPE B APPARIEMENTS ROND 7 GROUPE B APPARIEMENTS RONDE 7 GROUPE B ...<br \/><div class=\"pt-cv-rmwrap\"><a href=\"https:\/\/www.cesantmarti.com\/Internacional\/fr\/ronde-6-2024-fra\/\" class=\"_self pt-cv-readmore btn btn-success\" target=\"_self\">Leer M\u00e1s<\/a><\/div><\/div>\n<div class=\"pt-cv-meta-fields\"><span class=\"entry-date\"> <time datetime=\"2024-07-19T11:35:17+02:00\">19\/07\/2024<\/time><\/span><\/div><\/div><\/div>\n<div class=\"col-md-12 col-sm-12 col-xs-12 pt-cv-content-item pt-cv-1-col\" ><div class='pt-cv-ifield'><a href=\"https:\/\/www.cesantmarti.com\/Internacional\/fr\/ronde-5-2024-fra\/\" class=\"_self pt-cv-href-thumbnail pt-cv-thumb-default\" target=\"_self\" ><\/a>\n<h4 class=\"pt-cv-title\"><a href=\"https:\/\/www.cesantmarti.com\/Internacional\/fr\/ronde-5-2024-fra\/\" class=\"_self\" target=\"_self\" >Ronde 5<\/a><\/h4>\n<div class=\"pt-cv-content\">R\u00c9SULTATS RONDE 5 GROUPE A R\u00c9SULTATS RONDE 5 GROUPE B APPARIEMENTS RONDE 6 GROUPE B APPARIEMENTS RONDE 6 GROUPE B ...<br \/><div class=\"pt-cv-rmwrap\"><a href=\"https:\/\/www.cesantmarti.com\/Internacional\/fr\/ronde-5-2024-fra\/\" class=\"_self pt-cv-readmore btn btn-success\" target=\"_self\">Leer M\u00e1s<\/a><\/div><\/div>\n<div class=\"pt-cv-meta-fields\"><span class=\"entry-date\"> <time datetime=\"2024-07-18T12:02:01+02:00\">18\/07\/2024<\/time><\/span><\/div><\/div><\/div>\n<div class=\"col-md-12 col-sm-12 col-xs-12 pt-cv-content-item pt-cv-1-col\" ><div class='pt-cv-ifield'><a href=\"https:\/\/www.cesantmarti.com\/Internacional\/fr\/ronde-4-2024-fra\/\" class=\"_self pt-cv-href-thumbnail pt-cv-thumb-default\" target=\"_self\" ><\/a>\n<h4 class=\"pt-cv-title\"><a href=\"https:\/\/www.cesantmarti.com\/Internacional\/fr\/ronde-4-2024-fra\/\" class=\"_self\" target=\"_self\" >Ronde 4<\/a><\/h4>\n<div class=\"pt-cv-content\">R\u00c9SULTATS RONDE 4 GROUPE A R\u00c9SULTATS RONDE 4 GROUPE B APPARIEMENTS RONDE 5 GROUPE B APPARIEMENTS RONDE 5 GROUPE B ...<br \/><div class=\"pt-cv-rmwrap\"><a href=\"https:\/\/www.cesantmarti.com\/Internacional\/fr\/ronde-4-2024-fra\/\" class=\"_self pt-cv-readmore btn btn-success\" target=\"_self\">Leer M\u00e1s<\/a><\/div><\/div>\n<div class=\"pt-cv-meta-fields\"><span class=\"entry-date\"> <time datetime=\"2024-07-17T00:03:00+02:00\">17\/07\/2024<\/time><\/span><\/div><\/div><\/div>\n<div class=\"col-md-12 col-sm-12 col-xs-12 pt-cv-content-item pt-cv-1-col\" ><div class='pt-cv-ifield'><a href=\"https:\/\/www.cesantmarti.com\/Internacional\/fr\/ronde-3-2024-fra\/\" class=\"_self pt-cv-href-thumbnail pt-cv-thumb-default\" target=\"_self\" ><\/a>\n<h4 class=\"pt-cv-title\"><a href=\"https:\/\/www.cesantmarti.com\/Internacional\/fr\/ronde-3-2024-fra\/\" class=\"_self\" target=\"_self\" >Ronde 3<\/a><\/h4>\n<div class=\"pt-cv-content\">R\u00c9SULTATS RONDE 3 GROUPE A R\u00c9SULTATS RONDE 3 GROUPE B APPARIEMENTS RONDE 4 GROUPE A APPARIEMENTS RONDE 4 GROUPE B ...<br \/><div class=\"pt-cv-rmwrap\"><a href=\"https:\/\/www.cesantmarti.com\/Internacional\/fr\/ronde-3-2024-fra\/\" class=\"_self pt-cv-readmore btn btn-success\" target=\"_self\">Leer M\u00e1s<\/a><\/div><\/div>\n<div class=\"pt-cv-meta-fields\"><span class=\"entry-date\"> <time datetime=\"2024-07-16T09:40:36+02:00\">16\/07\/2024<\/time><\/span><\/div><\/div><\/div>\n<div class=\"col-md-12 col-sm-12 col-xs-12 pt-cv-content-item pt-cv-1-col\" ><div class='pt-cv-ifield'><a href=\"https:\/\/www.cesantmarti.com\/Internacional\/fr\/ronde-2-2024-fra\/\" class=\"_self pt-cv-href-thumbnail pt-cv-thumb-default\" target=\"_self\" ><\/a>\n<h4 class=\"pt-cv-title\"><a href=\"https:\/\/www.cesantmarti.com\/Internacional\/fr\/ronde-2-2024-fra\/\" class=\"_self\" target=\"_self\" >Ronde 2<\/a><\/h4>\n<div class=\"pt-cv-content\">R\u00c9SULTATS RONDE 2 GROUPE A R\u00c9SULTATS RONDE 2 GROUPE B APPARIEMENTS RONDE 3 GROUPE B APPARIEMENTS RONDE 3 GROUPE B ...<br \/><div class=\"pt-cv-rmwrap\"><a href=\"https:\/\/www.cesantmarti.com\/Internacional\/fr\/ronde-2-2024-fra\/\" class=\"_self pt-cv-readmore btn btn-success\" target=\"_self\">Leer M\u00e1s<\/a><\/div><\/div>\n<div class=\"pt-cv-meta-fields\"><span class=\"entry-date\"> <time datetime=\"2024-07-15T10:17:07+02:00\">15\/07\/2024<\/time><\/span><\/div><\/div><\/div>\n<div class=\"col-md-12 col-sm-12 col-xs-12 pt-cv-content-item pt-cv-1-col\" ><div class='pt-cv-ifield'><a href=\"https:\/\/www.cesantmarti.com\/Internacional\/fr\/ronde-1-2024-fra\/\" class=\"_self pt-cv-href-thumbnail pt-cv-thumb-default\" target=\"_self\" ><\/a>\n<h4 class=\"pt-cv-title\"><a href=\"https:\/\/www.cesantmarti.com\/Internacional\/fr\/ronde-1-2024-fra\/\" class=\"_self\" target=\"_self\" >Ronde 1<\/a><\/h4>\n<div class=\"pt-cv-content\">Le tournoi a d\u00e9but\u00e9 avec un total de 314 joueurs inscrits, renouant ainsi avec la p\u00e9riode pr\u00e9-pand\u00e9mique o\u00f9 chaque \u00e9dition ...<br \/><div class=\"pt-cv-rmwrap\"><a href=\"https:\/\/www.cesantmarti.com\/Internacional\/fr\/ronde-1-2024-fra\/\" class=\"_self pt-cv-readmore btn btn-success\" target=\"_self\">Leer M\u00e1s<\/a><\/div><\/div>\n<div class=\"pt-cv-meta-fields\"><span class=\"entry-date\"> <time datetime=\"2024-07-13T12:45:00+02:00\">13\/07\/2024<\/time><\/span><\/div><\/div><\/div>\n<div class=\"col-md-12 col-sm-12 col-xs-12 pt-cv-content-item pt-cv-1-col\" ><div class='pt-cv-ifield'><a href=\"https:\/\/www.cesantmarti.com\/Internacional\/fr\/xxiveme-ouvert-internationale-sant-marti-2024-2\/\" class=\"_self pt-cv-href-thumbnail pt-cv-thumb-default\" target=\"_self\" ><\/a>\n<h4 class=\"pt-cv-title\"><a href=\"https:\/\/www.cesantmarti.com\/Internacional\/fr\/xxiveme-ouvert-internationale-sant-marti-2024-2\/\" class=\"_self\" target=\"_self\" >XXIV\u00e8me OUVERT INTERNATIONALE SANT MART\u00cd 2024<\/a><\/h4>\n<div class=\"pt-cv-content\">Tout est pr\u00eat pour commencer le tournoi APPARIEMENTS RONDE 1 GROUPE A APARRIEMENTS RONDE 1 GROUPE B ...<br \/><div class=\"pt-cv-rmwrap\"><a href=\"https:\/\/www.cesantmarti.com\/Internacional\/fr\/xxiveme-ouvert-internationale-sant-marti-2024-2\/\" class=\"_self pt-cv-readmore btn btn-success\" target=\"_self\">Leer M\u00e1s<\/a><\/div><\/div>\n<div class=\"pt-cv-meta-fields\"><span class=\"entry-date\"> <time datetime=\"2024-07-13T03:33:00+02:00\">13\/07\/2024<\/time><\/span><\/div><\/div><\/div><\/div><\/div><\/div>\n","protected":false},"excerpt":{"rendered":"","protected":false},"author":2,"featured_media":0,"parent":0,"menu_order":0,"comment_status":"closed","ping_status":"closed","template":"","meta":{"_eb_attr":"","_uag_custom_page_level_css":"","site-sidebar-layout":"default","site-content-layout":"","ast-site-content-layout":"default","site-content-style":"default","site-sidebar-style":"default","ast-global-header-display":"","ast-banner-title-visibility":"","ast-main-header-display":"","ast-hfb-above-header-display":"","ast-hfb-below-header-display":"","ast-hfb-mobile-header-display":"","site-post-title":"","ast-breadcrumbs-content":"","ast-featured-img":"","footer-sml-layout":"","ast-disable-related-posts":"","theme-transparent-header-meta":"","adv-header-id-meta":"","stick-header-meta":"","header-above-stick-meta":"","header-main-stick-meta":"","header-below-stick-meta":"","astra-migrate-meta-layouts":"set","ast-page-background-enabled":"default","ast-page-background-meta":{"desktop":{"background-color":"var(--ast-global-color-4)","background-image":"","background-repeat":"repeat","background-position":"center center","background-size":"auto","background-attachment":"scroll","background-type":"","background-media":"","overlay-type":"","overlay-color":"","overlay-opacity":"","overlay-gradient":""},"tablet":{"background-color":"","background-image":"","background-repeat":"repeat","background-position":"center center","background-size":"auto","background-attachment":"scroll","background-type":"","background-media":"","overlay-type":"","overlay-color":"","overlay-opacity":"","overlay-gradient":""},"mobile":{"background-color":"","background-image":"","background-repeat":"repeat","background-position":"center center","background-size":"auto","background-attachment":"scroll","background-type":"","background-media":"","overlay-type":"","overlay-color":"","overlay-opacity":"","overlay-gradient":""}},"ast-content-background-meta":{"desktop":{"background-color":"var(--ast-global-color-5)","background-image":"","background-repeat":"repeat","background-position":"center center","background-size":"auto","background-attachment":"scroll","background-type":"","background-media":"","overlay-type":"","overlay-color":"","overlay-opacity":"","overlay-gradient":""},"tablet":{"background-color":"var(--ast-global-color-5)","background-image":"","background-repeat":"repeat","background-position":"center center","background-size":"auto","background-attachment":"scroll","background-type":"","background-media":"","overlay-type":"","overlay-color":"","overlay-opacity":"","overlay-gradient":""},"mobile":{"background-color":"var(--ast-global-color-5)","background-image":"","background-repeat":"repeat","background-position":"center center","background-size":"auto","background-attachment":"scroll","background-type":"","background-media":"","overlay-type":"","overlay-color":"","overlay-opacity":"","overlay-gradient":""}},"iawp_total_views":2,"footnotes":""},"class_list":["post-11969","page","type-page","status-publish","hentry"],"uagb_featured_image_src":{"full":false,"thumbnail":false,"medium":false,"medium_large":false,"large":false,"1536x1536":false,"2048x2048":false},"uagb_author_info":{"display_name":"Pablo Castillo","author_link":"https:\/\/www.cesantmarti.com\/Internacional\/author\/pablo\/"},"uagb_comment_info":0,"uagb_excerpt":null,"_links":{"self":[{"href":"https:\/\/www.cesantmarti.com\/Internacional\/wp-json\/wp\/v2\/pages\/11969","targetHints":{"allow":["GET"]}}],"collection":[{"href":"https:\/\/www.cesantmarti.com\/Internacional\/wp-json\/wp\/v2\/pages"}],"about":[{"href":"https:\/\/www.cesantmarti.com\/Internacional\/wp-json\/wp\/v2\/types\/page"}],"author":[{"embeddable":true,"href":"https:\/\/www.cesantmarti.com\/Internacional\/wp-json\/wp\/v2\/users\/2"}],"replies":[{"embeddable":true,"href":"https:\/\/www.cesantmarti.com\/Internacional\/wp-json\/wp\/v2\/comments?post=11969"}],"version-history":[{"count":1,"href":"https:\/\/www.cesantmarti.com\/Internacional\/wp-json\/wp\/v2\/pages\/11969\/revisions"}],"predecessor-version":[{"id":11970,"href":"https:\/\/www.cesantmarti.com\/Internacional\/wp-json\/wp\/v2\/pages\/11969\/revisions\/11970"}],"wp:attachment":[{"href":"https:\/\/www.cesantmarti.com\/Internacional\/wp-json\/wp\/v2\/media?parent=11969"}],"curies":[{"name":"wp","href":"https:\/\/api.w.org\/{rel}","templated":true}]}}