{"id":13056,"date":"2025-02-10T20:13:11","date_gmt":"2025-02-10T19:13:11","guid":{"rendered":"https:\/\/www.cesantmarti.com\/Internacional\/?page_id=13056"},"modified":"2026-01-27T20:26:20","modified_gmt":"2026-01-27T19:26:20","slug":"xxveme-ouvert-international-sant-marti-2025","status":"publish","type":"page","link":"https:\/\/www.cesantmarti.com\/Internacional\/fr\/xxveme-ouvert-international-sant-marti-2025\/","title":{"rendered":"XXV\u00e8me Ouvert International Sant Mart\u00ed 2025"},"content":{"rendered":"\n<figure class=\"wp-block-image aligncenter size-full is-resized\"><img loading=\"lazy\" decoding=\"async\" width=\"1810\" height=\"2560\" src=\"https:\/\/www.cesantmarti.com\/Internacional\/wp-content\/uploads\/2025\/02\/Cartel-XXV-Obert-Internacional-Sant-Marti-2025_Posters-y-dipticos_NUEVO-scaled.jpg\" alt=\"\" class=\"wp-image-13164\" style=\"width:720px\" srcset=\"https:\/\/www.cesantmarti.com\/Internacional\/wp-content\/uploads\/2025\/02\/Cartel-XXV-Obert-Internacional-Sant-Marti-2025_Posters-y-dipticos_NUEVO-scaled.jpg 1810w, https:\/\/www.cesantmarti.com\/Internacional\/wp-content\/uploads\/2025\/02\/Cartel-XXV-Obert-Internacional-Sant-Marti-2025_Posters-y-dipticos_NUEVO-768x1086.jpg 768w, https:\/\/www.cesantmarti.com\/Internacional\/wp-content\/uploads\/2025\/02\/Cartel-XXV-Obert-Internacional-Sant-Marti-2025_Posters-y-dipticos_NUEVO-1086x1536.jpg 1086w, https:\/\/www.cesantmarti.com\/Internacional\/wp-content\/uploads\/2025\/02\/Cartel-XXV-Obert-Internacional-Sant-Marti-2025_Posters-y-dipticos_NUEVO-1448x2048.jpg 1448w\" sizes=\"auto, (max-width: 1810px) 100vw, 1810px\" \/><\/figure>\n\n\n<div class=\"pt-cv-wrapper\"><div class=\"pt-cv-view pt-cv-grid pt-cv-colsys\" id=\"pt-cv-view-bee48d7vfp\"><div data-id=\"pt-cv-page-1\" class=\"pt-cv-page\" data-cvc=\"1\"><div class=\"col-md-12 col-sm-12 col-xs-12 pt-cv-content-item pt-cv-1-col\" ><div class='pt-cv-ifield'><a href=\"https:\/\/www.cesantmarti.com\/Internacional\/fr\/ronde-9-2025-fra\/\" class=\"_self pt-cv-href-thumbnail pt-cv-thumb-default\" target=\"_self\" ><img loading=\"lazy\" decoding=\"async\" width=\"600\" height=\"450\" src=\"https:\/\/www.cesantmarti.com\/Internacional\/wp-content\/uploads\/2025\/07\/IMG-20250720-WA0109.webp\" class=\"pt-cv-thumbnail\" alt=\"\" \/><\/a>\n<h4 class=\"pt-cv-title\"><a href=\"https:\/\/www.cesantmarti.com\/Internacional\/fr\/ronde-9-2025-fra\/\" class=\"_self\" target=\"_self\" >Ronde 9<\/a><\/h4>\n<div class=\"pt-cv-content\">R\u00c9SULTATS RONDE 9 GROUPE A R\u00c9SULTATS RONDE 9 GROUPE B CLASSEMENT FINAL GROUPE A CLASSEMENT FINAL GROUPE B PARTIES RONDE ...<br \/><div class=\"pt-cv-rmwrap\"><a href=\"https:\/\/www.cesantmarti.com\/Internacional\/fr\/ronde-9-2025-fra\/\" class=\"_self pt-cv-readmore btn btn-success\" target=\"_self\">Leer M\u00e1s<\/a><\/div><\/div>\n<div class=\"pt-cv-meta-fields\"><span class=\"entry-date\"> <time datetime=\"2025-03-06T12:18:23+01:00\">06\/03\/2025<\/time><\/span><\/div><\/div><\/div>\n<div class=\"col-md-12 col-sm-12 col-xs-12 pt-cv-content-item pt-cv-1-col\" ><div class='pt-cv-ifield'><a href=\"https:\/\/www.cesantmarti.com\/Internacional\/fr\/ronde-8-2025-fra\/\" class=\"_self pt-cv-href-thumbnail pt-cv-thumb-default\" target=\"_self\" ><img loading=\"lazy\" decoding=\"async\" width=\"600\" height=\"450\" src=\"https:\/\/www.cesantmarti.com\/Internacional\/wp-content\/uploads\/2025\/07\/IMG-20250718-WA0034-1.webp\" class=\"pt-cv-thumbnail\" alt=\"\" \/><\/a>\n<h4 class=\"pt-cv-title\"><a href=\"https:\/\/www.cesantmarti.com\/Internacional\/fr\/ronde-8-2025-fra\/\" class=\"_self\" target=\"_self\" >Ronde 8<\/a><\/h4>\n<div class=\"pt-cv-content\">R\u00c9SULTATS RONDE 8 GROUPE A R\u00c9SULTATS RONDE 8 GROUPE B APPARIEMENTS RONDE 9 GROUPE B APPARIEMENTS RONDE 9 GROUPE B ...<br \/><div class=\"pt-cv-rmwrap\"><a href=\"https:\/\/www.cesantmarti.com\/Internacional\/fr\/ronde-8-2025-fra\/\" class=\"_self pt-cv-readmore btn btn-success\" target=\"_self\">Leer M\u00e1s<\/a><\/div><\/div>\n<div class=\"pt-cv-meta-fields\"><span class=\"entry-date\"> <time datetime=\"2025-03-06T12:12:21+01:00\">06\/03\/2025<\/time><\/span><\/div><\/div><\/div>\n<div class=\"col-md-12 col-sm-12 col-xs-12 pt-cv-content-item pt-cv-1-col\" ><div class='pt-cv-ifield'><a href=\"https:\/\/www.cesantmarti.com\/Internacional\/fr\/ronde-7-2025-fra\/\" class=\"_self pt-cv-href-thumbnail pt-cv-thumb-default\" target=\"_self\" ><img loading=\"lazy\" decoding=\"async\" width=\"600\" height=\"450\" src=\"https:\/\/www.cesantmarti.com\/Internacional\/wp-content\/uploads\/2025\/07\/IMG-20250719-WA0055.webp\" class=\"pt-cv-thumbnail\" alt=\"\" \/><\/a>\n<h4 class=\"pt-cv-title\"><a href=\"https:\/\/www.cesantmarti.com\/Internacional\/fr\/ronde-7-2025-fra\/\" class=\"_self\" target=\"_self\" >Ronde 7<\/a><\/h4>\n<div class=\"pt-cv-content\">R\u00c9SULTATS RONDE 7 GROUPE A R\u00c9SULTATS RONDE 7 GROUPE B APPARIEMENTS RONDE 8 GROUPE A APPARIEMENTS RONDE 8 GROUPE B ...<br \/><div class=\"pt-cv-rmwrap\"><a href=\"https:\/\/www.cesantmarti.com\/Internacional\/fr\/ronde-7-2025-fra\/\" class=\"_self pt-cv-readmore btn btn-success\" target=\"_self\">Leer M\u00e1s<\/a><\/div><\/div>\n<div class=\"pt-cv-meta-fields\"><span class=\"entry-date\"> <time datetime=\"2025-03-06T11:02:03+01:00\">06\/03\/2025<\/time><\/span><\/div><\/div><\/div>\n<div class=\"col-md-12 col-sm-12 col-xs-12 pt-cv-content-item pt-cv-1-col\" ><div class='pt-cv-ifield'><a href=\"https:\/\/www.cesantmarti.com\/Internacional\/fr\/xxveme-ouvert-blitz-sant-marti-2025-fra\/\" class=\"_self pt-cv-href-thumbnail pt-cv-thumb-default\" target=\"_self\" ><img loading=\"lazy\" decoding=\"async\" width=\"600\" height=\"450\" src=\"https:\/\/www.cesantmarti.com\/Internacional\/wp-content\/uploads\/2025\/07\/IMG-20250719-WA0002.webp\" class=\"pt-cv-thumbnail\" alt=\"\" \/><\/a>\n<h4 class=\"pt-cv-title\"><a href=\"https:\/\/www.cesantmarti.com\/Internacional\/fr\/xxveme-ouvert-blitz-sant-marti-2025-fra\/\" class=\"_self\" target=\"_self\" >XXV\u00e8me Ouvert Blitz Sant Mart\u00ed 2025<\/a><\/h4>\n<div class=\"pt-cv-content\">La 25e \u00e9dition de ce classique, qui accompagne notre Championnat International, s'est jou\u00e9e aujourd'hui, samedi, avec la participation de 117 ...<br \/><div class=\"pt-cv-rmwrap\"><a href=\"https:\/\/www.cesantmarti.com\/Internacional\/fr\/xxveme-ouvert-blitz-sant-marti-2025-fra\/\" class=\"_self pt-cv-readmore btn btn-success\" target=\"_self\">Leer M\u00e1s<\/a><\/div><\/div>\n<div class=\"pt-cv-meta-fields\"><span class=\"entry-date\"> <time datetime=\"2025-03-06T10:54:22+01:00\">06\/03\/2025<\/time><\/span><\/div><\/div><\/div>\n<div class=\"col-md-12 col-sm-12 col-xs-12 pt-cv-content-item pt-cv-1-col\" ><div class='pt-cv-ifield'><a href=\"https:\/\/www.cesantmarti.com\/Internacional\/fr\/ronde-6-2025-fra\/\" class=\"_self pt-cv-href-thumbnail pt-cv-thumb-default\" target=\"_self\" ><img loading=\"lazy\" decoding=\"async\" width=\"600\" height=\"450\" src=\"https:\/\/www.cesantmarti.com\/Internacional\/wp-content\/uploads\/2025\/07\/IMG-20250718-WA0093.webp\" class=\"pt-cv-thumbnail\" alt=\"\" \/><\/a>\n<h4 class=\"pt-cv-title\"><a href=\"https:\/\/www.cesantmarti.com\/Internacional\/fr\/ronde-6-2025-fra\/\" class=\"_self\" target=\"_self\" >Ronde 6<\/a><\/h4>\n<div class=\"pt-cv-content\">R\u00c9SULTATS RONDE 6 GROUPE A R\u00c9SULTATS RONDE 6 GROUPE B APPARIEMENTS ROND 7 GROUPE B APPARIEMENTS RONDE 7 GROUPE B ...<br \/><div class=\"pt-cv-rmwrap\"><a href=\"https:\/\/www.cesantmarti.com\/Internacional\/fr\/ronde-6-2025-fra\/\" class=\"_self pt-cv-readmore btn btn-success\" target=\"_self\">Leer M\u00e1s<\/a><\/div><\/div>\n<div class=\"pt-cv-meta-fields\"><span class=\"entry-date\"> <time datetime=\"2025-03-06T10:47:20+01:00\">06\/03\/2025<\/time><\/span><\/div><\/div><\/div>\n<div class=\"col-md-12 col-sm-12 col-xs-12 pt-cv-content-item pt-cv-1-col\" ><div class='pt-cv-ifield'><a href=\"https:\/\/www.cesantmarti.com\/Internacional\/fr\/ronde-5-2025-fra\/\" class=\"_self pt-cv-href-thumbnail pt-cv-thumb-default\" target=\"_self\" ><img loading=\"lazy\" decoding=\"async\" width=\"600\" height=\"450\" src=\"https:\/\/www.cesantmarti.com\/Internacional\/wp-content\/uploads\/2025\/07\/IMG-20250718-WA0021.webp\" class=\"pt-cv-thumbnail\" alt=\"\" \/><\/a>\n<h4 class=\"pt-cv-title\"><a href=\"https:\/\/www.cesantmarti.com\/Internacional\/fr\/ronde-5-2025-fra\/\" class=\"_self\" target=\"_self\" >Ronde 5<\/a><\/h4>\n<div class=\"pt-cv-content\">R\u00c9SULTATS RONDE 5 GROUPE A R\u00c9SULTATS RONDE 5 GROUPE B APPARIEMENTS RONDE 6 GROUPE B APPARIEMENTS RONDE 6 GROUPE B ...<br \/><div class=\"pt-cv-rmwrap\"><a href=\"https:\/\/www.cesantmarti.com\/Internacional\/fr\/ronde-5-2025-fra\/\" class=\"_self pt-cv-readmore btn btn-success\" target=\"_self\">Leer M\u00e1s<\/a><\/div><\/div>\n<div class=\"pt-cv-meta-fields\"><span class=\"entry-date\"> <time datetime=\"2025-03-06T10:40:16+01:00\">06\/03\/2025<\/time><\/span><\/div><\/div><\/div>\n<div class=\"col-md-12 col-sm-12 col-xs-12 pt-cv-content-item pt-cv-1-col\" ><div class='pt-cv-ifield'><a href=\"https:\/\/www.cesantmarti.com\/Internacional\/fr\/ronde-4-2025-fra\/\" class=\"_self pt-cv-href-thumbnail pt-cv-thumb-default\" target=\"_self\" ><img loading=\"lazy\" decoding=\"async\" width=\"600\" height=\"452\" src=\"https:\/\/www.cesantmarti.com\/Internacional\/wp-content\/uploads\/2025\/07\/IMG-20250715-WA0001.webp\" class=\"pt-cv-thumbnail\" alt=\"\" \/><\/a>\n<h4 class=\"pt-cv-title\"><a href=\"https:\/\/www.cesantmarti.com\/Internacional\/fr\/ronde-4-2025-fra\/\" class=\"_self\" target=\"_self\" >Ronde 4<\/a><\/h4>\n<div class=\"pt-cv-content\">R\u00c9SULTATS RONDE 4 GROUPE A R\u00c9SULTATS RONDE 4 GROUPE B APPARIEMENTS RONDE 5 GROUPE A APPARIEMENTS RONDE 5 GROUPE B ...<br \/><div class=\"pt-cv-rmwrap\"><a href=\"https:\/\/www.cesantmarti.com\/Internacional\/fr\/ronde-4-2025-fra\/\" class=\"_self pt-cv-readmore btn btn-success\" target=\"_self\">Leer M\u00e1s<\/a><\/div><\/div>\n<div class=\"pt-cv-meta-fields\"><span class=\"entry-date\"> <time datetime=\"2025-03-06T10:33:04+01:00\">06\/03\/2025<\/time><\/span><\/div><\/div><\/div>\n<div class=\"col-md-12 col-sm-12 col-xs-12 pt-cv-content-item pt-cv-1-col\" ><div class='pt-cv-ifield'><a href=\"https:\/\/www.cesantmarti.com\/Internacional\/fr\/ronde-3-2025-fra\/\" class=\"_self pt-cv-href-thumbnail pt-cv-thumb-default\" target=\"_self\" ><img loading=\"lazy\" decoding=\"async\" width=\"450\" height=\"600\" src=\"https:\/\/www.cesantmarti.com\/Internacional\/wp-content\/uploads\/2025\/07\/IMG-20250716-WA0022.webp\" class=\"pt-cv-thumbnail\" alt=\"\" \/><\/a>\n<h4 class=\"pt-cv-title\"><a href=\"https:\/\/www.cesantmarti.com\/Internacional\/fr\/ronde-3-2025-fra\/\" class=\"_self\" target=\"_self\" >Ronde 3<\/a><\/h4>\n<div class=\"pt-cv-content\">R\u00c9SULTATS RONDE 3 GROUPE A R\u00c9SULTATS RONDE 3 GROUPE B APPARIEMENTS RONDE 4 GROUPE A APPARIEMENTS RONDE 4 GROUPE B ...<br \/><div class=\"pt-cv-rmwrap\"><a href=\"https:\/\/www.cesantmarti.com\/Internacional\/fr\/ronde-3-2025-fra\/\" class=\"_self pt-cv-readmore btn btn-success\" target=\"_self\">Leer M\u00e1s<\/a><\/div><\/div>\n<div class=\"pt-cv-meta-fields\"><span class=\"entry-date\"> <time datetime=\"2025-03-06T10:23:05+01:00\">06\/03\/2025<\/time><\/span><\/div><\/div><\/div>\n<div class=\"col-md-12 col-sm-12 col-xs-12 pt-cv-content-item pt-cv-1-col\" ><div class='pt-cv-ifield'><a href=\"https:\/\/www.cesantmarti.com\/Internacional\/fr\/ronde-2-2025-fra\/\" class=\"_self pt-cv-href-thumbnail pt-cv-thumb-default\" target=\"_self\" ><img loading=\"lazy\" decoding=\"async\" width=\"600\" height=\"452\" src=\"https:\/\/www.cesantmarti.com\/Internacional\/wp-content\/uploads\/2025\/07\/IMG-20250715-WA0024.webp\" class=\"pt-cv-thumbnail\" alt=\"\" \/><\/a>\n<h4 class=\"pt-cv-title\"><a href=\"https:\/\/www.cesantmarti.com\/Internacional\/fr\/ronde-2-2025-fra\/\" class=\"_self\" target=\"_self\" >Ronde 2<\/a><\/h4>\n<div class=\"pt-cv-content\">R\u00c9SULTATS RONDE 2 GROUPE A R\u00c9SULTATS RONDE 2 GROUPE B APPARIEMENTS RONDE 3 GROUPE A APPARIEMENTS RONDE 3 GROUPE B ...<br \/><div class=\"pt-cv-rmwrap\"><a href=\"https:\/\/www.cesantmarti.com\/Internacional\/fr\/ronde-2-2025-fra\/\" class=\"_self pt-cv-readmore btn btn-success\" target=\"_self\">Leer M\u00e1s<\/a><\/div><\/div>\n<div class=\"pt-cv-meta-fields\"><span class=\"entry-date\"> <time datetime=\"2025-03-06T09:38:59+01:00\">06\/03\/2025<\/time><\/span><\/div><\/div><\/div>\n<div class=\"col-md-12 col-sm-12 col-xs-12 pt-cv-content-item pt-cv-1-col\" ><div class='pt-cv-ifield'><a href=\"https:\/\/www.cesantmarti.com\/Internacional\/fr\/ronde-1-2025-fra\/\" class=\"_self pt-cv-href-thumbnail pt-cv-thumb-default\" target=\"_self\" ><img loading=\"lazy\" decoding=\"async\" width=\"600\" height=\"450\" src=\"https:\/\/www.cesantmarti.com\/Internacional\/wp-content\/uploads\/2025\/07\/IMG-20250714-WA0006.webp\" class=\"pt-cv-thumbnail\" alt=\"\" \/><\/a>\n<h4 class=\"pt-cv-title\"><a href=\"https:\/\/www.cesantmarti.com\/Internacional\/fr\/ronde-1-2025-fra\/\" class=\"_self\" target=\"_self\" >Ronde 1<\/a><\/h4>\n<div class=\"pt-cv-content\">Le tournoi a d\u00e9but\u00e9 avec un total de 314 joueurs inscrits, renouant ainsi avec la p\u00e9riode pr\u00e9-pand\u00e9mique o\u00f9 chaque \u00e9dition ...<br \/><div class=\"pt-cv-rmwrap\"><a href=\"https:\/\/www.cesantmarti.com\/Internacional\/fr\/ronde-1-2025-fra\/\" class=\"_self pt-cv-readmore btn btn-success\" target=\"_self\">Leer M\u00e1s<\/a><\/div><\/div>\n<div class=\"pt-cv-meta-fields\"><span class=\"entry-date\"> <time datetime=\"2025-03-06T09:27:50+01:00\">06\/03\/2025<\/time><\/span><\/div><\/div><\/div>\n<div class=\"col-md-12 col-sm-12 col-xs-12 pt-cv-content-item pt-cv-1-col\" ><div class='pt-cv-ifield'><a href=\"https:\/\/www.cesantmarti.com\/Internacional\/fr\/xxveme-ouvert-internationale-sant-marti-2025-frances\/\" class=\"_self pt-cv-href-thumbnail pt-cv-thumb-default\" target=\"_self\" ><\/a>\n<h4 class=\"pt-cv-title\"><a href=\"https:\/\/www.cesantmarti.com\/Internacional\/fr\/xxveme-ouvert-internationale-sant-marti-2025-frances\/\" class=\"_self\" target=\"_self\" >XXV\u00e8me OUVERT INTERNATIONALE SANT MART\u00cd 2025<\/a><\/h4>\n<div class=\"pt-cv-content\">Tout est pr\u00eat pour commencer le tournoi APPARIEMENTS RONDE 1 GROUPE A APARRIEMENTS RONDE 1 GROUPE B ...<br \/><div class=\"pt-cv-rmwrap\"><a href=\"https:\/\/www.cesantmarti.com\/Internacional\/fr\/xxveme-ouvert-internationale-sant-marti-2025-frances\/\" class=\"_self pt-cv-readmore btn btn-success\" target=\"_self\">Leer M\u00e1s<\/a><\/div><\/div>\n<div class=\"pt-cv-meta-fields\"><span class=\"entry-date\"> <time datetime=\"2025-03-06T09:16:00+01:00\">06\/03\/2025<\/time><\/span><\/div><\/div><\/div><\/div><\/div><\/div>\n","protected":false},"excerpt":{"rendered":"","protected":false},"author":2,"featured_media":0,"parent":0,"menu_order":0,"comment_status":"closed","ping_status":"closed","template":"","meta":{"_eb_attr":"","_uag_custom_page_level_css":"","site-sidebar-layout":"default","site-content-layout":"","ast-site-content-layout":"default","site-content-style":"default","site-sidebar-style":"default","ast-global-header-display":"","ast-banner-title-visibility":"","ast-main-header-display":"","ast-hfb-above-header-display":"","ast-hfb-below-header-display":"","ast-hfb-mobile-header-display":"","site-post-title":"","ast-breadcrumbs-content":"","ast-featured-img":"","footer-sml-layout":"","ast-disable-related-posts":"","theme-transparent-header-meta":"","adv-header-id-meta":"","stick-header-meta":"","header-above-stick-meta":"","header-main-stick-meta":"","header-below-stick-meta":"","astra-migrate-meta-layouts":"set","ast-page-background-enabled":"default","ast-page-background-meta":{"desktop":{"background-color":"var(--ast-global-color-4)","background-image":"","background-repeat":"repeat","background-position":"center center","background-size":"auto","background-attachment":"scroll","background-type":"","background-media":"","overlay-type":"","overlay-color":"","overlay-opacity":"","overlay-gradient":""},"tablet":{"background-color":"","background-image":"","background-repeat":"repeat","background-position":"center center","background-size":"auto","background-attachment":"scroll","background-type":"","background-media":"","overlay-type":"","overlay-color":"","overlay-opacity":"","overlay-gradient":""},"mobile":{"background-color":"","background-image":"","background-repeat":"repeat","background-position":"center center","background-size":"auto","background-attachment":"scroll","background-type":"","background-media":"","overlay-type":"","overlay-color":"","overlay-opacity":"","overlay-gradient":""}},"ast-content-background-meta":{"desktop":{"background-color":"var(--ast-global-color-5)","background-image":"","background-repeat":"repeat","background-position":"center center","background-size":"auto","background-attachment":"scroll","background-type":"","background-media":"","overlay-type":"","overlay-color":"","overlay-opacity":"","overlay-gradient":""},"tablet":{"background-color":"var(--ast-global-color-5)","background-image":"","background-repeat":"repeat","background-position":"center center","background-size":"auto","background-attachment":"scroll","background-type":"","background-media":"","overlay-type":"","overlay-color":"","overlay-opacity":"","overlay-gradient":""},"mobile":{"background-color":"var(--ast-global-color-5)","background-image":"","background-repeat":"repeat","background-position":"center center","background-size":"auto","background-attachment":"scroll","background-type":"","background-media":"","overlay-type":"","overlay-color":"","overlay-opacity":"","overlay-gradient":""}},"iawp_total_views":14,"footnotes":""},"class_list":["post-13056","page","type-page","status-publish","hentry"],"uagb_featured_image_src":{"full":false,"thumbnail":false,"medium":false,"medium_large":false,"large":false,"1536x1536":false,"2048x2048":false},"uagb_author_info":{"display_name":"Pablo Castillo","author_link":"https:\/\/www.cesantmarti.com\/Internacional\/author\/pablo\/"},"uagb_comment_info":0,"uagb_excerpt":null,"_links":{"self":[{"href":"https:\/\/www.cesantmarti.com\/Internacional\/wp-json\/wp\/v2\/pages\/13056","targetHints":{"allow":["GET"]}}],"collection":[{"href":"https:\/\/www.cesantmarti.com\/Internacional\/wp-json\/wp\/v2\/pages"}],"about":[{"href":"https:\/\/www.cesantmarti.com\/Internacional\/wp-json\/wp\/v2\/types\/page"}],"author":[{"embeddable":true,"href":"https:\/\/www.cesantmarti.com\/Internacional\/wp-json\/wp\/v2\/users\/2"}],"replies":[{"embeddable":true,"href":"https:\/\/www.cesantmarti.com\/Internacional\/wp-json\/wp\/v2\/comments?post=13056"}],"version-history":[{"count":3,"href":"https:\/\/www.cesantmarti.com\/Internacional\/wp-json\/wp\/v2\/pages\/13056\/revisions"}],"predecessor-version":[{"id":14198,"href":"https:\/\/www.cesantmarti.com\/Internacional\/wp-json\/wp\/v2\/pages\/13056\/revisions\/14198"}],"wp:attachment":[{"href":"https:\/\/www.cesantmarti.com\/Internacional\/wp-json\/wp\/v2\/media?parent=13056"}],"curies":[{"name":"wp","href":"https:\/\/api.w.org\/{rel}","templated":true}]}}