{"id":246,"date":"2023-03-10T21:44:42","date_gmt":"2023-03-10T20:44:42","guid":{"rendered":"https:\/\/www.cesantmarti.com\/Internacional\/?page_id=246"},"modified":"2026-01-27T23:11:59","modified_gmt":"2026-01-27T22:11:59","slug":"open-cas","status":"publish","type":"page","link":"https:\/\/www.cesantmarti.com\/Internacional\/open-cas\/","title":{"rendered":"Open-cas"},"content":{"rendered":"\n<h3 class=\"wp-block-heading has-text-align-center\"><strong>Bases del torneo XXVI ABIERTO INTERNACIONAL SANT MART\u00cd 2026<\/strong><\/h3>\n\n\n\n<p>El torneo es abierto a todos los jugadores que tengan licencia de la FIDE. Se aplicar\u00e1 el sistema suizo holand\u00e9s a nueve (9) rondas, haciendo servir el programa inform\u00e1tico Swiss Manager. El torneo punt\u00faa en el XXII Circuito Catal\u00e1n de Abiertos Internacionales de Ajedrez 2026 de la FCdE. La normativa entera del Circuito se puede encontrar en <strong><a href=\"http:\/\/escacscircuit.cat\" target=\"_blank\" rel=\"noreferrer noopener\">http:\/\/escacscircuit.cat<\/a><\/strong><\/p>\n\n\n\n<p><strong>Se realizar\u00e1n dos grupos:<\/strong><\/p>\n\n\n\n<ul class=\"wp-block-list\">\n<li><strong>Grupo A<\/strong>: v\u00e1lido para elo FIDE, FEDA, FCdE y para normas internacionales <mark style=\"background-color:rgba(0, 0, 0, 0)\" class=\"has-inline-color has-ast-global-color-1-color\"><strong>con un elo m\u00ednimo de 1950 elo FIDE (listas del 1 de julio de 2026). La organizaci\u00f3n se guarda el derecho de poder otorgar tarjetas de invitaci\u00f3n a jugadores con menos elo<\/strong> <strong>(m\u00ednimo 1900) o lo que la Organizaci\u00f3n crea conveniente para el buen desenlace del Open.<\/strong><\/mark> Los jugadores que est\u00e1n registrados como espa\u00f1oles (ESP) con la FIDE deben tener licencias FEDA activas.<\/li>\n<\/ul>\n\n\n\n<ul class=\"wp-block-list\">\n<li><strong>Grupo B<\/strong>: v\u00e1lido para elo FIDE, FEDA y FCdE. Abierto a todos los <strong><mark style=\"background-color:rgba(0, 0, 0, 0)\" class=\"has-inline-color has-ast-global-color-1-color\">jugadores con un elo FIDE m\u00e1ximo de 1949 (en las listas del 1 de julio de 2026 de la FIDE).<\/mark><\/strong> Los jugadores registrados como ESP con la FIDE deben tener licencias FEDA activas.<\/li>\n<\/ul>\n\n\n\n<p><mark style=\"background-color:rgba(0, 0, 0, 0)\" class=\"has-inline-color has-ast-global-color-1-color\"><strong>Se jugar\u00e1n 9 rondas durante nueve d\u00edas consecutivos, del 13 (lunes) al 21 (martes) de julio de 2026, ambos inclusive<\/strong>.<\/mark> El local de juego ser\u00e1 el Centre C\u00edvic Sant Mart\u00ed: c\/ Selva de Mar 215 (C.P. 08020) de Barcelona, adaptado para personas con movilidad reducida igual que los servicios. Las salas de juego tendr\u00e1 climatizaci\u00f3n i\/o aire acondicionado.<\/p>\n\n\n\n<p><strong>Las sesiones de juego comenzar\u00e1n a las 16:30 h. para ambos grupos.<\/strong> El control de tiempo ser\u00e1, para ambos grupos, de 90 minutos a finish m\u00e1s 30 segundos de incremento por jugada realizada.<\/p>\n\n\n\n<p><strong>Los derechos de inscripci\u00f3n son:<\/strong><\/p>\n\n\n\n<figure class=\"wp-block-table\"><table><tbody><tr><td><strong>GRUPO A<\/strong><\/td><\/tr><tr><td>CUOTA DE INSCRIPCI\u00d3N general<\/td><td><strong>60 \u20ac<\/strong><\/td><\/tr><tr><td>JUGADORES menores 18 y mayores 65<\/td><td><strong>55 \u20ac<\/strong><\/td><\/tr><tr><td>JUGADORES CLUBES DISTRITO SANT MART\u00cd<\/td><td><strong>55 \u20ac<\/strong><\/td><\/tr><tr><td>JUGADORES C.E. SANT MART\u00cd<\/td><td><strong>55 \u20ac<\/strong><\/td><\/tr><tr><td>CON DISCAPACIDAD RECONOCIDA EN LA FCdE<\/td><td><strong>55 \u20ac<\/strong><\/td><\/tr><tr><td>JUGADORES FAMILIARES DE PRIMER GRADO<\/td><td><strong>55 \u20ac<\/strong><\/td><\/tr><\/tbody><\/table><\/figure>\n\n\n\n<figure class=\"wp-block-table\"><table><tbody><tr><td><strong>GRUPO B<\/strong><\/td><\/tr><tr><td>CUOTA DE INSCRIPCI\u00d3N general<\/td><td><strong>55 \u20ac<\/strong><\/td><\/tr><tr><td>JUGADORES menores 18 i mayores 65<\/td><td><strong>50 \u20ac<\/strong><\/td><\/tr><tr><td>JUGADORES CLUBES DISTRITO SANT MART\u00cd<\/td><td><strong>50 \u20ac<\/strong><\/td><\/tr><tr><td>JUGADORES C.E. SANT MART\u00cd<\/td><td><strong>50 \u20ac<\/strong><\/td><\/tr><tr><td>CON DISCAPACIDAD RECONOCIDA EN LA FCdE<\/td><td><strong>50 \u20ac<\/strong><\/td><\/tr><tr><td>JUGADORES FAMILIARES DE PRIMER GRADO<\/td><td><strong>50 \u20ac<\/strong><\/td><\/tr><\/tbody><\/table><\/figure>\n\n\n\n<p>Formas de pago:<\/p>\n\n\n\n<ul class=\"wp-block-list\">\n<li><strong>Se puede pagar la cuota de inscripci\u00f3n, en efectivo o tarjeta, el primer d\u00eda de juego, sin descuento.<\/strong><\/li>\n\n\n\n<li><strong>Hay un descuento de 5 \u20ac si se hace el ingreso de la inscripci\u00f3n en la siguiente cuenta<\/strong> <strong>del BANCO SABADELL<\/strong>, <strong>antes del jueves 9 de julio (incluido), indicando nombre y apellidos<\/strong>:\n<ul class=\"wp-block-list\">\n<li><strong>BANCO SABADELL (IBAN: ES84 0081 0065 1700 0237 7641) &#8211; (BIC\/SWIFT: BSAB ESBB) &#8211; (Titular: Club Escacs Sant Mart\u00ed)<\/strong><\/li>\n<\/ul>\n<\/li>\n\n\n\n<li><strong>El jueves d\u00eda 9 es el  \u00faltimo d\u00eda con descuento por transferencia o pago con tarjeta por formulario.<\/strong><\/li>\n\n\n\n<li><strong>Quedan exentos de pago de inscripci\u00f3n aquellos jugadores con invitaci\u00f3n de la organizaci\u00f3n.<\/strong><\/li>\n\n\n\n<li><strong>Para ser emparejado en segunda ronda se tiene que haber realizado el pago de inscripci\u00f3n antes de finalizar la primera ronda.<\/strong><\/li>\n<\/ul>\n\n\n\n<p><strong>Las inscripciones se pueden hacer hasta el domingo 12\/07\/2026 a les 22:00 horas<\/strong>, momento en el que se cerrar\u00e1 la inscripci\u00f3n, en los tel\u00e9fonos:<\/p>\n\n\n\n<figure class=\"wp-block-table\"><table><tbody><tr><td>669 13 12 16<\/td><td>Evarist P\u00e9rez<\/td><td>De 18:00 a 22:00 horas<\/td><td><strong>TITULADOS &#8211; ENGLISH<\/strong><\/td><\/tr><tr><td>661 16 83 79<\/td><td>Eduard Arilla<\/td><td>De 18:00 a 22:00 horas<\/td><\/tr><tr><td>676 20 48 33<\/td><td>Pablo Castillo<\/td><td>De 10:00 a 22:00 horas<\/td><\/tr><\/tbody><\/table><\/figure>\n\n\n\n<p><strong>Asimismo, la inscripci\u00f3n se puede formalizar rellenando el formulario desde este enlace: <\/strong><a href=\"https:\/\/www.cesantmarti.com\/inscripcion-torneo-internacional\/\" target=\"_blank\" rel=\"noreferrer noopener\">https:\/\/www.cesantmarti.com\/inscripcion-torneo-internacional\/<\/a><strong>.<\/strong> Donde tambi\u00e9n se publicar\u00e1n los emparejamientos y las clasificaciones. Si la inscripci\u00f3n se hace v\u00eda web, la misma no se considerar\u00e1 formalizada hasta que se reciba un correo electr\u00f3nico de confirmaci\u00f3n. La organizaci\u00f3n se reserva el derecho de admitir o de anular una inscripci\u00f3n.<\/p>\n\n\n\n<p><strong>La ausencia no justificada a cualquier ronda implicar\u00e1 la retirada inmediata del torneo sin reembolso alguno<\/strong>. Los jugadores podr\u00e1n hacer hasta 2 byes de cero puntos siempre que avisen con suficiente antelaci\u00f3n a los \u00e1rbitros durante las sesiones de juego previas. Un tercer bye implicar\u00e1 la retirada del torneo. <strong>El orden de los dos primeros desempates se sortear\u00e1 tras el final de la \u00faltima ronda del torneo para establecer la clasificaci\u00f3n final:<\/strong><\/p>\n\n\n\n<ul class=\"wp-block-list\">\n<li><strong>Bucholz Total (BH)<\/strong><\/li>\n\n\n\n<li><strong>Bucholz Mediano (BH-M1)<\/strong><\/li>\n\n\n\n<li><strong>Si los jugadores siguen empatados, se utilizar\u00e1n los siguientes desempates en este orden: 3) Perfomance del torneo (TPR), 4) N\u00famero de victorias (WIN) y 5) Encuentro directo (DE). Si persiste el empate se realizar\u00e1 sorteo.<\/strong><\/li>\n<\/ul>\n\n\n\n<p>Se constituir\u00e1 un Comit\u00e9 de Competici\u00f3n formado por el director del torneo, un miembro de la Organizaci\u00f3n y 3 jugadores seleccionados durante la 1\u00aa ronda de juego. Las decisiones arbitrales podr\u00e1n ser apeladas por escrito a este comit\u00e9 antes de que finalice la sesi\u00f3n diaria de juego, previo pago de dep\u00f3sito de 200 euros que se perder\u00e1n en caso de que se pierda la apelaci\u00f3n. Sus decisiones ser\u00e1n definitivas e inapelables. Habr\u00e1 hojas de reclamaci\u00f3n de la FCdE a disposici\u00f3n de los jugadores.<\/p>\n\n\n\n<p><strong>Es obligatoria la asistencia de los jugadores premiados a la entrega de premios para recoger los premios correspondientes (ser\u00e1 indispensable presentar el DNI, NIE o pasaporte). Todos los premios se pagar\u00e1n descontando la retenci\u00f3n legal vigente.<\/strong> Los premios no se reparten ni se acumulan entre los  empatados a puntos. No se puede acumular un premio de la clasificaci\u00f3n general y un tramo. Si a un jugador le corresponden dos premios incompatibles, la direcci\u00f3n del torneo le asignar\u00e1 el de m\u00e1s valor econ\u00f3mico y si fuesen del mismo valor, la direcci\u00f3n del torneo le asignar\u00e1 el que crea conveniente. Para determinar los premios de tramos se usar\u00e1 el elo FIDE, tanto en el grupo A como en el grupo B.<\/p>\n\n\n\n<p><strong>El tiempo para declarar perdida una partida por incomparecencia ser\u00e1 de una hora oficial desde el inicio de la ronda correspondiente.<\/strong><\/p>\n\n\n\n<p>Se retransmitir\u00e1n por Internet las partidas de los primeros tableros.<\/p>\n\n\n\n<p>La entrega de premios se realizar\u00e1 en el Centre C\u00edvic Sant Mart\u00ed una vez acabada la \u00faltima ronda, el martes 21\/07\/2026.<\/p>\n\n\n\n<p>Las planillas son propiedad de la organizaci\u00f3n. Los participantes, o sus tutores legales en el caso de los menores de edad, autorizan a ser registrados y\/o fotografiados con finalidades informativas y\/o de promoci\u00f3n del propio torneo y futuros torneos de la organizaci\u00f3n. Tambi\u00e9n autorizan la publicaci\u00f3n de sus datos personales en los diferentes medios que la organizaci\u00f3n considere oportuno para la necesaria difusi\u00f3n e informaci\u00f3n del evento.<\/p>\n\n\n\n<p><strong>Est\u00e1 prohibido fumar en la sala de juego, incluidos cigarrillos electr\u00f3nicos, an\u00e1logos y\/o suced\u00e1neos; as\u00ed como hacer uso de tel\u00e9fonos m\u00f3viles o cualquier aparato electr\u00f3nico de comunicaci\u00f3n<\/strong>, ya sea pasiva o activamente, aplic\u00e1ndose la normativa FIDE.<\/p>\n\n\n\n<p>En caso de tener que parar o anular la competici\u00f3n por razones sanitarias o de fuerza mayor, el torneo se dar\u00e1 por finalizado y ser\u00e1 v\u00e1lido para la evaluaci\u00f3n de elo en el momento de la finalizaci\u00f3n. La clasificaci\u00f3n vigente ser\u00e1 la clasificaci\u00f3n final del torneo en ese caso. La Organizaci\u00f3n devolver\u00e1 la parte proporcional de los derechos de inscripci\u00f3n en la misma proporci\u00f3n de la parte no jugada del torneo y todos los premios tambi\u00e9n se ver\u00e1n reducidos en la misma proporci\u00f3n.<\/p>\n\n\n\n<p><strong>El torneo quedar\u00e1 suspendido cuando por motivos de fuerza mayor impidieran su desarrollo o si no se inscriben un m\u00ednimo de 200 jugadores entre ambos grupos<\/strong>; en estos casos, la responsabilidad de la organizaci\u00f3n se limitar\u00e1 a la devoluci\u00f3n de los derechos de inscripci\u00f3n cobrados.<\/p>\n\n\n\n<p>Cualquier punto no previsto en estas bases se resolver\u00e1 aplicando la normativa de la FIDE, FEDA, FCdE y la del \u201cCircuito Catal\u00e1n de Abiertos Internacionales 2026\u201d. La participaci\u00f3n en el torneo supone la aceptaci\u00f3n de estas normas.<\/p>\n\n\n\n<p>Estas bases podr\u00edan ser modificadas antes del 01\/07\/2026.<\/p>\n\n\n\n<p class=\"has-text-align-center\"><strong><a href=\"https:\/\/www.cesantmarti.com\/Internacional\/wp-content\/uploads\/2026\/01\/Bases-XXVI-Obert-Internacional-Sant-Marti-2026_CASTELLANO_definitivo.pdf\" target=\"_blank\" rel=\"noreferrer noopener\">DESCARGAR LAS BASES COMPLETAS<\/a><\/strong><\/p>\n","protected":false},"excerpt":{"rendered":"<p>Bases del torneo XXVI ABIERTO INTERNACIONAL SANT MART\u00cd 2026 El torneo es abierto a todos los jugadores que tengan licencia de la FIDE. Se aplicar\u00e1 el sistema suizo holand\u00e9s a nueve (9) rondas, haciendo servir el programa inform\u00e1tico Swiss Manager. El torneo punt\u00faa en el XXII Circuito Catal\u00e1n de Abiertos Internacionales de Ajedrez 2026 de [&hellip;]<\/p>\n","protected":false},"author":1,"featured_media":0,"parent":0,"menu_order":0,"comment_status":"closed","ping_status":"closed","template":"","meta":{"_eb_attr":"","_uag_custom_page_level_css":"","site-sidebar-layout":"default","site-content-layout":"","ast-site-content-layout":"default","site-content-style":"default","site-sidebar-style":"default","ast-global-header-display":"","ast-banner-title-visibility":"","ast-main-header-display":"","ast-hfb-above-header-display":"","ast-hfb-below-header-display":"","ast-hfb-mobile-header-display":"","site-post-title":"disabled","ast-breadcrumbs-content":"","ast-featured-img":"","footer-sml-layout":"","ast-disable-related-posts":"","theme-transparent-header-meta":"","adv-header-id-meta":"","stick-header-meta":"","header-above-stick-meta":"","header-main-stick-meta":"","header-below-stick-meta":"","astra-migrate-meta-layouts":"set","ast-page-background-enabled":"default","ast-page-background-meta":{"desktop":{"background-color":"var(--ast-global-color-4)","background-image":"","background-repeat":"repeat","background-position":"center center","background-size":"auto","background-attachment":"scroll","background-type":"","background-media":"","overlay-type":"","overlay-color":"","overlay-opacity":"","overlay-gradient":""},"tablet":{"background-color":"","background-image":"","background-repeat":"repeat","background-position":"center center","background-size":"auto","background-attachment":"scroll","background-type":"","background-media":"","overlay-type":"","overlay-color":"","overlay-opacity":"","overlay-gradient":""},"mobile":{"background-color":"","background-image":"","background-repeat":"repeat","background-position":"center center","background-size":"auto","background-attachment":"scroll","background-type":"","background-media":"","overlay-type":"","overlay-color":"","overlay-opacity":"","overlay-gradient":""}},"ast-content-background-meta":{"desktop":{"background-color":"var(--ast-global-color-5)","background-image":"","background-repeat":"repeat","background-position":"center center","background-size":"auto","background-attachment":"scroll","background-type":"","background-media":"","overlay-type":"","overlay-color":"","overlay-opacity":"","overlay-gradient":""},"tablet":{"background-color":"var(--ast-global-color-5)","background-image":"","background-repeat":"repeat","background-position":"center center","background-size":"auto","background-attachment":"scroll","background-type":"","background-media":"","overlay-type":"","overlay-color":"","overlay-opacity":"","overlay-gradient":""},"mobile":{"background-color":"var(--ast-global-color-5)","background-image":"","background-repeat":"repeat","background-position":"center center","background-size":"auto","background-attachment":"scroll","background-type":"","background-media":"","overlay-type":"","overlay-color":"","overlay-opacity":"","overlay-gradient":""}},"iawp_total_views":7516,"footnotes":""},"class_list":["post-246","page","type-page","status-publish","hentry"],"uagb_featured_image_src":{"full":false,"thumbnail":false,"medium":false,"medium_large":false,"large":false,"1536x1536":false,"2048x2048":false},"uagb_author_info":{"display_name":"Andreu","author_link":"https:\/\/www.cesantmarti.com\/Internacional\/author\/andres\/"},"uagb_comment_info":0,"uagb_excerpt":"Bases del torneo XXVI ABIERTO INTERNACIONAL SANT MART\u00cd 2026 El torneo es abierto a todos los jugadores que tengan licencia de la FIDE. Se aplicar\u00e1 el sistema suizo holand\u00e9s a nueve (9) rondas, haciendo servir el programa inform\u00e1tico Swiss Manager. El torneo punt\u00faa en el XXII Circuito Catal\u00e1n de Abiertos Internacionales de Ajedrez 2026 de&hellip;","_links":{"self":[{"href":"https:\/\/www.cesantmarti.com\/Internacional\/wp-json\/wp\/v2\/pages\/246","targetHints":{"allow":["GET"]}}],"collection":[{"href":"https:\/\/www.cesantmarti.com\/Internacional\/wp-json\/wp\/v2\/pages"}],"about":[{"href":"https:\/\/www.cesantmarti.com\/Internacional\/wp-json\/wp\/v2\/types\/page"}],"author":[{"embeddable":true,"href":"https:\/\/www.cesantmarti.com\/Internacional\/wp-json\/wp\/v2\/users\/1"}],"replies":[{"embeddable":true,"href":"https:\/\/www.cesantmarti.com\/Internacional\/wp-json\/wp\/v2\/comments?post=246"}],"version-history":[{"count":23,"href":"https:\/\/www.cesantmarti.com\/Internacional\/wp-json\/wp\/v2\/pages\/246\/revisions"}],"predecessor-version":[{"id":14204,"href":"https:\/\/www.cesantmarti.com\/Internacional\/wp-json\/wp\/v2\/pages\/246\/revisions\/14204"}],"wp:attachment":[{"href":"https:\/\/www.cesantmarti.com\/Internacional\/wp-json\/wp\/v2\/media?parent=246"}],"curies":[{"name":"wp","href":"https:\/\/api.w.org\/{rel}","templated":true}]}}