{"id":248,"date":"2023-03-10T21:45:43","date_gmt":"2023-03-10T20:45:43","guid":{"rendered":"https:\/\/www.cesantmarti.com\/Internacional\/?page_id=248"},"modified":"2026-01-27T23:18:40","modified_gmt":"2026-01-27T22:18:40","slug":"open-cat","status":"publish","type":"page","link":"https:\/\/www.cesantmarti.com\/Internacional\/ca\/open-cat\/","title":{"rendered":"Open-cat"},"content":{"rendered":"\n<h3 class=\"wp-block-heading has-text-align-center\"><strong>Bases del torneig XXVI OBERT INTERNACIONAL SANT MART\u00cd 2026<\/strong><\/h3>\n\n\n\n<p class=\"has-text-align-left\">El torneig \u00e9s obert a tots els jugadors que tinguin llic\u00e8ncia de la FIDE. S\u2019aplicar\u00e0 el sistema su\u00eds holand\u00e8s a nou (9) rondes, fent servir el programa inform\u00e0tic Swiss Manager, formant dos grups: A i B. El torneig pertany al XXII Circu\u00eft Catal\u00e0 d\u2019Oberts Internacionals d\u2019escacs 2026 de la FCdE. La normativa sencera del Circu\u00eft es pot trobar al web <strong><a href=\"http:\/\/escacscircuit.cat\" target=\"_blank\" rel=\"noreferrer noopener\">http:\/\/escacscircuit.cat<\/a><\/strong><\/p>\n\n\n\n<p><strong>Es realitzaran dos grups:<\/strong><\/p>\n\n\n\n<ul class=\"wp-block-list\">\n<li><strong>Grup A<\/strong>: v\u00e0lid per elo FIDE, FEDA , FCdE i per normes internacionals <strong><mark style=\"background-color:rgba(0, 0, 0, 0)\" class=\"has-inline-color has-ast-global-color-1-color\">amb un elo m\u00ednim de 1950 elo FIDE (llistes de l\u20191 de juliol de 2026). L\u2019organizaci\u00f3 es reserva el dret de poder otorgar targetes d\u2019invitaci\u00f3 a jugadors amb menys elo (elo m\u00ednim 1900) o all\u00f2 que l&#8217;Organitzaci\u00f3 cregui convenient per al bon desenlla\u00e7 de l&#8217;Open.<\/mark><\/strong> Els jugadors que estiguin registrats en la FIDE com espanyols deuran tindre llic\u00e8ncia FEDA activa.<\/li>\n<\/ul>\n\n\n\n<ul class=\"wp-block-list\">\n<li><strong>Grup B<\/strong>: v\u00e0lid per elo FIDE, FEDA i FCdE. Obert a tots els <mark style=\"background-color:rgba(0, 0, 0, 0)\" class=\"has-inline-color has-ast-global-color-1-color\"><strong>jugadors amb un elo FIDE m\u00e0xim de 1949 (llistes de l\u20191 de juliol de 2026 de la FIDE).<\/strong><\/mark> Els jugadors que estiguin registrats en la FIDE com espanyols deuran tindre llic\u00e8ncia FEDA activa.<\/li>\n<\/ul>\n\n\n\n<p><strong><mark style=\"background-color:rgba(0, 0, 0, 0)\" class=\"has-inline-color has-ast-global-color-1-color\">Es jugaran 9 rondes durant nou dies consecutius, del 13 (dilluns) al 21 (dimarts) de juliol de 2026, ambd\u00f3s inclosos.<\/mark><\/strong> El local de joc ser\u00e0 el Centre C\u00edvic Sant Mart\u00ed: c\/ Selva de Mar 215 (C.P. 08020) de Barcelona, adaptat per persones amb mobilitat redu\u00efda igual que els serveis. Les sales de joc tindr\u00e0 climatitzaci\u00f3 i\/o aire condicionat.<\/p>\n\n\n\n<p><strong>Les sessions de joc comen\u00e7aran a les 16:30 h. pels dos grups.<\/strong> El control de temps ser\u00e0 pels dos grups de 90 minuts a finish m\u00e9s 30 segons d\u2019increment per jugada feta.<\/p>\n\n\n\n<p><strong>Els drets d\u2019inscripci\u00f3 ser\u00e1n:<\/strong><\/p>\n\n\n\n<figure class=\"wp-block-table\"><table><tbody><tr><td><strong>GRUP A<\/strong><\/td><\/tr><tr><td>QUOTA D\u2019INSCRIPCI\u00d3 general<\/td><td><strong>60 \u20ac<\/strong><\/td><\/tr><tr><td>JUGADORS menors 18 i majors 65<\/td><td><strong>55 \u20ac<\/strong><\/td><\/tr><tr><td>JUGADORS CLUBS DISTRICTE SANT MART\u00cd<\/td><td><strong><strong>55 \u20ac<\/strong><\/strong><\/td><\/tr><tr><td>JUGADORS C.E. SANT MART\u00cd<\/td><td><strong><strong>55 \u20ac<\/strong><\/strong><\/td><\/tr><tr><td>AMB DISCAPACITAT RECONEGUDA A LA FCdE<\/td><td><strong><strong>55 \u20ac<\/strong><\/strong><\/td><\/tr><tr><td>JUGADORS FAMILIARS DE PRIMER GRAU<\/td><td><strong>55 \u20ac<\/strong><\/td><\/tr><\/tbody><\/table><\/figure>\n\n\n\n<figure class=\"wp-block-table\"><table><tbody><tr><td><strong>GRUP B<\/strong><\/td><\/tr><tr><td>QUOTA D\u2019INSCRIPCI\u00d3 general<\/td><td><strong>55 \u20ac<\/strong><\/td><\/tr><tr><td>JUGADORS menors 18 i majors 65<\/td><td><strong><strong>50 \u20ac<\/strong><\/strong><\/td><\/tr><tr><td>JUGADORS CLUBS DISTRICTE SANT MART\u00cd<\/td><td><strong><strong>50 \u20ac<\/strong><\/strong><\/td><\/tr><tr><td>JUGADORS C.E. SANT MART\u00cd<\/td><td><strong><strong>50 \u20ac<\/strong><\/strong><\/td><\/tr><tr><td>AMB DISCAPACITAT RECONEGUDA A LA FCdE<\/td><td><strong><strong>50 \u20ac<\/strong><\/strong><\/td><\/tr><tr><td>JUGADORS FAMILIARS DE PRIMER GRAU<\/td><td><strong><strong>50 \u20ac<\/strong><\/strong><\/td><\/tr><\/tbody><\/table><\/figure>\n\n\n\n<p><strong>Formes de pagament:<\/strong><\/p>\n\n\n\n<ul class=\"wp-block-list\">\n<li><strong>Es pot pagar la quota d&#8217;inscripci\u00f3, en efectiu o targeta, el primer dia de joc, sense descompte.<\/strong><\/li>\n\n\n\n<li><strong>Hi haur\u00e0 un descompte de 5 \u20ac si es fa l\u2019ingr\u00e9s de la inscripci\u00f3 al compte de BANC SABADELL, <strong>abans del dijous 9 de juliol (incl\u00f2s), indicant obligat\u00f2riament nom i cognoms:<\/strong> <\/strong>\n<ul class=\"wp-block-list\">\n<li><strong>BANCO SABADELL (IBAN: ES84 0081 0065 1700 0237 7641) &#8211; (BIC\/SWIFT: BSAB ESBB) &#8211; (Titular: Club Escacs Sant Mart\u00ed)<\/strong><\/li>\n<\/ul>\n<\/li>\n\n\n\n<li><strong>El dijous dia 9 \u00e9s el darrer dia amb descompte per transfer\u00e8ncia o pagament amb targeta per formulari.<\/strong><\/li>\n\n\n\n<li><strong>Resten exclosos del pagament de la inscripci\u00f3 els jugadors invitats per l&#8217;organitzaci\u00f3.<\/strong><\/li>\n\n\n\n<li><strong>Per a ser aparellat en segona ronda s&#8217;ha d&#8217;haver realitzat el pagament d&#8217;inscripci\u00f3 abans de finalitzar la primera ronda.<\/strong><\/li>\n<\/ul>\n\n\n\n<p><strong>Les inscripcions es poden fer fins el diumenge 12\/07\/2026 a les 22:00 hores, moment que es tancar\u00e0 la inscripci\u00f3 com a m\u00e0xim, als tel\u00e8fons seg\u00fcents<\/strong>:<\/p>\n\n\n\n<figure class=\"wp-block-table\"><table><tbody><tr><td>669 13 12 16<\/td><td>Evarist P\u00e9rez<\/td><td>De 18:00 a 22:00 hores<\/td><td><strong>TITULATS &#8211; ENGLISH<\/strong><\/td><\/tr><tr><td>661 16 83 79<\/td><td>Eduard Arilla<\/td><td>De 18:00 a 22:00 hores<\/td><\/tr><tr><td>676 20 48 33<\/td><td>Pablo Castillo<\/td><td>De 10:00 a 22:00 hores<\/td><\/tr><\/tbody><\/table><\/figure>\n\n\n\n<p><strong>Aix\u00ed mateix, la inscripci\u00f3 es pot formalitzar omplint el formulari des d&#8217;aquest enlla\u00e7: <\/strong><a href=\"https:\/\/www.cesantmarti.com\/inscripcio-internacional-catala\/\">https:\/\/www.cesantmarti.com\/inscripcio-internacional-catala\/<\/a> on tamb\u00e9 es publicaran els emparellaments i les classificacions. Si feu la inscripci\u00f3 via web, aquesta no es considerar\u00e0 formalitzada fins que no rebeu un correu electr\u00f2nic de confirmaci\u00f3. L\u2019organitzaci\u00f3 es reserva el dret d\u2019admissi\u00f3 o d&#8217;anular una inscripci\u00f3.<\/p>\n\n\n\n<p><strong>L\u2019abs\u00e8ncia no justificada a qualsevol ronda implicar\u00e0 la retirada immediata del torneig sense cap reemborsament.<\/strong> Els descansos sol\u00b7licitats pels jugadors es puntuaran amb 0 punts, podent-ne demanar un m\u00e0xim de 2, sempre que avisin als \u00e0rbitres durant les sessions pr\u00e8vies. Un tercer bye suposar\u00e0 la retirada del torneig.<strong> Per establir la classificaci\u00f3 final, els empats a punts es resoldran fent servir els seg\u00fcents desempats fent un sorteig dels dos primers desempats:<\/strong><\/p>\n\n\n\n<ul class=\"wp-block-list\">\n<li><strong>Bucholz Total (BH)<\/strong><\/li>\n\n\n\n<li><strong>Bucholz Mitj\u00e0 (BH-M1)<\/strong><\/li>\n\n\n\n<li><strong>En cas de persistir l\u2019empat s\u2019aplicar\u00e0 per aquest ordre els seg\u00fcents: <\/strong><strong>3) Perfomance del torneig (TPR), 4) N\u00famero de vict\u00f2ries (WIN) y 5) Encontre directe (DE). Si persisteix l\u2019empat es realitzar\u00e0 sorteig.<\/strong><\/li>\n<\/ul>\n\n\n\n<p>Es constituir\u00e0 un Comit\u00e8 de Competici\u00f3 format pel director del torneig, un membre de l&#8217;Organitzaci\u00f3 i 3 jugadors seleccionats durant la 1\u00aa ronda de joc. Les decisions arbitrals podran ser apel\u00b7lades per escrit a aquest Comit\u00e8 abans que finalitzi la sessi\u00f3 di\u00e0ria de joc, previ pagament de dip\u00f2sit de 200 euros que es perdran en cas que es perdi l&#8217;apel\u00b7laci\u00f3. Les seves decisions seran definitives i inapel\u00b7lables. Hi haur\u00e0 fulles de reclamaci\u00f3 de la FCdE a disposici\u00f3 dels jugadors.<\/p>\n\n\n\n<p><strong>\u00c9s obligat\u00f2ria l\u2019assist\u00e8ncia dels jugadors premiats a l\u2019entrega de premis per recollir els premis corresponents (hauran de portar el DNI, NIE o passaport). Tots els premis es pagaran descomptant la retenci\u00f3 legal vigent.<\/strong> Els premis no es reparteixen ni s\u2019acumulen entre els empatats a punts. No \u00e9s pot acumular un premi de la classificaci\u00f3 general i un tram. Si a un jugador n\u2019hi corresponen dos incompatibles, la direcci\u00f3 del torneig li assignar\u00e0 el de m\u00e9s valor econ\u00f2mic i si fossin del mateix valor econ\u00f2mic la direcci\u00f3 del torneig li assignar\u00e0 el que cregui convenient. Per determinar els premis dels trams es far\u00e0 servir l\u2019elo FIDE, tant al grup A com al grup B.<\/p>\n\n\n\n<p><strong>Els temps per declarar perduda una partida per incompareixen\u00e7a ser\u00e0 d\u2019una hora des de l\u2019hora oficial d\u2019inici de la ronda corresponent.<\/strong><\/p>\n\n\n\n<p>Es retransmetran per Internet les partides dels primers taulers.<\/p>\n\n\n\n<p>El lliurament de premis es far\u00e0 al Centre C\u00edvic Sant Mart\u00ed un cop acabada la darrera ronda, el dimarts 21\/07\/2026.<\/p>\n\n\n\n<p>Les graelles s\u00f3n propietat de l\u2019organitzaci\u00f3. Els participants, o els seus tutors legals en el cas dels menors d&#8217;edat, autoritzen a ser registrats i\/o fotografiats amb finalitats informatives i\/o de promoci\u00f3 del propi i futurs tornejos de l&#8217;organitzaci\u00f3. Tamb\u00e9 autoritzen la publicaci\u00f3 de les seves dades personals en els diferents mitjans que l&#8217;organitzaci\u00f3 consideri oport\u00fa per a la necess\u00e0ria difusi\u00f3 i informaci\u00f3 de &#8216;esdeveniment.<\/p>\n\n\n\n<p><strong>Est\u00e0 prohibit fumar a la sala de joc, incl\u00f2s cigarrets electr\u00f2nics, an\u00e0legs i\/o succedanis; aix\u00ed com fer \u00fas de tel\u00e8fons m\u00f2bils o qualsevol aparell electr\u00f2nic de comunicaci\u00f3, ja sigui passiva o activament<\/strong>, aplicant-se la normativa FIDE respecte a aquesta situaci\u00f3.<\/p>\n\n\n\n<p>En cas d&#8217;haver de parar o anul\u00b7lar la competici\u00f3 per raons sanit\u00e0ries o de for\u00e7a major, el torneig es donar\u00e0 per finalitzat i ser\u00e0 v\u00e0lid per a l&#8217;avaluaci\u00f3 d\u2019elo en el moment de la finalitzaci\u00f3. La classificaci\u00f3 vigent ser\u00e0 la classificaci\u00f3 final del torneig en aquest cas. L&#8217;Organitzaci\u00f3 retornar\u00e0 la part proporcional dels drets d&#8217;inscripci\u00f3 en la mateixa proporci\u00f3 de la part no jugada del torneig i tots els premis tamb\u00e9 es veuran redu\u00efts en la mateixa proporci\u00f3.<\/p>\n\n\n\n<p><strong>El torneig quedar\u00e0 susp\u00e8s quan per motius de for\u00e7a major impedissin el seu desenvolupament o si no s\u2019inscriuen el nombre m\u00ednim de 200 jugador ambd\u00f2s grups<\/strong>; en aquests casos, la responsabilitat de l\u2019organitzaci\u00f3 es limitar\u00e0 a la devoluci\u00f3 dels drets cobrats.<\/p>\n\n\n\n<p>Qualsevol punt no previst en aquestes bases es resoldr\u00e0 aplicant la normativa de la FIDE, FEDA, FCE i la del Circu\u00eft Catal\u00e0 d\u2019Oberts Internacionals 2026. La participaci\u00f3 al torneig suposa l&#8217;acceptaci\u00f3 d&#8217;aquestes normes.<\/p>\n\n\n\n<p>Aquestes bases podr\u00e1n ser modificades abans del 01\/07\/2026.<\/p>\n\n\n\n<p class=\"has-text-align-center\"><strong><a href=\"https:\/\/www.cesantmarti.com\/Internacional\/wp-content\/uploads\/2026\/01\/Bases-XXVI-Obert-Internacional-Sant-Marti-2026_CATALAN_definitivo.pdf\" target=\"_blank\" rel=\"noreferrer noopener\">DESCARREGAR LES BASES COMPLETES<\/a><\/strong><\/p>\n","protected":false},"excerpt":{"rendered":"<p>Bases del torneig XXVI OBERT INTERNACIONAL SANT MART\u00cd 2026 El torneig \u00e9s obert a tots els jugadors que tinguin llic\u00e8ncia de la FIDE. S\u2019aplicar\u00e0 el sistema su\u00eds holand\u00e8s a nou (9) rondes, fent servir el programa inform\u00e0tic Swiss Manager, formant dos grups: A i B. El torneig pertany al XXII Circu\u00eft Catal\u00e0 d\u2019Oberts Internacionals d\u2019escacs [&hellip;]<\/p>\n","protected":false},"author":1,"featured_media":0,"parent":0,"menu_order":0,"comment_status":"closed","ping_status":"closed","template":"","meta":{"_eb_attr":"","_uag_custom_page_level_css":"","site-sidebar-layout":"default","site-content-layout":"","ast-site-content-layout":"default","site-content-style":"default","site-sidebar-style":"default","ast-global-header-display":"","ast-banner-title-visibility":"","ast-main-header-display":"","ast-hfb-above-header-display":"","ast-hfb-below-header-display":"","ast-hfb-mobile-header-display":"","site-post-title":"disabled","ast-breadcrumbs-content":"","ast-featured-img":"","footer-sml-layout":"","ast-disable-related-posts":"","theme-transparent-header-meta":"","adv-header-id-meta":"","stick-header-meta":"","header-above-stick-meta":"","header-main-stick-meta":"","header-below-stick-meta":"","astra-migrate-meta-layouts":"set","ast-page-background-enabled":"default","ast-page-background-meta":{"desktop":{"background-color":"var(--ast-global-color-4)","background-image":"","background-repeat":"repeat","background-position":"center center","background-size":"auto","background-attachment":"scroll","background-type":"","background-media":"","overlay-type":"","overlay-color":"","overlay-opacity":"","overlay-gradient":""},"tablet":{"background-color":"","background-image":"","background-repeat":"repeat","background-position":"center center","background-size":"auto","background-attachment":"scroll","background-type":"","background-media":"","overlay-type":"","overlay-color":"","overlay-opacity":"","overlay-gradient":""},"mobile":{"background-color":"","background-image":"","background-repeat":"repeat","background-position":"center center","background-size":"auto","background-attachment":"scroll","background-type":"","background-media":"","overlay-type":"","overlay-color":"","overlay-opacity":"","overlay-gradient":""}},"ast-content-background-meta":{"desktop":{"background-color":"var(--ast-global-color-5)","background-image":"","background-repeat":"repeat","background-position":"center center","background-size":"auto","background-attachment":"scroll","background-type":"","background-media":"","overlay-type":"","overlay-color":"","overlay-opacity":"","overlay-gradient":""},"tablet":{"background-color":"var(--ast-global-color-5)","background-image":"","background-repeat":"repeat","background-position":"center center","background-size":"auto","background-attachment":"scroll","background-type":"","background-media":"","overlay-type":"","overlay-color":"","overlay-opacity":"","overlay-gradient":""},"mobile":{"background-color":"var(--ast-global-color-5)","background-image":"","background-repeat":"repeat","background-position":"center center","background-size":"auto","background-attachment":"scroll","background-type":"","background-media":"","overlay-type":"","overlay-color":"","overlay-opacity":"","overlay-gradient":""}},"iawp_total_views":2661,"footnotes":""},"class_list":["post-248","page","type-page","status-publish","hentry"],"uagb_featured_image_src":{"full":false,"thumbnail":false,"medium":false,"medium_large":false,"large":false,"1536x1536":false,"2048x2048":false},"uagb_author_info":{"display_name":"Andreu","author_link":"https:\/\/www.cesantmarti.com\/Internacional\/author\/andres\/"},"uagb_comment_info":0,"uagb_excerpt":"Bases del torneig XXVI OBERT INTERNACIONAL SANT MART\u00cd 2026 El torneig \u00e9s obert a tots els jugadors que tinguin llic\u00e8ncia de la FIDE. S\u2019aplicar\u00e0 el sistema su\u00eds holand\u00e8s a nou (9) rondes, fent servir el programa inform\u00e0tic Swiss Manager, formant dos grups: A i B. El torneig pertany al XXII Circu\u00eft Catal\u00e0 d\u2019Oberts Internacionals d\u2019escacs&hellip;","_links":{"self":[{"href":"https:\/\/www.cesantmarti.com\/Internacional\/wp-json\/wp\/v2\/pages\/248","targetHints":{"allow":["GET"]}}],"collection":[{"href":"https:\/\/www.cesantmarti.com\/Internacional\/wp-json\/wp\/v2\/pages"}],"about":[{"href":"https:\/\/www.cesantmarti.com\/Internacional\/wp-json\/wp\/v2\/types\/page"}],"author":[{"embeddable":true,"href":"https:\/\/www.cesantmarti.com\/Internacional\/wp-json\/wp\/v2\/users\/1"}],"replies":[{"embeddable":true,"href":"https:\/\/www.cesantmarti.com\/Internacional\/wp-json\/wp\/v2\/comments?post=248"}],"version-history":[{"count":22,"href":"https:\/\/www.cesantmarti.com\/Internacional\/wp-json\/wp\/v2\/pages\/248\/revisions"}],"predecessor-version":[{"id":14207,"href":"https:\/\/www.cesantmarti.com\/Internacional\/wp-json\/wp\/v2\/pages\/248\/revisions\/14207"}],"wp:attachment":[{"href":"https:\/\/www.cesantmarti.com\/Internacional\/wp-json\/wp\/v2\/media?parent=248"}],"curies":[{"name":"wp","href":"https:\/\/api.w.org\/{rel}","templated":true}]}}