{"id":252,"date":"2023-03-10T21:51:25","date_gmt":"2023-03-10T20:51:25","guid":{"rendered":"https:\/\/www.cesantmarti.com\/Internacional\/?page_id=252"},"modified":"2026-01-27T23:47:19","modified_gmt":"2026-01-27T22:47:19","slug":"open-fra","status":"publish","type":"page","link":"https:\/\/www.cesantmarti.com\/Internacional\/fr\/open-fra\/","title":{"rendered":"Open-fra"},"content":{"rendered":"\n<h3 class=\"wp-block-heading has-text-align-center\"><strong>R\u00e8gles du tournoi XXVI\u00e8me OUVERT INTERNATIONAL SANT MART\u00cd 2026<\/strong><\/h3>\n\n\n\n<p class=\"has-text-align-left\">Le tournoi est ouvert \u00e0 tous les joueurs ayant licence de la FIDE. S\u2019applique le syst\u00e8me suisse Hollandais en neuf (9) rondes, faisant servir le logiciel Swiss Manager. Le tournoi donne points dans le XXIIe Circuit Catalane d\u2019Ouverts Internationaux des \u00c9checs 2026 du FCdE. La r\u00e9glementation enti\u00e8re du Circuit on peut en trouver dans <strong><a href=\"http:\/\/escacscircuit.cat\" target=\"_blank\" rel=\"noreferrer noopener\">http:\/\/escacscircuit.cat<\/a><\/strong><\/p>\n\n\n\n<p><strong>Deux groupes seront men\u00e9s:<\/strong><\/p>\n\n\n\n<ul class=\"wp-block-list\">\n<li><strong>Groupe A<\/strong>: valable pour elo FIDE, FEDA et FCdE et des normes internationales <strong><mark style=\"background-color:rgba(0, 0, 0, 0)\" class=\"has-inline-color has-ast-global-color-1-color\">avec un elo minimum de 1950 elo FIDE (listes du 1er juillet 2026). Les organisateurs se r\u00e9servent le droit d&#8217;accorder des cartes d&#8217;invitation \u00e0 des joueurs ayant un elo inf\u00e9rieur (elo minimum 1900) ou tout ce que l&#8217;Organisation juge appropri\u00e9 pour le succ\u00e8s de l&#8217;Open.<\/mark><\/strong> Les joueurs qui sont enregistr\u00e9s comme espagnol (ESP) avec des licences actives FIDE doivent avoir FEDA.<\/li>\n<\/ul>\n\n\n\n<ul class=\"wp-block-list\">\n<li><strong>Groupe B<\/strong>: valable pour elo FIDE, FEDA et FCdE. Ouvert \u00e0 tous les<strong><mark style=\"background-color:rgba(0, 0, 0, 0)\" class=\"has-inline-color has-ast-global-color-1-color\">joueurs avec ELO FIDE maximale 1949 (listes 1er juillet 2026, de la FIDE).<\/mark> <\/strong>Les joueurs qui sont enregistr\u00e9s comme espagnol (ESP) avec des licences actives FIDE doivent avoir FEDA.<\/li>\n<\/ul>\n\n\n\n<p><mark style=\"background-color:rgba(0, 0, 0, 0)\" class=\"has-inline-color has-ast-global-color-1-color\"><strong>Est joueront 9 rondes pendant neuf jours cons\u00e9cutifs, du 13 (lundi) au 21 (mardi) de juillet de 2026, les deux inclusivement.<\/strong> <\/mark>Le local de jeu sera le Centre Civic Sant Mart\u00ed: rue Selva de Mar 215 (CP 08020) de Barcelone, i adapt\u00e9e pour handicap\u00e9s physiciens et ainsi que les services. Il y a une climatisation dans la salle de jeu et\/ou de climatisation.<\/p>\n\n\n\n<p><strong>Les s\u00e9ances de jeu commenceront \u00e0 16h30 pour les deux groupes.<\/strong> Le contr\u00f4le du temps sera, pour les deux groupes, de 90 minutes \u00e0 finish plus de 30 seconds de d\u00e9veloppement par un coup r\u00e9alis\u00e9.<\/p>\n\n\n\n<p><strong>Les tarifs d&#8217;inscription sont:<\/strong><\/p>\n\n\n\n<figure class=\"wp-block-table\"><table><tbody><tr><td class=\"has-text-align-left\" data-align=\"left\"><strong>GROUPE A<\/strong><\/td><\/tr><tr><td class=\"has-text-align-left\" data-align=\"left\">TARIF D\u2019INSCRIPTION g\u00e9n\u00e9ral<\/td><td><strong>60 \u20ac<\/strong><\/td><\/tr><tr><td class=\"has-text-align-left\" data-align=\"left\">JOUEURS de moins 18 et plus 65<\/td><td><strong>55 \u20ac<\/strong><\/td><\/tr><tr><td class=\"has-text-align-left\" data-align=\"left\">JOUEURS DES CLUBS DISTRICT SANT MART\u00cd<\/td><td><strong>55 \u20ac<\/strong><\/td><\/tr><tr><td class=\"has-text-align-left\" data-align=\"left\">JOUEURS C.E. SANT MART\u00cd<\/td><td><strong>55 \u20ac<\/strong><\/td><\/tr><tr><td class=\"has-text-align-left\" data-align=\"left\">AVEC UN HANDICAP RECONNU DANS LA FCdE<\/td><td><strong>55 \u20ac<\/strong><\/td><\/tr><tr><td class=\"has-text-align-left\" data-align=\"left\">JOUERS PARENTS AU PREMIER DEGR\u00c9<\/td><td><strong>55 \u20ac<\/strong><\/td><\/tr><\/tbody><\/table><\/figure>\n\n\n\n<figure class=\"wp-block-table\"><table><tbody><tr><td><strong>GROUPE B<\/strong><\/td><\/tr><tr><td>TARIF D\u2019INSCRIPTION g\u00e9n\u00e9ral<\/td><td><strong>55 \u20ac<\/strong><\/td><\/tr><tr><td>JOUEURS de moins 18 et plus 65<\/td><td><strong>50 \u20ac<\/strong><\/td><\/tr><tr><td>JOUEURS DES CLUBS DISTRICT SANT MART\u00cd<\/td><td><strong>50 \u20ac<\/strong><\/td><\/tr><tr><td>JOUEURS C.E. SANT MART\u00cd<\/td><td><strong>50 \u20ac<\/strong><\/td><\/tr><tr><td>AVEC UN HANDICAP RECONNU DANS LA FCdE<\/td><td><strong>50 \u20ac<\/strong><\/td><\/tr><tr><td>JOUERS PARENTS AU PREMIER DEGR\u00c9<\/td><td><strong>50 \u20ac<\/strong><\/td><\/tr><\/tbody><\/table><\/figure>\n\n\n\n<p><strong>Modalit\u00e9s de paiement:<\/strong><\/p>\n\n\n\n<ul class=\"wp-block-list\">\n<li><strong>Les droits d&#8217;inscription peuvent \u00eatre pay\u00e9s en esp\u00e8ces ou par carte de cr\u00e9dit le premier jour de jeu, sans escompte.<\/strong><\/li>\n\n\n\n<li><strong>Une r\u00e9duction de 5 \u20ac est accord\u00e9e si les frais d&#8217;inscription sont vers\u00e9s sur le compte suivant de BANCO SABADELL avant le jeudi 9 juillet (inclus), en indiquant le nom et le pr\u00e9nom:<\/strong>\n<ul class=\"wp-block-list\">\n<li><strong>BANCO SABADELL (IBAN: ES84 0081 0065 1700 0237 7641) &#8211; (BIC\/SWIFT: BSAB ESBB) &#8211; (Titre: Club Escacs Sant Mart\u00ed)<\/strong><\/li>\n<\/ul>\n<\/li>\n\n\n\n<li><strong>Le jeudi 9 est le dernier jour pour b\u00e9n\u00e9ficier d&#8217;une r\u00e9duction pour les paiements par virement bancaire ou par carte via le formulaire.<\/strong><\/li>\n\n\n\n<li><strong>Les paiements sont exempt\u00e9s de l&#8217;inscription des joueurs sur invitation de l&#8217;organisation.<\/strong><\/li>\n\n\n\n<li><strong>Pour \u00eatre jumel\u00e9 au second ronde, le droit d&#8217;inscription doit avoir \u00e9t\u00e9 pay\u00e9 avant la fin du premier ronde.<\/strong><\/li>\n<\/ul>\n\n\n\n<p><strong>Les inscriptions peuvent \u00eatre faites jusqu&#8217;au dimanche 12\/07\/2026 \u00e0 eux 22:00 des heures, un moment dans celui qui se fermera l&#8217;inscription, par les t\u00e9l\u00e9phones<\/strong>:<\/p>\n\n\n\n<figure class=\"wp-block-table\"><table><tbody><tr><td>669 13 12 16<\/td><td>Evarist P\u00e9rez<\/td><td>De 18:00 a 22:00 heures<\/td><td><strong>DES DIPL\u00d4MES &#8211; ENGLISH<\/strong><\/td><\/tr><tr><td>661 16 83 79<\/td><td>Eduard Arilla<\/td><td>De 18:00 a 22:00 heures<\/td><\/tr><tr><td>676 20 48 33<\/td><td>Pablo Castillo<\/td><td>De 10:00 a 22:00 heures<\/td><\/tr><\/tbody><\/table><\/figure>\n\n\n\n<p><strong>Ou aussi en remplissant le formulaire d&#8217;inscription dans ce lien: <\/strong> <a href=\"https:\/\/www.cesantmarti.com\/inscripcion-internacional-frances\/\">https:\/\/www.cesantmarti.com\/inscripcion-internacional-frances\/<\/a> O\u00f9 l&#8217;assemblage par paires et les classifications seront publi\u00e9s. Si une route web est faite, l&#8217;inscription ne se consid\u00e9rera pas formalis\u00e9e jusqu&#8217;\u00e0 ce que vous receviez un email de confirmation. La limite d&#8217;inscrits est de 350 joueurs entre les deux groupes, sauf si l&#8217;organisation peut \u00e9tendre cette limite. L&#8217;organisation se r\u00e9serve le droit d&#8217;acceptation ou d&#8217;annuler une inscription.<\/p>\n\n\n\n<p><strong>Toute absence non excus\u00e9e \u00e0 un tour entra\u00eenera le retrait imm\u00e9diat du tournoi sans remboursement.<\/strong> Les joueurs peuvent effectuer jusqu&#8217;\u00e0 2 byes de z\u00e9ro point \u00e0 condition de pr\u00e9venir les arbitres suffisamment \u00e0 l&#8217;avance lors des sessions de jeu pr\u00e9c\u00e9dentes. <strong>Un troisi\u00e8me bye entra\u00eenera le retrait du tournoi. L&#8217;ordre des bris d&#8217;\u00e9galit\u00e9 suivants sera tir\u00e9 au sort apr\u00e8s la fin du dernier tour du tournoi:<\/strong><\/p>\n\n\n\n<ul class=\"wp-block-list\">\n<li><strong>Bucholz Total (BH)<\/strong><\/li>\n\n\n\n<li><strong>Bucholz Moyen (BH-M1)<\/strong><\/li>\n\n\n\n<li><strong>Si les joueurs sont toujours \u00e0 \u00e9galit\u00e9, les crit\u00e8res de d\u00e9partage suivants seront utilis\u00e9s dans cet ordre: <\/strong><strong>3) Performance du tournoi (TPR), 4) Nombre de victoires (WIN) y 5) Rencontre directe (DE). <\/strong><strong>En cas d&#8217;\u00e9galit\u00e9, un tirage au sort.<\/strong><\/li>\n<\/ul>\n\n\n\n<p>Il y aura un Comit\u00e9 de la concurrence form\u00e9 par le directeur du tournoiun membre de l\u2019organisation et trois joueurs s\u00e9lectionn\u00e9s lors du 1er tour de jouer. Les sentences arbitrales peuvent \u00eatre port\u00e9es en appel par \u00e9crit au comit\u00e9 avant la fin de la s\u00e9ance quotidienne de jouer, moyennant le versement d&#8217;un d\u00e9p\u00f4t de 200 euros, qui restera acquis en cas de rejet du recours.. Leurs d\u00e9cisions sont sans appel. Il y aura des formulaires de plainte de FCdE disponibles pour les joueurs.<\/p>\n\n\n\n<p><strong>Elle est obligatoire, l&#8217;aide des joueurs r\u00e9compens\u00e9s \u00e0 la livraison de prix pour reprendre ce qu&#8217;ils ont gagn\u00e9 (devrait apporter la DNI, NIE ou passeport pour recueillir le prix). Tous les prix se paieront en d\u00e9duisant la r\u00e9tentio  l\u00e9gale en vigueur<\/strong>. Les prix ne sont pas r\u00e9partis ils s&#8217;accumulent entre les \u00e9galis\u00e9s aux points. On ne peut pas accumuler un prix de la classification g\u00e9n\u00e9rale et un tranche. Si deux prix incompatibles communiquent \u00e0 un joueur, la direction du tournoi lui assignera celui-l\u00e0 de plus une valeur \u00e9conomique et s&#8217;ils \u00e9taient de la m\u00eame valeur, la direction du tournoi lui assignera celui qui consid\u00e8re convenable. Pour d\u00e9terminer les tron\u00e7ons de bourses classement FIDE sera utilis\u00e9e \u00e0 la fois dans le groupe A comme dans le groupe B.<\/p>\n\n\n\n<p><strong>Le temps pour d\u00e9clarer comme perte une partie par non-comparution sera d&#8217;une heure officielle depuis le d\u00e9but de la ronde correspondante.<\/strong><\/p>\n\n\n\n<p>On retransmettra par Internet les parties des premiers panneaux.<\/p>\n\n\n\n<p>La livraison de prix sera r\u00e9alis\u00e9e dans le Centre Civic Sant Mart\u00ed une fois termin\u00e9e la derni\u00e8re ronde, le mardi 21\/07\/2026.<\/p>\n\n\n\n<p>Les listes sont propri\u00e9t\u00e9 de l&#8217;organisation. Les participants, ou leurs tuteurs l\u00e9gaux dans le cas de mineurs, autorisent \u00e0 \u00eatre enregistr\u00e9s et\/ou photographi\u00e9s \u00e0 des fins informatives et\/ou promotionnelles des tournois propres et futurs de l&#8217;organisation. Ils autorisent \u00e9galement la publication de leurs donn\u00e9es personnelles dans les diff\u00e9rents m\u00e9dias que l&#8217;organisation juge appropri\u00e9s pour la diffusion et l&#8217;information n\u00e9cessaires de l&#8217;\u00e9v\u00e9nement.<\/p>\n\n\n\n<p><strong>Il est d\u00e9fendu de fumer dans la salle de jeu, et compris les cigarettes \u00e9lectroniques, comme et \/ ou substituts ainsi que utiliser des t\u00e9l\u00e9phones portables<\/strong>, en s&#8217;appliquant la r\u00e9glementation FIDE par rapport \u00e0 cette situation.<\/p>\n\n\n\n<p>Dans le cas o\u00f9 la comp\u00e9tition doit \u00eatre arr\u00eat\u00e9e ou annul\u00e9e pour des raisons de sant\u00e9 ou de force majeure, le tournoi sera termin\u00e9 et sera valable pour l&#8217;\u00e9valuation de l&#8217;elo au moment de l&#8217;ach\u00e8vement. Dans ce cas, le classement actuel sera le classement final du tournoi. L&#8217;Organisation remboursera la partie proportionnelle du droit d&#8217;inscription dans la m\u00eame proportion que la partie non jou\u00e9e du tournoi et tous les prix seront \u00e9galement r\u00e9duits dans la m\u00eame proportion.<\/p>\n\n\n\n<p><strong>Le tournoi sera suspendu si, pour des raisons de force majeure, son d\u00e9roulement est emp\u00each\u00e9 ou si un minimum de 200 joueurs entre les deux groupes ne s&#8217;inscrivent pas<\/strong>; dans ces cas, la responsabilit\u00e9 de l&#8217;organisation se limitera au remboursement des droits d&#8217;inscription per\u00e7us.<\/p>\n\n\n\n<p>El point n&#8217;est pas fournie dans les bases sera r\u00e9solu en appliquant la r\u00e9glementation de la FIDE, FEDA, FCE et le \u00abCircuit Catalane d&#8217;Ouverts Internationaux 2026\u00bb. La participation suppose l&#8217;acceptation de ces normes.<\/p>\n\n\n\n<p>Ces bases pourront \u00eatre modifie\u00e9s avant le 01\/07\/2026.<\/p>\n\n\n\n<p class=\"has-text-align-center\"><strong><a href=\"https:\/\/www.cesantmarti.com\/Internacional\/wp-content\/uploads\/2026\/01\/Bases-XXVI-Obert-Internacional-Sant-Marti-2026_FRANCES_definitivo.pdf\" target=\"_blank\" rel=\"noreferrer noopener\">T\u00c9L\u00c9CHARGER LE R\u00c8GLEMENT<\/a><\/strong><\/p>\n","protected":false},"excerpt":{"rendered":"<p>R\u00e8gles du tournoi XXVI\u00e8me OUVERT INTERNATIONAL SANT MART\u00cd 2026 Le tournoi est ouvert \u00e0 tous les joueurs ayant licence de la FIDE. S\u2019applique le syst\u00e8me suisse Hollandais en neuf (9) rondes, faisant servir le logiciel Swiss Manager. Le tournoi donne points dans le XXIIe Circuit Catalane d\u2019Ouverts Internationaux des \u00c9checs 2026 du FCdE. La r\u00e9glementation [&hellip;]<\/p>\n","protected":false},"author":1,"featured_media":0,"parent":0,"menu_order":0,"comment_status":"closed","ping_status":"closed","template":"","meta":{"_eb_attr":"","_uag_custom_page_level_css":"","site-sidebar-layout":"default","site-content-layout":"","ast-site-content-layout":"default","site-content-style":"default","site-sidebar-style":"default","ast-global-header-display":"","ast-banner-title-visibility":"","ast-main-header-display":"","ast-hfb-above-header-display":"","ast-hfb-below-header-display":"","ast-hfb-mobile-header-display":"","site-post-title":"disabled","ast-breadcrumbs-content":"","ast-featured-img":"","footer-sml-layout":"","ast-disable-related-posts":"","theme-transparent-header-meta":"","adv-header-id-meta":"","stick-header-meta":"","header-above-stick-meta":"","header-main-stick-meta":"","header-below-stick-meta":"","astra-migrate-meta-layouts":"set","ast-page-background-enabled":"default","ast-page-background-meta":{"desktop":{"background-color":"var(--ast-global-color-4)","background-image":"","background-repeat":"repeat","background-position":"center center","background-size":"auto","background-attachment":"scroll","background-type":"","background-media":"","overlay-type":"","overlay-color":"","overlay-opacity":"","overlay-gradient":""},"tablet":{"background-color":"","background-image":"","background-repeat":"repeat","background-position":"center center","background-size":"auto","background-attachment":"scroll","background-type":"","background-media":"","overlay-type":"","overlay-color":"","overlay-opacity":"","overlay-gradient":""},"mobile":{"background-color":"","background-image":"","background-repeat":"repeat","background-position":"center center","background-size":"auto","background-attachment":"scroll","background-type":"","background-media":"","overlay-type":"","overlay-color":"","overlay-opacity":"","overlay-gradient":""}},"ast-content-background-meta":{"desktop":{"background-color":"var(--ast-global-color-5)","background-image":"","background-repeat":"repeat","background-position":"center center","background-size":"auto","background-attachment":"scroll","background-type":"","background-media":"","overlay-type":"","overlay-color":"","overlay-opacity":"","overlay-gradient":""},"tablet":{"background-color":"var(--ast-global-color-5)","background-image":"","background-repeat":"repeat","background-position":"center center","background-size":"auto","background-attachment":"scroll","background-type":"","background-media":"","overlay-type":"","overlay-color":"","overlay-opacity":"","overlay-gradient":""},"mobile":{"background-color":"var(--ast-global-color-5)","background-image":"","background-repeat":"repeat","background-position":"center center","background-size":"auto","background-attachment":"scroll","background-type":"","background-media":"","overlay-type":"","overlay-color":"","overlay-opacity":"","overlay-gradient":""}},"iawp_total_views":897,"footnotes":""},"class_list":["post-252","page","type-page","status-publish","hentry"],"uagb_featured_image_src":{"full":false,"thumbnail":false,"medium":false,"medium_large":false,"large":false,"1536x1536":false,"2048x2048":false},"uagb_author_info":{"display_name":"Andreu","author_link":"https:\/\/www.cesantmarti.com\/Internacional\/author\/andres\/"},"uagb_comment_info":0,"uagb_excerpt":"R\u00e8gles du tournoi XXVI\u00e8me OUVERT INTERNATIONAL SANT MART\u00cd 2026 Le tournoi est ouvert \u00e0 tous les joueurs ayant licence de la FIDE. S\u2019applique le syst\u00e8me suisse Hollandais en neuf (9) rondes, faisant servir le logiciel Swiss Manager. Le tournoi donne points dans le XXIIe Circuit Catalane d\u2019Ouverts Internationaux des \u00c9checs 2026 du FCdE. La r\u00e9glementation&hellip;","_links":{"self":[{"href":"https:\/\/www.cesantmarti.com\/Internacional\/wp-json\/wp\/v2\/pages\/252","targetHints":{"allow":["GET"]}}],"collection":[{"href":"https:\/\/www.cesantmarti.com\/Internacional\/wp-json\/wp\/v2\/pages"}],"about":[{"href":"https:\/\/www.cesantmarti.com\/Internacional\/wp-json\/wp\/v2\/types\/page"}],"author":[{"embeddable":true,"href":"https:\/\/www.cesantmarti.com\/Internacional\/wp-json\/wp\/v2\/users\/1"}],"replies":[{"embeddable":true,"href":"https:\/\/www.cesantmarti.com\/Internacional\/wp-json\/wp\/v2\/comments?post=252"}],"version-history":[{"count":19,"href":"https:\/\/www.cesantmarti.com\/Internacional\/wp-json\/wp\/v2\/pages\/252\/revisions"}],"predecessor-version":[{"id":14209,"href":"https:\/\/www.cesantmarti.com\/Internacional\/wp-json\/wp\/v2\/pages\/252\/revisions\/14209"}],"wp:attachment":[{"href":"https:\/\/www.cesantmarti.com\/Internacional\/wp-json\/wp\/v2\/media?parent=252"}],"curies":[{"name":"wp","href":"https:\/\/api.w.org\/{rel}","templated":true}]}}