{"id":348,"date":"2023-03-11T12:15:23","date_gmt":"2023-03-11T11:15:23","guid":{"rendered":"https:\/\/www.cesantmarti.com\/Internacional\/?page_id=348"},"modified":"2026-01-28T09:25:39","modified_gmt":"2026-01-28T08:25:39","slug":"premios-cas","status":"publish","type":"page","link":"https:\/\/www.cesantmarti.com\/Internacional\/premios-cas\/","title":{"rendered":"Premios-cas"},"content":{"rendered":"\n<h3 class=\"wp-block-heading has-text-align-center\"><strong>9.030 EUROS<\/strong><\/h3>\n\n\n\n<figure class=\"wp-block-image size-full\"><img loading=\"lazy\" decoding=\"async\" width=\"2164\" height=\"1147\" src=\"https:\/\/www.cesantmarti.com\/Internacional\/wp-content\/uploads\/2026\/01\/Premios-castellano-2026-bis.jpg\" alt=\"\" class=\"wp-image-14248\" srcset=\"https:\/\/www.cesantmarti.com\/Internacional\/wp-content\/uploads\/2026\/01\/Premios-castellano-2026-bis.jpg 2164w, https:\/\/www.cesantmarti.com\/Internacional\/wp-content\/uploads\/2026\/01\/Premios-castellano-2026-bis-768x407.jpg 768w, https:\/\/www.cesantmarti.com\/Internacional\/wp-content\/uploads\/2026\/01\/Premios-castellano-2026-bis-1536x814.jpg 1536w, https:\/\/www.cesantmarti.com\/Internacional\/wp-content\/uploads\/2026\/01\/Premios-castellano-2026-bis-2048x1086.jpg 2048w\" sizes=\"auto, (max-width: 2164px) 100vw, 2164px\" \/><\/figure>\n\n\n\n<p><strong>Es obligatoria la asistencia de los jugadores premiados a la entrega de premios para recoger los premios correspondientes (ser\u00e1 indispensable presentar el DNI, NIE o pasaporte). Todos los premios se pagar\u00e1n descontando la retenci\u00f3n legal vigente.<\/strong> Los premios no se reparten ni se acumulan entre los empatados a puntos. No se puede acumular un premio de la clasificaci\u00f3n general y un tramo. Si a un jugador le corresponden dos premios incompatibles, la direcci\u00f3n del torneo le asignar\u00e1 el de m\u00e1s valor econ\u00f3mico y si fuesen del mismo valor, la direcci\u00f3n del torneo le asignar\u00e1 el que crea conveniente. Para determinar los premios de tramos se usar\u00e1 el elo FIDE, tanto en el grupo A como en el grupo B.<\/p>\n","protected":false},"excerpt":{"rendered":"<p>9.030 EUROS Es obligatoria la asistencia de los jugadores premiados a la entrega de premios para recoger los premios correspondientes (ser\u00e1 indispensable presentar el DNI, NIE o pasaporte). Todos los premios se pagar\u00e1n descontando la retenci\u00f3n legal vigente. Los premios no se reparten ni se acumulan entre los empatados a puntos. No se puede acumular [&hellip;]<\/p>\n","protected":false},"author":2,"featured_media":0,"parent":0,"menu_order":0,"comment_status":"closed","ping_status":"closed","template":"","meta":{"_eb_attr":"","_uag_custom_page_level_css":"","site-sidebar-layout":"default","site-content-layout":"","ast-site-content-layout":"default","site-content-style":"default","site-sidebar-style":"default","ast-global-header-display":"","ast-banner-title-visibility":"","ast-main-header-display":"","ast-hfb-above-header-display":"","ast-hfb-below-header-display":"","ast-hfb-mobile-header-display":"","site-post-title":"disabled","ast-breadcrumbs-content":"","ast-featured-img":"","footer-sml-layout":"","ast-disable-related-posts":"","theme-transparent-header-meta":"","adv-header-id-meta":"","stick-header-meta":"","header-above-stick-meta":"","header-main-stick-meta":"","header-below-stick-meta":"","astra-migrate-meta-layouts":"set","ast-page-background-enabled":"default","ast-page-background-meta":{"desktop":{"background-color":"var(--ast-global-color-4)","background-image":"","background-repeat":"repeat","background-position":"center center","background-size":"auto","background-attachment":"scroll","background-type":"","background-media":"","overlay-type":"","overlay-color":"","overlay-opacity":"","overlay-gradient":""},"tablet":{"background-color":"","background-image":"","background-repeat":"repeat","background-position":"center center","background-size":"auto","background-attachment":"scroll","background-type":"","background-media":"","overlay-type":"","overlay-color":"","overlay-opacity":"","overlay-gradient":""},"mobile":{"background-color":"","background-image":"","background-repeat":"repeat","background-position":"center center","background-size":"auto","background-attachment":"scroll","background-type":"","background-media":"","overlay-type":"","overlay-color":"","overlay-opacity":"","overlay-gradient":""}},"ast-content-background-meta":{"desktop":{"background-color":"var(--ast-global-color-5)","background-image":"","background-repeat":"repeat","background-position":"center center","background-size":"auto","background-attachment":"scroll","background-type":"","background-media":"","overlay-type":"","overlay-color":"","overlay-opacity":"","overlay-gradient":""},"tablet":{"background-color":"var(--ast-global-color-5)","background-image":"","background-repeat":"repeat","background-position":"center center","background-size":"auto","background-attachment":"scroll","background-type":"","background-media":"","overlay-type":"","overlay-color":"","overlay-opacity":"","overlay-gradient":""},"mobile":{"background-color":"var(--ast-global-color-5)","background-image":"","background-repeat":"repeat","background-position":"center center","background-size":"auto","background-attachment":"scroll","background-type":"","background-media":"","overlay-type":"","overlay-color":"","overlay-opacity":"","overlay-gradient":""}},"iawp_total_views":1008,"footnotes":""},"class_list":["post-348","page","type-page","status-publish","hentry"],"uagb_featured_image_src":{"full":false,"thumbnail":false,"medium":false,"medium_large":false,"large":false,"1536x1536":false,"2048x2048":false},"uagb_author_info":{"display_name":"Pablo Castillo","author_link":"https:\/\/www.cesantmarti.com\/Internacional\/author\/pablo\/"},"uagb_comment_info":0,"uagb_excerpt":"9.030 EUROS Es obligatoria la asistencia de los jugadores premiados a la entrega de premios para recoger los premios correspondientes (ser\u00e1 indispensable presentar el DNI, NIE o pasaporte). Todos los premios se pagar\u00e1n descontando la retenci\u00f3n legal vigente. Los premios no se reparten ni se acumulan entre los empatados a puntos. No se puede acumular&hellip;","_links":{"self":[{"href":"https:\/\/www.cesantmarti.com\/Internacional\/wp-json\/wp\/v2\/pages\/348","targetHints":{"allow":["GET"]}}],"collection":[{"href":"https:\/\/www.cesantmarti.com\/Internacional\/wp-json\/wp\/v2\/pages"}],"about":[{"href":"https:\/\/www.cesantmarti.com\/Internacional\/wp-json\/wp\/v2\/types\/page"}],"author":[{"embeddable":true,"href":"https:\/\/www.cesantmarti.com\/Internacional\/wp-json\/wp\/v2\/users\/2"}],"replies":[{"embeddable":true,"href":"https:\/\/www.cesantmarti.com\/Internacional\/wp-json\/wp\/v2\/comments?post=348"}],"version-history":[{"count":11,"href":"https:\/\/www.cesantmarti.com\/Internacional\/wp-json\/wp\/v2\/pages\/348\/revisions"}],"predecessor-version":[{"id":14252,"href":"https:\/\/www.cesantmarti.com\/Internacional\/wp-json\/wp\/v2\/pages\/348\/revisions\/14252"}],"wp:attachment":[{"href":"https:\/\/www.cesantmarti.com\/Internacional\/wp-json\/wp\/v2\/media?parent=348"}],"curies":[{"name":"wp","href":"https:\/\/api.w.org\/{rel}","templated":true}]}}