{"id":354,"date":"2023-03-11T12:17:01","date_gmt":"2023-03-11T11:17:01","guid":{"rendered":"https:\/\/www.cesantmarti.com\/Internacional\/?page_id=354"},"modified":"2026-01-28T09:26:37","modified_gmt":"2026-01-28T08:26:37","slug":"premis-cat-2","status":"publish","type":"page","link":"https:\/\/www.cesantmarti.com\/Internacional\/ca\/premis-cat-2\/","title":{"rendered":"Premis-cat"},"content":{"rendered":"\n<h3 class=\"wp-block-heading has-text-align-center\"><strong>9.030 EUROS<\/strong><\/h3>\n\n\n\n<figure class=\"wp-block-image alignfull size-full\"><img loading=\"lazy\" decoding=\"async\" width=\"2156\" height=\"1148\" src=\"https:\/\/www.cesantmarti.com\/Internacional\/wp-content\/uploads\/2026\/01\/Premios-catalan-2026-bis.jpg\" alt=\"\" class=\"wp-image-14249\" srcset=\"https:\/\/www.cesantmarti.com\/Internacional\/wp-content\/uploads\/2026\/01\/Premios-catalan-2026-bis.jpg 2156w, https:\/\/www.cesantmarti.com\/Internacional\/wp-content\/uploads\/2026\/01\/Premios-catalan-2026-bis-768x409.jpg 768w, https:\/\/www.cesantmarti.com\/Internacional\/wp-content\/uploads\/2026\/01\/Premios-catalan-2026-bis-1536x818.jpg 1536w, https:\/\/www.cesantmarti.com\/Internacional\/wp-content\/uploads\/2026\/01\/Premios-catalan-2026-bis-2048x1090.jpg 2048w\" sizes=\"auto, (max-width: 2156px) 100vw, 2156px\" \/><\/figure>\n\n\n\n<p><strong>\u00c9s obligat\u00f2ria l\u2019assist\u00e8ncia dels jugadors premiats a l\u2019entrega de premis per recollir els premis corresponents (hauran de portar el DNI, NIE o passaport). Tots els premis es pagaran descomptant la retenci\u00f3 legal vigent.<\/strong> Els premis no es reparteixen ni s\u2019acumulen entre els empatats a punts. No \u00e9s pot acumular un premi de la classificaci\u00f3 general i un tram. Si a un jugador n\u2019hi corresponen dos incompatibles, la direcci\u00f3 del torneig li assignar\u00e0 el de m\u00e9s valor econ\u00f2mic i si fossin del mateix valor econ\u00f2mic la direcci\u00f3 del torneig li assignar\u00e0 el que cregui convenient. Per determinar els premis dels trams es far\u00e0 servir l\u2019elo FIDE, tant al grup A com al grup B.<\/p>\n\n\n\n<p><\/p>\n","protected":false},"excerpt":{"rendered":"<p>9.030 EUROS \u00c9s obligat\u00f2ria l\u2019assist\u00e8ncia dels jugadors premiats a l\u2019entrega de premis per recollir els premis corresponents (hauran de portar el DNI, NIE o passaport). Tots els premis es pagaran descomptant la retenci\u00f3 legal vigent. Els premis no es reparteixen ni s\u2019acumulen entre els empatats a punts. No \u00e9s pot acumular un premi de la [&hellip;]<\/p>\n","protected":false},"author":2,"featured_media":0,"parent":0,"menu_order":0,"comment_status":"closed","ping_status":"closed","template":"","meta":{"_eb_attr":"","_uag_custom_page_level_css":"","site-sidebar-layout":"default","site-content-layout":"","ast-site-content-layout":"default","site-content-style":"default","site-sidebar-style":"default","ast-global-header-display":"","ast-banner-title-visibility":"","ast-main-header-display":"","ast-hfb-above-header-display":"","ast-hfb-below-header-display":"","ast-hfb-mobile-header-display":"","site-post-title":"disabled","ast-breadcrumbs-content":"","ast-featured-img":"","footer-sml-layout":"","ast-disable-related-posts":"","theme-transparent-header-meta":"","adv-header-id-meta":"","stick-header-meta":"","header-above-stick-meta":"","header-main-stick-meta":"","header-below-stick-meta":"","astra-migrate-meta-layouts":"set","ast-page-background-enabled":"default","ast-page-background-meta":{"desktop":{"background-color":"var(--ast-global-color-4)","background-image":"","background-repeat":"repeat","background-position":"center center","background-size":"auto","background-attachment":"scroll","background-type":"","background-media":"","overlay-type":"","overlay-color":"","overlay-opacity":"","overlay-gradient":""},"tablet":{"background-color":"","background-image":"","background-repeat":"repeat","background-position":"center center","background-size":"auto","background-attachment":"scroll","background-type":"","background-media":"","overlay-type":"","overlay-color":"","overlay-opacity":"","overlay-gradient":""},"mobile":{"background-color":"","background-image":"","background-repeat":"repeat","background-position":"center center","background-size":"auto","background-attachment":"scroll","background-type":"","background-media":"","overlay-type":"","overlay-color":"","overlay-opacity":"","overlay-gradient":""}},"ast-content-background-meta":{"desktop":{"background-color":"var(--ast-global-color-5)","background-image":"","background-repeat":"repeat","background-position":"center center","background-size":"auto","background-attachment":"scroll","background-type":"","background-media":"","overlay-type":"","overlay-color":"","overlay-opacity":"","overlay-gradient":""},"tablet":{"background-color":"var(--ast-global-color-5)","background-image":"","background-repeat":"repeat","background-position":"center center","background-size":"auto","background-attachment":"scroll","background-type":"","background-media":"","overlay-type":"","overlay-color":"","overlay-opacity":"","overlay-gradient":""},"mobile":{"background-color":"var(--ast-global-color-5)","background-image":"","background-repeat":"repeat","background-position":"center center","background-size":"auto","background-attachment":"scroll","background-type":"","background-media":"","overlay-type":"","overlay-color":"","overlay-opacity":"","overlay-gradient":""}},"iawp_total_views":157,"footnotes":""},"class_list":["post-354","page","type-page","status-publish","hentry"],"uagb_featured_image_src":{"full":false,"thumbnail":false,"medium":false,"medium_large":false,"large":false,"1536x1536":false,"2048x2048":false},"uagb_author_info":{"display_name":"Pablo Castillo","author_link":"https:\/\/www.cesantmarti.com\/Internacional\/author\/pablo\/"},"uagb_comment_info":0,"uagb_excerpt":"9.030 EUROS \u00c9s obligat\u00f2ria l\u2019assist\u00e8ncia dels jugadors premiats a l\u2019entrega de premis per recollir els premis corresponents (hauran de portar el DNI, NIE o passaport). Tots els premis es pagaran descomptant la retenci\u00f3 legal vigent. Els premis no es reparteixen ni s\u2019acumulen entre els empatats a punts. No \u00e9s pot acumular un premi de la&hellip;","_links":{"self":[{"href":"https:\/\/www.cesantmarti.com\/Internacional\/wp-json\/wp\/v2\/pages\/354","targetHints":{"allow":["GET"]}}],"collection":[{"href":"https:\/\/www.cesantmarti.com\/Internacional\/wp-json\/wp\/v2\/pages"}],"about":[{"href":"https:\/\/www.cesantmarti.com\/Internacional\/wp-json\/wp\/v2\/types\/page"}],"author":[{"embeddable":true,"href":"https:\/\/www.cesantmarti.com\/Internacional\/wp-json\/wp\/v2\/users\/2"}],"replies":[{"embeddable":true,"href":"https:\/\/www.cesantmarti.com\/Internacional\/wp-json\/wp\/v2\/comments?post=354"}],"version-history":[{"count":11,"href":"https:\/\/www.cesantmarti.com\/Internacional\/wp-json\/wp\/v2\/pages\/354\/revisions"}],"predecessor-version":[{"id":14253,"href":"https:\/\/www.cesantmarti.com\/Internacional\/wp-json\/wp\/v2\/pages\/354\/revisions\/14253"}],"wp:attachment":[{"href":"https:\/\/www.cesantmarti.com\/Internacional\/wp-json\/wp\/v2\/media?parent=354"}],"curies":[{"name":"wp","href":"https:\/\/api.w.org\/{rel}","templated":true}]}}