{"id":626,"date":"2023-03-15T12:56:26","date_gmt":"2023-03-15T11:56:26","guid":{"rendered":"https:\/\/www.cesantmarti.com\/Internacional\/?page_id=626"},"modified":"2026-01-31T14:43:17","modified_gmt":"2026-01-31T13:43:17","slug":"bases-blitz-fra","status":"publish","type":"page","link":"https:\/\/www.cesantmarti.com\/Internacional\/fr\/bases-blitz-fra\/","title":{"rendered":"Bases Blitz-fra"},"content":{"rendered":"\n<figure class=\"wp-block-image aligncenter size-full is-resized\"><img loading=\"lazy\" decoding=\"async\" width=\"1810\" height=\"2560\" src=\"https:\/\/www.cesantmarti.com\/Internacional\/wp-content\/uploads\/2026\/01\/Cartel-XXVI-Obert-Blitz-Sant-Marti-2026_Posters-y-dipticos-1-scaled.jpg\" alt=\"\" class=\"wp-image-14307\" style=\"width:750px\" srcset=\"https:\/\/www.cesantmarti.com\/Internacional\/wp-content\/uploads\/2026\/01\/Cartel-XXVI-Obert-Blitz-Sant-Marti-2026_Posters-y-dipticos-1-scaled.jpg 1810w, https:\/\/www.cesantmarti.com\/Internacional\/wp-content\/uploads\/2026\/01\/Cartel-XXVI-Obert-Blitz-Sant-Marti-2026_Posters-y-dipticos-1-768x1086.jpg 768w, https:\/\/www.cesantmarti.com\/Internacional\/wp-content\/uploads\/2026\/01\/Cartel-XXVI-Obert-Blitz-Sant-Marti-2026_Posters-y-dipticos-1-1086x1536.jpg 1086w, https:\/\/www.cesantmarti.com\/Internacional\/wp-content\/uploads\/2026\/01\/Cartel-XXVI-Obert-Blitz-Sant-Marti-2026_Posters-y-dipticos-1-1448x2048.jpg 1448w\" sizes=\"auto, (max-width: 1810px) 100vw, 1810px\" \/><\/figure>\n\n\n\n<h3 class=\"wp-block-heading has-text-align-center\"><strong><em>Regles du tournoi XXVI\u00e8me OUVERT BLITZ SANT MART\u00cd&nbsp;2026<\/em><\/strong><\/h3>\n\n\n\n<p><strong>Le tournoi est ouvert \u00e0 la participation de tout joueur poss\u00e9dant une licence FIDE valide.<\/strong> Le lieu de comp\u00e9tition sera le Centro C\u00edvico Sant Mart\u00ed: rue Selva de Mar 215 \u00e0 Barcelone.<\/p>\n\n\n\n<p><strong>Valable pour le blitz FIDE elo et le rapide catalan elo. <\/strong>Les inscriptions seront ouvertes jusqu&#8217;au jour du match, le samedi 18 juillet 2026 \u00e0 9h30, une demi-heure avant le d\u00e9but du tournoi.<\/p>\n\n\n\n<p><strong>L&#8217;inscription est gratuite pour les participants au XXVIe Obert Internacional Sant Mart\u00ed 2026 et co\u00fbte 10\u20ac pour les autres participants.<\/strong><\/p>\n\n\n\n<p>Pour vous inscrire, vous pouvez le faire par email \u00e0 <a href=\"mailto:escacs@cesantmarti.com\">escacs@cesantmarti.com<\/a> ou <a href=\"mailto:cesantmarti@gmail.com\">cesantmarti@gmail.com<\/a>, par le biais du formulaire d&#8217;inscription sur le web (<a href=\"http:\/\/www.cesantmarti.com\/Internacional\/\">www.cesantmarti.com\/Internacional\/<\/a>) ou par t\u00e9l\u00e9phone au 676204833 de 9h \u00e0 22h jusqu&#8217;au 17 juillet 2026 en indiquant le nom, le club et le tournoi que vous voulez inscrire.<\/p>\n\n\n\n<p>Le tournoi se d\u00e9roulera le samedi 18\/07\/2026 \u00e0 partir de 10:00h. Il se jouera en syst\u00e8me suisse en 9 rondes avec une cadence de 3&#8242; +2\u00bb par coup jou\u00e9.<\/p>\n\n\n\n<p>Pour le classement initial, on utilisera d&#8217;abord l&#8217;elo FIDE, puis l&#8217;elo catalan.<\/p>\n\n\n\n<p>Tout joueur qui ne se pr\u00e9sente pas \u00e0 un tour sans motif valable est \u00e9limin\u00e9. Le temps de pr\u00e9sentation est calcul\u00e9 jusqu&#8217;\u00e0 ce que le drapeau du joueur tombe.<\/p>\n\n\n\n<p>Le logiciel SWISS MANAGER sera utilis\u00e9 pour les appariements. <strong>L&#8217;ordre des bris d&#8217;\u00e9galit\u00e9 suivants sera tir\u00e9 au sort apr\u00e8s la fin du dernier tour du tournoi:<\/strong><\/p>\n\n\n\n<ul class=\"wp-block-list\">\n<li><strong>Bucholz Total (BH)<\/strong><\/li>\n\n\n\n<li><strong>Bucholz Moyen (BH-M1)<\/strong><\/li>\n\n\n\n<li><strong>Si les joueurs sont toujours \u00e0 \u00e9galit\u00e9, les crit\u00e8res de d\u00e9partage suivants seront utilis\u00e9s dans cet ordre: 3) Performance du tournoi (TPR), 4) Nombre de victoires (WIN) y 5) Rencontre directe (DE). En cas d&#8217;\u00e9galit\u00e9, un tirage au sort.<\/strong><\/li>\n<\/ul>\n\n\n\n<p>Le tournoi est r\u00e9gi par les r\u00e8glements de la FCdE, de la FEDA et de la FIDE. Les d\u00e9cisions des arbitres sont sans appel.<\/p>\n\n\n\n<p>Les prix seront les suivants :<\/p>\n\n\n\n<ol class=\"wp-block-list\">\n<li>Troph\u00e9e pour les trois meilleurs joueurs absolus.<\/li>\n\n\n\n<li>Troph\u00e9e pour le meilleur joueur du C.E. Sant Mart\u00ed.<\/li>\n\n\n\n<li>Troph\u00e9es pour le 1er de ces sections : jusqu&#8217;\u00e0 1649, 1650-1799, 1800-1949, 1950-2099 et 2100-2200.<\/li>\n\n\n\n<li>Troph\u00e9e du meilleur v\u00e9t\u00e9ran +60 (n\u00e9 avant le 31\/12\/1966).<\/li>\n\n\n\n<li>Troph\u00e9e pour le meilleur U18 (n\u00e9 apr\u00e8s le 01\/01\/2008).<\/li>\n<\/ol>\n\n\n\n<p><strong>Les prix de section ne sont pas cumulables avec les prix g\u00e9n\u00e9raux. Les tranches d&#8217;ELO seront bas\u00e9es sur l&#8217;ELO FIDE actuel du joueur.<\/strong><\/p>\n\n\n\n<p><strong>La c\u00e9r\u00e9monie de remise des prix aura lieu le 18 juillet 2026 vers 13h00, \u00e0 la fin du tournoi.<\/strong><\/p>\n\n\n\n<p>Les organisateurs se r\u00e9servent le droit d&#8217;accepter et\/ou d&#8217;annuler toute inscription. Il est interdit de fumer dans la salle de jeu, y compris les cigarettes \u00e9lectroniques, analogues et\/ou substituts, <strong>ainsi que d&#8217;utiliser des t\u00e9l\u00e9phones portables ou tout autre dispositif de communication \u00e9lectronique, passif ou actif, conform\u00e9ment aux r\u00e8glements de la FIDE.<\/strong> Les participants autorisent \u00e0 \u00eatre enregistr\u00e9s et\/ou photographi\u00e9s \u00e0 des fins d&#8217;information et\/ou de promotion des tournois de l&#8217;organisation et des tournois futurs.<\/p>\n\n\n\n<p>La direction du tournoi peut apporter toute modification qu&#8217;elle juge utile au bon d\u00e9roulement du tournoi sans pr\u00e9avis. La participation au tournoi implique l&#8217;acceptation du pr\u00e9sent r\u00e8glement. L&#8217;organisation se r\u00e9serve le droit d&#8217;admission.<\/p>\n\n\n\n<p>Ces bases pourront \u00eatre modifie\u00e9s avant le 01\/07\/2026.<\/p>\n\n\n\n<p class=\"has-text-align-center\"><strong><a href=\"https:\/\/www.cesantmarti.com\/Internacional\/wp-content\/uploads\/2026\/01\/Bases-XXVI-Obert-Blitz-Sant-Marti-2026_FRANCES.pdf\" target=\"_blank\" rel=\"noreferrer noopener\">T\u00c9L\u00c9CHARGER LE R\u00c8GLEMENT<\/a><\/strong><\/p>\n","protected":false},"excerpt":{"rendered":"<p>Regles du tournoi XXVI\u00e8me OUVERT BLITZ SANT MART\u00cd&nbsp;2026 Le tournoi est ouvert \u00e0 la participation de tout joueur poss\u00e9dant une licence FIDE valide. Le lieu de comp\u00e9tition sera le Centro C\u00edvico Sant Mart\u00ed: rue Selva de Mar 215 \u00e0 Barcelone. Valable pour le blitz FIDE elo et le rapide catalan elo. Les inscriptions seront ouvertes [&hellip;]<\/p>\n","protected":false},"author":2,"featured_media":0,"parent":0,"menu_order":0,"comment_status":"closed","ping_status":"closed","template":"","meta":{"_eb_attr":"","_uag_custom_page_level_css":"","site-sidebar-layout":"default","site-content-layout":"","ast-site-content-layout":"default","site-content-style":"default","site-sidebar-style":"default","ast-global-header-display":"","ast-banner-title-visibility":"","ast-main-header-display":"","ast-hfb-above-header-display":"","ast-hfb-below-header-display":"","ast-hfb-mobile-header-display":"","site-post-title":"disabled","ast-breadcrumbs-content":"","ast-featured-img":"","footer-sml-layout":"","ast-disable-related-posts":"","theme-transparent-header-meta":"","adv-header-id-meta":"","stick-header-meta":"","header-above-stick-meta":"","header-main-stick-meta":"","header-below-stick-meta":"","astra-migrate-meta-layouts":"set","ast-page-background-enabled":"default","ast-page-background-meta":{"desktop":{"background-color":"var(--ast-global-color-4)","background-image":"","background-repeat":"repeat","background-position":"center center","background-size":"auto","background-attachment":"scroll","background-type":"","background-media":"","overlay-type":"","overlay-color":"","overlay-opacity":"","overlay-gradient":""},"tablet":{"background-color":"","background-image":"","background-repeat":"repeat","background-position":"center center","background-size":"auto","background-attachment":"scroll","background-type":"","background-media":"","overlay-type":"","overlay-color":"","overlay-opacity":"","overlay-gradient":""},"mobile":{"background-color":"","background-image":"","background-repeat":"repeat","background-position":"center center","background-size":"auto","background-attachment":"scroll","background-type":"","background-media":"","overlay-type":"","overlay-color":"","overlay-opacity":"","overlay-gradient":""}},"ast-content-background-meta":{"desktop":{"background-color":"var(--ast-global-color-5)","background-image":"","background-repeat":"repeat","background-position":"center center","background-size":"auto","background-attachment":"scroll","background-type":"","background-media":"","overlay-type":"","overlay-color":"","overlay-opacity":"","overlay-gradient":""},"tablet":{"background-color":"var(--ast-global-color-5)","background-image":"","background-repeat":"repeat","background-position":"center center","background-size":"auto","background-attachment":"scroll","background-type":"","background-media":"","overlay-type":"","overlay-color":"","overlay-opacity":"","overlay-gradient":""},"mobile":{"background-color":"var(--ast-global-color-5)","background-image":"","background-repeat":"repeat","background-position":"center center","background-size":"auto","background-attachment":"scroll","background-type":"","background-media":"","overlay-type":"","overlay-color":"","overlay-opacity":"","overlay-gradient":""}},"iawp_total_views":57,"footnotes":""},"class_list":["post-626","page","type-page","status-publish","hentry"],"uagb_featured_image_src":{"full":false,"thumbnail":false,"medium":false,"medium_large":false,"large":false,"1536x1536":false,"2048x2048":false},"uagb_author_info":{"display_name":"Pablo Castillo","author_link":"https:\/\/www.cesantmarti.com\/Internacional\/author\/pablo\/"},"uagb_comment_info":0,"uagb_excerpt":"Regles du tournoi XXVI\u00e8me OUVERT BLITZ SANT MART\u00cd&nbsp;2026 Le tournoi est ouvert \u00e0 la participation de tout joueur poss\u00e9dant une licence FIDE valide. Le lieu de comp\u00e9tition sera le Centro C\u00edvico Sant Mart\u00ed: rue Selva de Mar 215 \u00e0 Barcelone. Valable pour le blitz FIDE elo et le rapide catalan elo. Les inscriptions seront ouvertes&hellip;","_links":{"self":[{"href":"https:\/\/www.cesantmarti.com\/Internacional\/wp-json\/wp\/v2\/pages\/626","targetHints":{"allow":["GET"]}}],"collection":[{"href":"https:\/\/www.cesantmarti.com\/Internacional\/wp-json\/wp\/v2\/pages"}],"about":[{"href":"https:\/\/www.cesantmarti.com\/Internacional\/wp-json\/wp\/v2\/types\/page"}],"author":[{"embeddable":true,"href":"https:\/\/www.cesantmarti.com\/Internacional\/wp-json\/wp\/v2\/users\/2"}],"replies":[{"embeddable":true,"href":"https:\/\/www.cesantmarti.com\/Internacional\/wp-json\/wp\/v2\/comments?post=626"}],"version-history":[{"count":11,"href":"https:\/\/www.cesantmarti.com\/Internacional\/wp-json\/wp\/v2\/pages\/626\/revisions"}],"predecessor-version":[{"id":14326,"href":"https:\/\/www.cesantmarti.com\/Internacional\/wp-json\/wp\/v2\/pages\/626\/revisions\/14326"}],"wp:attachment":[{"href":"https:\/\/www.cesantmarti.com\/Internacional\/wp-json\/wp\/v2\/media?parent=626"}],"curies":[{"name":"wp","href":"https:\/\/api.w.org\/{rel}","templated":true}]}}